{"id":3333,"date":"2023-04-27T13:52:22","date_gmt":"2023-04-27T18:52:22","guid":{"rendered":"https:\/\/manrent.com.mx\/?post_type=product&#038;p=3333"},"modified":"2023-04-27T13:57:31","modified_gmt":"2023-04-27T18:57:31","slug":"trituradora-xa-400","status":"publish","type":"product","link":"https:\/\/manrent.com.mx\/?product=trituradora-xa-400","title":{"rendered":"Trituradora XA-400"},"content":{"rendered":"<p>MARCA TEREX<\/p>\n<p>Modelo XA-400<\/p>\n<p>&nbsp;<\/p>\n<p>Aumento de 50 mm. en la abertura respecto a la XA400. Abertura de alimentaci\u00f3n ahora 1100 mm. x 700 mm.<\/p>\n<p>\u2022Disposici\u00f3n revisada del eje exc\u00e9ntrico para reducir las tensiones.<\/p>\n<p>\u2022Retenci\u00f3n mejorada de los recubrimientos de manganeso para dar protecci\u00f3n a los soportes de las mand\u00edbulas, tanto la fija como la m\u00f3vil.<\/p>\n<p>\u2022Canaleta de finos m\u00e1s profunda para reducir los bloqueos.<\/p>\n<p>\u2022Ubicaci\u00f3n mejorada de la canaleta de alimentaci\u00f3n a la machacadora.<\/p>\n<p>\u2022Protecciones del accionamiento y bisagras de mayor resistencia.<\/p>\n<p>\u2022Se puede alcanzar una capacidad de planta de 400 toneladas por hora.<\/p>\n<p>\u2022Consumo muy bajo de combustible, t\u00edpicamente s\u00f3lo 22 litros\/hora seg\u00fan la aplicaci\u00f3n, debido a la alta eficiencia del sistema de transmisi\u00f3n directa HFO.<\/p>\n<p>\u2022Excelente acceso bajo el triturador para retirar los alambres con el sistema de transportador inclinable.<\/p>\n<p>\u2022Transportador de producto de 3,9 m. de altura que se puede bajar f\u00e1cilmente para el transporte.<\/p>\n<p>\u2022Producci\u00f3n muy elevada con el rendimiento del renombrado triturador Pegson.<\/p>\n<p>\u2022Acci\u00f3n agresiva de trituraci\u00f3n, con mand\u00edbula de gran desplazamiento que favorece la entrada del material en la c\u00e1mara de trituraci\u00f3n.<\/p>\n<p>\u2022Ajuste hidr\u00e1ulico de la configuraci\u00f3n de la trituradora.<\/p>\n<p>\u2022Los cambios de aceite y filtro s\u00f3lo son necesarios cada 2.000 horas.<\/p>\n<p>\u2022Criba de barras con opci\u00f3n de tamiz bajo la alimentaci\u00f3n.<\/p>\n<p>\u2022Tolva de alimentaci\u00f3n de Hardox para servicio pesado, de 15 mm.<\/p>\n<p>\u2022Tolva de alimentaci\u00f3n plegable hidr\u00e1ulicamente, con sistema de fijaci\u00f3n por cu\u00f1as.<\/p>\n<p>\u2022Cubierta de f\u00e1cil acceso para la unidad motriz.<\/p>\n<p>\u2022Sistema de control por PLC con posibilidad de arranque autom\u00e1tico.<\/p>\n<p>\u2022Excelente sistema de acceso al accionamiento.<\/p>\n<p>\u2022Transportador de residuos opcional, im\u00e1n y radiocontrol remoto<\/p>\n","protected":false},"excerpt":{"rendered":"<p>MARCA TEREX Modelo XA-400 &nbsp; Aumento de 50 mm. en la abertura respecto a la XA400. Abertura de alimentaci\u00f3n ahora 1100 mm. x 700 mm. \u2022Disposici\u00f3n revisada del eje exc\u00e9ntrico para reducir las tensiones. \u2022Retenci\u00f3n mejorada de los recubrimientos de manganeso para dar protecci\u00f3n a los soportes de las mand\u00edbulas, tanto la fija como la [&hellip;]<\/p>\n","protected":false},"featured_media":3334,"comment_status":"open","ping_status":"closed","template":"","meta":{"_eb_attr":"","site-sidebar-layout":"right-sidebar","site-content-layout":"default","ast-site-content-layout":"","site-content-style":"default","site-sidebar-style":"default","ast-global-header-display":"","ast-banner-title-visibility":"","ast-main-header-display":"","ast-hfb-above-header-display":"","ast-hfb-below-header-display":"","ast-hfb-mobile-header-display":"","site-post-title":"","ast-breadcrumbs-content":"","ast-featured-img":"","footer-sml-layout":"","theme-transparent-header-meta":"default","adv-header-id-meta":"","stick-header-meta":"","header-above-stick-meta":"","header-main-stick-meta":"","header-below-stick-meta":"","astra-migrate-meta-layouts":"default","ast-page-background-enabled":"default","ast-page-background-meta":{"desktop":{"background-color":"","background-image":"","background-repeat":"repeat","background-position":"center center","background-size":"auto","background-attachment":"scroll","background-type":"","background-media":"","overlay-type":"","overlay-color":"","overlay-opacity":"","overlay-gradient":""},"tablet":{"background-color":"","background-image":"","background-repeat":"repeat","background-position":"center center","background-size":"auto","background-attachment":"scroll","background-type":"","background-media":"","overlay-type":"","overlay-color":"","overlay-opacity":"","overlay-gradient":""},"mobile":{"background-color":"","background-image":"","background-repeat":"repeat","background-position":"center center","background-size":"auto","background-attachment":"scroll","background-type":"","background-media":"","overlay-type":"","overlay-color":"","overlay-opacity":"","overlay-gradient":""}},"ast-content-background-meta":{"desktop":{"background-color":"var(--ast-global-color-5)","background-image":"","background-repeat":"repeat","background-position":"center center","background-size":"auto","background-attachment":"scroll","background-type":"","background-media":"","overlay-type":"","overlay-color":"","overlay-opacity":"","overlay-gradient":""},"tablet":{"background-color":"var(--ast-global-color-5)","background-image":"","background-repeat":"repeat","background-position":"center center","background-size":"auto","background-attachment":"scroll","background-type":"","background-media":"","overlay-type":"","overlay-color":"","overlay-opacity":"","overlay-gradient":""},"mobile":{"background-color":"var(--ast-global-color-5)","background-image":"","background-repeat":"repeat","background-position":"center center","background-size":"auto","background-attachment":"scroll","background-type":"","background-media":"","overlay-type":"","overlay-color":"","overlay-opacity":"","overlay-gradient":""}},"_joinchat":[]},"product_cat":[49],"product_tag":[68,23,153,154],"yoast_head":"<!-- This site is optimized with the Yoast SEO plugin v21.8.1 - https:\/\/yoast.com\/wordpress\/plugins\/seo\/ -->\n<title>Trituradora XA-400 - MANRENT<\/title>\n<meta name=\"robots\" content=\"index, follow, max-snippet:-1, max-image-preview:large, max-video-preview:-1\" \/>\n<link rel=\"canonical\" href=\"https:\/\/manrent.com.mx\/?product=trituradora-xa-400\" \/>\n<meta property=\"og:locale\" content=\"es_MX\" \/>\n<meta property=\"og:type\" content=\"article\" \/>\n<meta property=\"og:title\" content=\"Trituradora XA-400 - MANRENT\" \/>\n<meta property=\"og:description\" content=\"MARCA TEREX Modelo XA-400 &nbsp; Aumento de 50 mm. en la abertura respecto a la XA400. Abertura de alimentaci\u00f3n ahora 1100 mm. x 700 mm. \u2022Disposici\u00f3n revisada del eje exc\u00e9ntrico para reducir las tensiones. \u2022Retenci\u00f3n mejorada de los recubrimientos de manganeso para dar protecci\u00f3n a los soportes de las mand\u00edbulas, tanto la fija como la [&hellip;]\" \/>\n<meta property=\"og:url\" content=\"https:\/\/manrent.com.mx\/?product=trituradora-xa-400\" \/>\n<meta property=\"og:site_name\" content=\"MANRENT\" \/>\n<meta property=\"article:modified_time\" content=\"2023-04-27T18:57:31+00:00\" \/>\n<meta property=\"og:image\" content=\"https:\/\/manrent.com.mx\/wp-content\/uploads\/2023\/04\/trituradora-XA-400.png\" \/>\n\t<meta property=\"og:image:width\" content=\"1018\" \/>\n\t<meta property=\"og:image:height\" content=\"804\" \/>\n\t<meta property=\"og:image:type\" content=\"image\/png\" \/>\n<meta name=\"twitter:card\" content=\"summary_large_image\" \/>\n<meta name=\"twitter:label1\" content=\"Tiempo de lectura\" \/>\n\t<meta name=\"twitter:data1\" content=\"2 minutos\" \/>\n<script type=\"application\/ld+json\" class=\"yoast-schema-graph\">{\"@context\":\"https:\/\/schema.org\",\"@graph\":[{\"@type\":\"WebPage\",\"@id\":\"https:\/\/manrent.com.mx\/?product=trituradora-xa-400\",\"url\":\"https:\/\/manrent.com.mx\/?product=trituradora-xa-400\",\"name\":\"Trituradora XA-400 - MANRENT\",\"isPartOf\":{\"@id\":\"https:\/\/manrent.com.mx\/#website\"},\"datePublished\":\"2023-04-27T18:52:22+00:00\",\"dateModified\":\"2023-04-27T18:57:31+00:00\",\"breadcrumb\":{\"@id\":\"https:\/\/manrent.com.mx\/?product=trituradora-xa-400#breadcrumb\"},\"inLanguage\":\"es-MX\",\"potentialAction\":[{\"@type\":\"ReadAction\",\"target\":[\"https:\/\/manrent.com.mx\/?product=trituradora-xa-400\"]}]},{\"@type\":\"BreadcrumbList\",\"@id\":\"https:\/\/manrent.com.mx\/?product=trituradora-xa-400#breadcrumb\",\"itemListElement\":[{\"@type\":\"ListItem\",\"position\":1,\"name\":\"Inicio\",\"item\":\"https:\/\/manrent.com.mx\/\"},{\"@type\":\"ListItem\",\"position\":2,\"name\":\"Cat\u00e1logo de Productos\",\"item\":\"https:\/\/manrent.com.mx\/?page_id=3037\"},{\"@type\":\"ListItem\",\"position\":3,\"name\":\"Trituradora XA-400\"}]},{\"@type\":\"WebSite\",\"@id\":\"https:\/\/manrent.com.mx\/#website\",\"url\":\"https:\/\/manrent.com.mx\/\",\"name\":\"MANRENT\",\"description\":\"Renta de Maquinaria Pesada y Equipo\",\"publisher\":{\"@id\":\"https:\/\/manrent.com.mx\/#organization\"},\"potentialAction\":[{\"@type\":\"SearchAction\",\"target\":{\"@type\":\"EntryPoint\",\"urlTemplate\":\"https:\/\/manrent.com.mx\/?s={search_term_string}\"},\"query-input\":\"required name=search_term_string\"}],\"inLanguage\":\"es-MX\"},{\"@type\":\"Organization\",\"@id\":\"https:\/\/manrent.com.mx\/#organization\",\"name\":\"Manrent\",\"url\":\"https:\/\/manrent.com.mx\/\",\"logo\":{\"@type\":\"ImageObject\",\"inLanguage\":\"es-MX\",\"@id\":\"https:\/\/manrent.com.mx\/#\/schema\/logo\/image\/\",\"url\":\"https:\/\/manrent.com.mx\/wp-content\/uploads\/2020\/12\/LOGO-SIN-FONDO-NUEVO-2.png\",\"contentUrl\":\"https:\/\/manrent.com.mx\/wp-content\/uploads\/2020\/12\/LOGO-SIN-FONDO-NUEVO-2.png\",\"width\":262,\"height\":168,\"caption\":\"Manrent\"},\"image\":{\"@id\":\"https:\/\/manrent.com.mx\/#\/schema\/logo\/image\/\"}}]}<\/script>\n<!-- \/ Yoast SEO plugin. -->","yoast_head_json":{"title":"Trituradora XA-400 - MANRENT","robots":{"index":"index","follow":"follow","max-snippet":"max-snippet:-1","max-image-preview":"max-image-preview:large","max-video-preview":"max-video-preview:-1"},"canonical":"https:\/\/manrent.com.mx\/?product=trituradora-xa-400","og_locale":"es_MX","og_type":"article","og_title":"Trituradora XA-400 - MANRENT","og_description":"MARCA TEREX Modelo XA-400 &nbsp; Aumento de 50 mm. en la abertura respecto a la XA400. Abertura de alimentaci\u00f3n ahora 1100 mm. x 700 mm. \u2022Disposici\u00f3n revisada del eje exc\u00e9ntrico para reducir las tensiones. \u2022Retenci\u00f3n mejorada de los recubrimientos de manganeso para dar protecci\u00f3n a los soportes de las mand\u00edbulas, tanto la fija como la [&hellip;]","og_url":"https:\/\/manrent.com.mx\/?product=trituradora-xa-400","og_site_name":"MANRENT","article_modified_time":"2023-04-27T18:57:31+00:00","og_image":[{"width":1018,"height":804,"url":"https:\/\/manrent.com.mx\/wp-content\/uploads\/2023\/04\/trituradora-XA-400.png","type":"image\/png"}],"twitter_card":"summary_large_image","twitter_misc":{"Tiempo de lectura":"2 minutos"},"schema":{"@context":"https:\/\/schema.org","@graph":[{"@type":"WebPage","@id":"https:\/\/manrent.com.mx\/?product=trituradora-xa-400","url":"https:\/\/manrent.com.mx\/?product=trituradora-xa-400","name":"Trituradora XA-400 - MANRENT","isPartOf":{"@id":"https:\/\/manrent.com.mx\/#website"},"datePublished":"2023-04-27T18:52:22+00:00","dateModified":"2023-04-27T18:57:31+00:00","breadcrumb":{"@id":"https:\/\/manrent.com.mx\/?product=trituradora-xa-400#breadcrumb"},"inLanguage":"es-MX","potentialAction":[{"@type":"ReadAction","target":["https:\/\/manrent.com.mx\/?product=trituradora-xa-400"]}]},{"@type":"BreadcrumbList","@id":"https:\/\/manrent.com.mx\/?product=trituradora-xa-400#breadcrumb","itemListElement":[{"@type":"ListItem","position":1,"name":"Inicio","item":"https:\/\/manrent.com.mx\/"},{"@type":"ListItem","position":2,"name":"Cat\u00e1logo de Productos","item":"https:\/\/manrent.com.mx\/?page_id=3037"},{"@type":"ListItem","position":3,"name":"Trituradora XA-400"}]},{"@type":"WebSite","@id":"https:\/\/manrent.com.mx\/#website","url":"https:\/\/manrent.com.mx\/","name":"MANRENT","description":"Renta de Maquinaria Pesada y Equipo","publisher":{"@id":"https:\/\/manrent.com.mx\/#organization"},"potentialAction":[{"@type":"SearchAction","target":{"@type":"EntryPoint","urlTemplate":"https:\/\/manrent.com.mx\/?s={search_term_string}"},"query-input":"required name=search_term_string"}],"inLanguage":"es-MX"},{"@type":"Organization","@id":"https:\/\/manrent.com.mx\/#organization","name":"Manrent","url":"https:\/\/manrent.com.mx\/","logo":{"@type":"ImageObject","inLanguage":"es-MX","@id":"https:\/\/manrent.com.mx\/#\/schema\/logo\/image\/","url":"https:\/\/manrent.com.mx\/wp-content\/uploads\/2020\/12\/LOGO-SIN-FONDO-NUEVO-2.png","contentUrl":"https:\/\/manrent.com.mx\/wp-content\/uploads\/2020\/12\/LOGO-SIN-FONDO-NUEVO-2.png","width":262,"height":168,"caption":"Manrent"},"image":{"@id":"https:\/\/manrent.com.mx\/#\/schema\/logo\/image\/"}}]}},"jetpack_sharing_enabled":true,"_links":{"self":[{"href":"https:\/\/manrent.com.mx\/index.php?rest_route=\/wp\/v2\/product\/3333"}],"collection":[{"href":"https:\/\/manrent.com.mx\/index.php?rest_route=\/wp\/v2\/product"}],"about":[{"href":"https:\/\/manrent.com.mx\/index.php?rest_route=\/wp\/v2\/types\/product"}],"replies":[{"embeddable":true,"href":"https:\/\/manrent.com.mx\/index.php?rest_route=%2Fwp%2Fv2%2Fcomments&post=3333"}],"version-history":[{"count":1,"href":"https:\/\/manrent.com.mx\/index.php?rest_route=\/wp\/v2\/product\/3333\/revisions"}],"predecessor-version":[{"id":3335,"href":"https:\/\/manrent.com.mx\/index.php?rest_route=\/wp\/v2\/product\/3333\/revisions\/3335"}],"wp:featuredmedia":[{"embeddable":true,"href":"https:\/\/manrent.com.mx\/index.php?rest_route=\/wp\/v2\/media\/3334"}],"wp:attachment":[{"href":"https:\/\/manrent.com.mx\/index.php?rest_route=%2Fwp%2Fv2%2Fmedia&parent=3333"}],"wp:term":[{"taxonomy":"product_cat","embeddable":true,"href":"https:\/\/manrent.com.mx\/index.php?rest_route=%2Fwp%2Fv2%2Fproduct_cat&post=3333"},{"taxonomy":"product_tag","embeddable":true,"href":"https:\/\/manrent.com.mx\/index.php?rest_route=%2Fwp%2Fv2%2Fproduct_tag&post=3333"}],"curies":[{"name":"wp","href":"https:\/\/api.w.org\/{rel}","templated":true}]}}