{"id":3275,"date":"2023-04-24T15:25:55","date_gmt":"2023-04-24T20:25:55","guid":{"rendered":"https:\/\/manrent.com.mx\/?post_type=product&#038;p=3275"},"modified":"2023-04-26T18:27:08","modified_gmt":"2023-04-26T23:27:08","slug":"tractor-sobre-orugas-d7h","status":"publish","type":"product","link":"https:\/\/manrent.com.mx\/?product=tractor-sobre-orugas-d7h","title":{"rendered":"Tractor sobre Orugas D7H"},"content":{"rendered":"<p>MARCA CATERPILLAR<\/p>\n<p>Modelo D7H<\/p>\n<p>&nbsp;<\/p>\n<p>Tren de rodaje<br \/>\nPresi\u00f3n especifica sobre el suelo: 76.2 kPa<br \/>\n\u00c1rea de contacto con el suelo: 2.9 m2<br \/>\nTama\u00f1o de una zapata est\u00e1ndar: 510 mm<br \/>\nN\u00famero de zapatas de un lado: 40<br \/>\nN\u00famero de cojinetes a cada lado: 7<br \/>\nAncho de v\u00eda 1981 mm<\/p>\n<p>Transmisi\u00f3n<br \/>\nTipo de transmisi\u00f3n transmisi\u00f3n planetaria con cambio de fuerza de velocidades<br \/>\nN\u00famero de marchas adelante: 3<br \/>\nN\u00famero de marchas atr\u00e1s: 3<br \/>\nVelocidad m\u00e1xima hacia adelante: 11.9 km\/h<br \/>\nVelocidad m\u00e1xima marcha atr\u00e1s: 14.3 km\/hSistema hidr\u00e1ulico<br \/>\nPresi\u00f3n de la v\u00e1lvula de regulaci\u00f3n: 22752.7 kPa<br \/>\nCapacidad de la bomba: 175 l\/minMotor<br \/>\nFabricante Caterpillar<br \/>\nModelo: 3306<br \/>\nPotencia total: 172.3 kW<br \/>\nPotencia efectiva: 160.3 kW<br \/>\nPotencia medida en 2100 RPM.<br \/>\nCilindrada: 10.5 l.<br \/>\nAspiraci\u00f3n Turboalimentaci\u00f3n<br \/>\nN\u00famero de cilindros 6 Explotaci\u00f3n<br \/>\nPeso \u00fatil: 23647.6 kg<br \/>\nVolumen de combustible: 488 l.<br \/>\nVolumen del fluido del sistema refrigerante: 52.4 l.<br \/>\nVolumen del fluido del sistema hidr\u00e1ulico: 115 l.<br \/>\nVolumen del fluido de la \u00faltima marcha: 9.6 l.<br \/>\nTensi\u00f3n de funcionamiento: 24 V<br \/>\nAmperaje del generador: 35 amperios<\/p>\n<p>Dimensiones<br \/>\nLongitud sin cuchilla: 4619 mm<br \/>\nLongitud con cuchilla: 5559 mm<br \/>\nAltura hasta la parte superior de la cabina: 3336 mm<br \/>\nLongitud de la cadena de la oruga a nivel del suelo: 2896 mm<br \/>\nDespeje sobre el suelo: 403.5 mm<\/p>\n<p>Cuchilla de serie<br \/>\nProfundidad de corte: 498 mm<br \/>\nAncho: 3813 mm<br \/>\nAltura: 1276 mm<br \/>\nVolumen: 4.5 m3<br \/>\n\u00c1ngulo de la cuchilla en ambas direcciones 25 grados<\/p>\n","protected":false},"excerpt":{"rendered":"<p>MARCA CATERPILLAR Modelo D7H &nbsp; Tren de rodaje Presi\u00f3n especifica sobre el suelo: 76.2 kPa \u00c1rea de contacto con el suelo: 2.9 m2 Tama\u00f1o de una zapata est\u00e1ndar: 510 mm N\u00famero de zapatas de un lado: 40 N\u00famero de cojinetes a cada lado: 7 Ancho de v\u00eda 1981 mm Transmisi\u00f3n Tipo de transmisi\u00f3n transmisi\u00f3n planetaria [&hellip;]<\/p>\n","protected":false},"featured_media":3284,"comment_status":"open","ping_status":"closed","template":"","meta":{"_eb_attr":"","site-sidebar-layout":"right-sidebar","site-content-layout":"default","ast-site-content-layout":"","site-content-style":"default","site-sidebar-style":"default","ast-global-header-display":"","ast-banner-title-visibility":"","ast-main-header-display":"","ast-hfb-above-header-display":"","ast-hfb-below-header-display":"","ast-hfb-mobile-header-display":"","site-post-title":"","ast-breadcrumbs-content":"","ast-featured-img":"","footer-sml-layout":"","theme-transparent-header-meta":"default","adv-header-id-meta":"","stick-header-meta":"","header-above-stick-meta":"","header-main-stick-meta":"","header-below-stick-meta":"","astra-migrate-meta-layouts":"default","ast-page-background-enabled":"default","ast-page-background-meta":{"desktop":{"background-color":"","background-image":"","background-repeat":"repeat","background-position":"center center","background-size":"auto","background-attachment":"scroll","background-type":"","background-media":"","overlay-type":"","overlay-color":"","overlay-opacity":"","overlay-gradient":""},"tablet":{"background-color":"","background-image":"","background-repeat":"repeat","background-position":"center center","background-size":"auto","background-attachment":"scroll","background-type":"","background-media":"","overlay-type":"","overlay-color":"","overlay-opacity":"","overlay-gradient":""},"mobile":{"background-color":"","background-image":"","background-repeat":"repeat","background-position":"center center","background-size":"auto","background-attachment":"scroll","background-type":"","background-media":"","overlay-type":"","overlay-color":"","overlay-opacity":"","overlay-gradient":""}},"ast-content-background-meta":{"desktop":{"background-color":"var(--ast-global-color-5)","background-image":"","background-repeat":"repeat","background-position":"center center","background-size":"auto","background-attachment":"scroll","background-type":"","background-media":"","overlay-type":"","overlay-color":"","overlay-opacity":"","overlay-gradient":""},"tablet":{"background-color":"var(--ast-global-color-5)","background-image":"","background-repeat":"repeat","background-position":"center center","background-size":"auto","background-attachment":"scroll","background-type":"","background-media":"","overlay-type":"","overlay-color":"","overlay-opacity":"","overlay-gradient":""},"mobile":{"background-color":"var(--ast-global-color-5)","background-image":"","background-repeat":"repeat","background-position":"center center","background-size":"auto","background-attachment":"scroll","background-type":"","background-media":"","overlay-type":"","overlay-color":"","overlay-opacity":"","overlay-gradient":""}},"_joinchat":[]},"product_cat":[24],"product_tag":[55,121,76,79,118],"yoast_head":"<!-- This site is optimized with the Yoast SEO plugin v21.8.1 - https:\/\/yoast.com\/wordpress\/plugins\/seo\/ -->\n<title>Tractor sobre Orugas D7H - MANRENT<\/title>\n<meta name=\"robots\" content=\"index, follow, max-snippet:-1, max-image-preview:large, max-video-preview:-1\" \/>\n<link rel=\"canonical\" href=\"https:\/\/manrent.com.mx\/?product=tractor-sobre-orugas-d7h\" \/>\n<meta property=\"og:locale\" content=\"es_MX\" \/>\n<meta property=\"og:type\" content=\"article\" \/>\n<meta property=\"og:title\" content=\"Tractor sobre Orugas D7H - MANRENT\" \/>\n<meta property=\"og:description\" content=\"MARCA CATERPILLAR Modelo D7H &nbsp; Tren de rodaje Presi\u00f3n especifica sobre el suelo: 76.2 kPa \u00c1rea de contacto con el suelo: 2.9 m2 Tama\u00f1o de una zapata est\u00e1ndar: 510 mm N\u00famero de zapatas de un lado: 40 N\u00famero de cojinetes a cada lado: 7 Ancho de v\u00eda 1981 mm Transmisi\u00f3n Tipo de transmisi\u00f3n transmisi\u00f3n planetaria [&hellip;]\" \/>\n<meta property=\"og:url\" content=\"https:\/\/manrent.com.mx\/?product=tractor-sobre-orugas-d7h\" \/>\n<meta property=\"og:site_name\" content=\"MANRENT\" \/>\n<meta property=\"article:modified_time\" content=\"2023-04-26T23:27:08+00:00\" \/>\n<meta property=\"og:image\" content=\"https:\/\/manrent.com.mx\/wp-content\/uploads\/2023\/04\/D7H.jpg\" \/>\n\t<meta property=\"og:image:width\" content=\"500\" \/>\n\t<meta property=\"og:image:height\" content=\"400\" \/>\n\t<meta property=\"og:image:type\" content=\"image\/jpeg\" \/>\n<meta name=\"twitter:card\" content=\"summary_large_image\" \/>\n<meta name=\"twitter:label1\" content=\"Tiempo de lectura\" \/>\n\t<meta name=\"twitter:data1\" content=\"2 minutos\" \/>\n<script type=\"application\/ld+json\" class=\"yoast-schema-graph\">{\"@context\":\"https:\/\/schema.org\",\"@graph\":[{\"@type\":\"WebPage\",\"@id\":\"https:\/\/manrent.com.mx\/?product=tractor-sobre-orugas-d7h\",\"url\":\"https:\/\/manrent.com.mx\/?product=tractor-sobre-orugas-d7h\",\"name\":\"Tractor sobre Orugas D7H - MANRENT\",\"isPartOf\":{\"@id\":\"https:\/\/manrent.com.mx\/#website\"},\"datePublished\":\"2023-04-24T20:25:55+00:00\",\"dateModified\":\"2023-04-26T23:27:08+00:00\",\"breadcrumb\":{\"@id\":\"https:\/\/manrent.com.mx\/?product=tractor-sobre-orugas-d7h#breadcrumb\"},\"inLanguage\":\"es-MX\",\"potentialAction\":[{\"@type\":\"ReadAction\",\"target\":[\"https:\/\/manrent.com.mx\/?product=tractor-sobre-orugas-d7h\"]}]},{\"@type\":\"BreadcrumbList\",\"@id\":\"https:\/\/manrent.com.mx\/?product=tractor-sobre-orugas-d7h#breadcrumb\",\"itemListElement\":[{\"@type\":\"ListItem\",\"position\":1,\"name\":\"Inicio\",\"item\":\"https:\/\/manrent.com.mx\/\"},{\"@type\":\"ListItem\",\"position\":2,\"name\":\"Cat\u00e1logo de Productos\",\"item\":\"https:\/\/manrent.com.mx\/?page_id=3037\"},{\"@type\":\"ListItem\",\"position\":3,\"name\":\"Tractor sobre Orugas D7H\"}]},{\"@type\":\"WebSite\",\"@id\":\"https:\/\/manrent.com.mx\/#website\",\"url\":\"https:\/\/manrent.com.mx\/\",\"name\":\"MANRENT\",\"description\":\"Renta de Maquinaria Pesada y Equipo\",\"publisher\":{\"@id\":\"https:\/\/manrent.com.mx\/#organization\"},\"potentialAction\":[{\"@type\":\"SearchAction\",\"target\":{\"@type\":\"EntryPoint\",\"urlTemplate\":\"https:\/\/manrent.com.mx\/?s={search_term_string}\"},\"query-input\":\"required name=search_term_string\"}],\"inLanguage\":\"es-MX\"},{\"@type\":\"Organization\",\"@id\":\"https:\/\/manrent.com.mx\/#organization\",\"name\":\"Manrent\",\"url\":\"https:\/\/manrent.com.mx\/\",\"logo\":{\"@type\":\"ImageObject\",\"inLanguage\":\"es-MX\",\"@id\":\"https:\/\/manrent.com.mx\/#\/schema\/logo\/image\/\",\"url\":\"https:\/\/manrent.com.mx\/wp-content\/uploads\/2020\/12\/LOGO-SIN-FONDO-NUEVO-2.png\",\"contentUrl\":\"https:\/\/manrent.com.mx\/wp-content\/uploads\/2020\/12\/LOGO-SIN-FONDO-NUEVO-2.png\",\"width\":262,\"height\":168,\"caption\":\"Manrent\"},\"image\":{\"@id\":\"https:\/\/manrent.com.mx\/#\/schema\/logo\/image\/\"}}]}<\/script>\n<!-- \/ Yoast SEO plugin. -->","yoast_head_json":{"title":"Tractor sobre Orugas D7H - MANRENT","robots":{"index":"index","follow":"follow","max-snippet":"max-snippet:-1","max-image-preview":"max-image-preview:large","max-video-preview":"max-video-preview:-1"},"canonical":"https:\/\/manrent.com.mx\/?product=tractor-sobre-orugas-d7h","og_locale":"es_MX","og_type":"article","og_title":"Tractor sobre Orugas D7H - MANRENT","og_description":"MARCA CATERPILLAR Modelo D7H &nbsp; Tren de rodaje Presi\u00f3n especifica sobre el suelo: 76.2 kPa \u00c1rea de contacto con el suelo: 2.9 m2 Tama\u00f1o de una zapata est\u00e1ndar: 510 mm N\u00famero de zapatas de un lado: 40 N\u00famero de cojinetes a cada lado: 7 Ancho de v\u00eda 1981 mm Transmisi\u00f3n Tipo de transmisi\u00f3n transmisi\u00f3n planetaria [&hellip;]","og_url":"https:\/\/manrent.com.mx\/?product=tractor-sobre-orugas-d7h","og_site_name":"MANRENT","article_modified_time":"2023-04-26T23:27:08+00:00","og_image":[{"width":500,"height":400,"url":"https:\/\/manrent.com.mx\/wp-content\/uploads\/2023\/04\/D7H.jpg","type":"image\/jpeg"}],"twitter_card":"summary_large_image","twitter_misc":{"Tiempo de lectura":"2 minutos"},"schema":{"@context":"https:\/\/schema.org","@graph":[{"@type":"WebPage","@id":"https:\/\/manrent.com.mx\/?product=tractor-sobre-orugas-d7h","url":"https:\/\/manrent.com.mx\/?product=tractor-sobre-orugas-d7h","name":"Tractor sobre Orugas D7H - MANRENT","isPartOf":{"@id":"https:\/\/manrent.com.mx\/#website"},"datePublished":"2023-04-24T20:25:55+00:00","dateModified":"2023-04-26T23:27:08+00:00","breadcrumb":{"@id":"https:\/\/manrent.com.mx\/?product=tractor-sobre-orugas-d7h#breadcrumb"},"inLanguage":"es-MX","potentialAction":[{"@type":"ReadAction","target":["https:\/\/manrent.com.mx\/?product=tractor-sobre-orugas-d7h"]}]},{"@type":"BreadcrumbList","@id":"https:\/\/manrent.com.mx\/?product=tractor-sobre-orugas-d7h#breadcrumb","itemListElement":[{"@type":"ListItem","position":1,"name":"Inicio","item":"https:\/\/manrent.com.mx\/"},{"@type":"ListItem","position":2,"name":"Cat\u00e1logo de Productos","item":"https:\/\/manrent.com.mx\/?page_id=3037"},{"@type":"ListItem","position":3,"name":"Tractor sobre Orugas D7H"}]},{"@type":"WebSite","@id":"https:\/\/manrent.com.mx\/#website","url":"https:\/\/manrent.com.mx\/","name":"MANRENT","description":"Renta de Maquinaria Pesada y Equipo","publisher":{"@id":"https:\/\/manrent.com.mx\/#organization"},"potentialAction":[{"@type":"SearchAction","target":{"@type":"EntryPoint","urlTemplate":"https:\/\/manrent.com.mx\/?s={search_term_string}"},"query-input":"required name=search_term_string"}],"inLanguage":"es-MX"},{"@type":"Organization","@id":"https:\/\/manrent.com.mx\/#organization","name":"Manrent","url":"https:\/\/manrent.com.mx\/","logo":{"@type":"ImageObject","inLanguage":"es-MX","@id":"https:\/\/manrent.com.mx\/#\/schema\/logo\/image\/","url":"https:\/\/manrent.com.mx\/wp-content\/uploads\/2020\/12\/LOGO-SIN-FONDO-NUEVO-2.png","contentUrl":"https:\/\/manrent.com.mx\/wp-content\/uploads\/2020\/12\/LOGO-SIN-FONDO-NUEVO-2.png","width":262,"height":168,"caption":"Manrent"},"image":{"@id":"https:\/\/manrent.com.mx\/#\/schema\/logo\/image\/"}}]}},"jetpack_sharing_enabled":true,"_links":{"self":[{"href":"https:\/\/manrent.com.mx\/index.php?rest_route=\/wp\/v2\/product\/3275"}],"collection":[{"href":"https:\/\/manrent.com.mx\/index.php?rest_route=\/wp\/v2\/product"}],"about":[{"href":"https:\/\/manrent.com.mx\/index.php?rest_route=\/wp\/v2\/types\/product"}],"replies":[{"embeddable":true,"href":"https:\/\/manrent.com.mx\/index.php?rest_route=%2Fwp%2Fv2%2Fcomments&post=3275"}],"version-history":[{"count":1,"href":"https:\/\/manrent.com.mx\/index.php?rest_route=\/wp\/v2\/product\/3275\/revisions"}],"predecessor-version":[{"id":3276,"href":"https:\/\/manrent.com.mx\/index.php?rest_route=\/wp\/v2\/product\/3275\/revisions\/3276"}],"wp:featuredmedia":[{"embeddable":true,"href":"https:\/\/manrent.com.mx\/index.php?rest_route=\/wp\/v2\/media\/3284"}],"wp:attachment":[{"href":"https:\/\/manrent.com.mx\/index.php?rest_route=%2Fwp%2Fv2%2Fmedia&parent=3275"}],"wp:term":[{"taxonomy":"product_cat","embeddable":true,"href":"https:\/\/manrent.com.mx\/index.php?rest_route=%2Fwp%2Fv2%2Fproduct_cat&post=3275"},{"taxonomy":"product_tag","embeddable":true,"href":"https:\/\/manrent.com.mx\/index.php?rest_route=%2Fwp%2Fv2%2Fproduct_tag&post=3275"}],"curies":[{"name":"wp","href":"https:\/\/api.w.org\/{rel}","templated":true}]}}