{"id":3269,"date":"2023-04-24T15:12:12","date_gmt":"2023-04-24T20:12:12","guid":{"rendered":"https:\/\/manrent.com.mx\/?post_type=product&#038;p=3269"},"modified":"2023-04-24T15:18:19","modified_gmt":"2023-04-24T20:18:19","slug":"tractor-sobre-orugas-d8r","status":"publish","type":"product","link":"https:\/\/manrent.com.mx\/?product=tractor-sobre-orugas-d8r","title":{"rendered":"Tractor sobre Orugas D8R"},"content":{"rendered":"<p>MARCA CATERPILLAR<\/p>\n<p>Modelo D8R<\/p>\n<p>&nbsp;<\/p>\n<p>Tren de rodaje<br \/>\nPresi\u00f3n especifica sobre el suelo 90.3 kPa<br \/>\n\u00c1rea de contacto con el suelo 3.6 m2<br \/>\nTama\u00f1o de una zapata est\u00e1ndar 560 mm<br \/>\nN\u00famero de zapatas de un lado 44<br \/>\nN\u00famero de cojinetes a cada lado 8<br \/>\nPaso de cadena de la oruga 216 mm<br \/>\nAncho de v\u00eda 2082 mmTransmisi\u00f3n<br \/>\nTipo de transmisi\u00f3n cambio de fuerza de velocidades<br \/>\nN\u00famero de marchas adelante: 3<br \/>\nN\u00famero de marchas atr\u00e1s: 3<br \/>\nVelocidad m\u00e1xima hacia adelante: 10.8 km\/h<br \/>\nVelocidad m\u00e1xima marcha atr\u00e1s: 13.8 km\/hSistema hidr\u00e1ulico<br \/>\nTipo de bomba bomba de pist\u00f3n<br \/>\nPresi\u00f3n de la v\u00e1lvula de regulaci\u00f3n: 24131.6 kPa<br \/>\nCapacidad de la bomba: 300 l\/minMotor<br \/>\nModelo 3406C<br \/>\nPotencia total: 244.6 kW<br \/>\nPotencia efectiva: 227.4 kW<br \/>\nPotencia medida en 2100 RPM.<br \/>\nCilindrada: 14.6 l.<br \/>\nN\u00famero de cilindros 6<br \/>\nAspiraci\u00f3n Turboalimentaci\u00f3n con enfriamiento posterior del aire (radiador de refrigeraci\u00f3n)Explotaci\u00f3n<br \/>\nPeso \u00fatil: 33497.8 kg<br \/>\nVolumen de combustible: 625 l.<br \/>\nVolumen del fluido del sistema refrigerante: 92 l.<br \/>\nVolumen de aceite del motor: 32.5 l.<br \/>\nVolumen del fluido del sistema hidr\u00e1ulico: 72 l.<br \/>\nVolumen del fluido de la unidad de potencia: 144 l.<br \/>\nVolumen del fluido de la \u00faltima marcha: 14 l.<br \/>\nTensi\u00f3n de funcionamiento: 24 V<br \/>\nAmperaje del generador 50 amperios<\/p>\n<p>Dimensiones<br \/>\nLongitud sin cuchilla: 4554 mm<br \/>\nLongitud con cuchilla: 6398 mm<br \/>\nDistancia entre las cadenas de la oruga: 2642 mm<br \/>\nAltura hasta la parte superior de la cabina: 3498 mm<br \/>\nLongitud de la cadena de la oruga a nivel del suelo: 3206 mm<br \/>\nDespeje sobre el suelo 528 mm<\/p>\n<p>Cuchilla de serie<br \/>\nAncho: 3937 mm<br \/>\nAltura: 1690 mm<br \/>\nVolumen: 8.7 m3<br \/>\nProfundidad de corte: 582 mm<\/p>\n","protected":false},"excerpt":{"rendered":"<p>MARCA CATERPILLAR Modelo D8R &nbsp; Tren de rodaje Presi\u00f3n especifica sobre el suelo 90.3 kPa \u00c1rea de contacto con el suelo 3.6 m2 Tama\u00f1o de una zapata est\u00e1ndar 560 mm N\u00famero de zapatas de un lado 44 N\u00famero de cojinetes a cada lado 8 Paso de cadena de la oruga 216 mm Ancho de v\u00eda [&hellip;]<\/p>\n","protected":false},"featured_media":3270,"comment_status":"open","ping_status":"closed","template":"","meta":{"_eb_attr":"","site-sidebar-layout":"right-sidebar","site-content-layout":"default","ast-site-content-layout":"","site-content-style":"default","site-sidebar-style":"default","ast-global-header-display":"","ast-banner-title-visibility":"","ast-main-header-display":"","ast-hfb-above-header-display":"","ast-hfb-below-header-display":"","ast-hfb-mobile-header-display":"","site-post-title":"","ast-breadcrumbs-content":"","ast-featured-img":"","footer-sml-layout":"","theme-transparent-header-meta":"default","adv-header-id-meta":"","stick-header-meta":"","header-above-stick-meta":"","header-main-stick-meta":"","header-below-stick-meta":"","astra-migrate-meta-layouts":"default","ast-page-background-enabled":"default","ast-page-background-meta":{"desktop":{"background-color":"","background-image":"","background-repeat":"repeat","background-position":"center center","background-size":"auto","background-attachment":"scroll","background-type":"","background-media":"","overlay-type":"","overlay-color":"","overlay-opacity":"","overlay-gradient":""},"tablet":{"background-color":"","background-image":"","background-repeat":"repeat","background-position":"center center","background-size":"auto","background-attachment":"scroll","background-type":"","background-media":"","overlay-type":"","overlay-color":"","overlay-opacity":"","overlay-gradient":""},"mobile":{"background-color":"","background-image":"","background-repeat":"repeat","background-position":"center center","background-size":"auto","background-attachment":"scroll","background-type":"","background-media":"","overlay-type":"","overlay-color":"","overlay-opacity":"","overlay-gradient":""}},"ast-content-background-meta":{"desktop":{"background-color":"var(--ast-global-color-5)","background-image":"","background-repeat":"repeat","background-position":"center center","background-size":"auto","background-attachment":"scroll","background-type":"","background-media":"","overlay-type":"","overlay-color":"","overlay-opacity":"","overlay-gradient":""},"tablet":{"background-color":"var(--ast-global-color-5)","background-image":"","background-repeat":"repeat","background-position":"center center","background-size":"auto","background-attachment":"scroll","background-type":"","background-media":"","overlay-type":"","overlay-color":"","overlay-opacity":"","overlay-gradient":""},"mobile":{"background-color":"var(--ast-global-color-5)","background-image":"","background-repeat":"repeat","background-position":"center center","background-size":"auto","background-attachment":"scroll","background-type":"","background-media":"","overlay-type":"","overlay-color":"","overlay-opacity":"","overlay-gradient":""}},"_joinchat":[]},"product_cat":[24],"product_tag":[55,119,76,79,118],"yoast_head":"<!-- This site is optimized with the Yoast SEO plugin v21.8.1 - https:\/\/yoast.com\/wordpress\/plugins\/seo\/ -->\n<title>Tractor sobre Orugas D8R - MANRENT<\/title>\n<meta name=\"robots\" content=\"index, follow, max-snippet:-1, max-image-preview:large, max-video-preview:-1\" \/>\n<link rel=\"canonical\" href=\"https:\/\/manrent.com.mx\/?product=tractor-sobre-orugas-d8r\" \/>\n<meta property=\"og:locale\" content=\"es_MX\" \/>\n<meta property=\"og:type\" content=\"article\" \/>\n<meta property=\"og:title\" content=\"Tractor sobre Orugas D8R - MANRENT\" \/>\n<meta property=\"og:description\" content=\"MARCA CATERPILLAR Modelo D8R &nbsp; Tren de rodaje Presi\u00f3n especifica sobre el suelo 90.3 kPa \u00c1rea de contacto con el suelo 3.6 m2 Tama\u00f1o de una zapata est\u00e1ndar 560 mm N\u00famero de zapatas de un lado 44 N\u00famero de cojinetes a cada lado 8 Paso de cadena de la oruga 216 mm Ancho de v\u00eda [&hellip;]\" \/>\n<meta property=\"og:url\" content=\"https:\/\/manrent.com.mx\/?product=tractor-sobre-orugas-d8r\" \/>\n<meta property=\"og:site_name\" content=\"MANRENT\" \/>\n<meta property=\"article:modified_time\" content=\"2023-04-24T20:18:19+00:00\" \/>\n<meta property=\"og:image\" content=\"https:\/\/manrent.com.mx\/wp-content\/uploads\/2023\/04\/tractor-sobre-orugas-D8R.jpg\" \/>\n\t<meta property=\"og:image:width\" content=\"1600\" \/>\n\t<meta property=\"og:image:height\" content=\"1200\" \/>\n\t<meta property=\"og:image:type\" content=\"image\/jpeg\" \/>\n<meta name=\"twitter:card\" content=\"summary_large_image\" \/>\n<meta name=\"twitter:label1\" content=\"Tiempo de lectura\" \/>\n\t<meta name=\"twitter:data1\" content=\"2 minutos\" \/>\n<script type=\"application\/ld+json\" class=\"yoast-schema-graph\">{\"@context\":\"https:\/\/schema.org\",\"@graph\":[{\"@type\":\"WebPage\",\"@id\":\"https:\/\/manrent.com.mx\/?product=tractor-sobre-orugas-d8r\",\"url\":\"https:\/\/manrent.com.mx\/?product=tractor-sobre-orugas-d8r\",\"name\":\"Tractor sobre Orugas D8R - MANRENT\",\"isPartOf\":{\"@id\":\"https:\/\/manrent.com.mx\/#website\"},\"datePublished\":\"2023-04-24T20:12:12+00:00\",\"dateModified\":\"2023-04-24T20:18:19+00:00\",\"breadcrumb\":{\"@id\":\"https:\/\/manrent.com.mx\/?product=tractor-sobre-orugas-d8r#breadcrumb\"},\"inLanguage\":\"es-MX\",\"potentialAction\":[{\"@type\":\"ReadAction\",\"target\":[\"https:\/\/manrent.com.mx\/?product=tractor-sobre-orugas-d8r\"]}]},{\"@type\":\"BreadcrumbList\",\"@id\":\"https:\/\/manrent.com.mx\/?product=tractor-sobre-orugas-d8r#breadcrumb\",\"itemListElement\":[{\"@type\":\"ListItem\",\"position\":1,\"name\":\"Inicio\",\"item\":\"https:\/\/manrent.com.mx\/\"},{\"@type\":\"ListItem\",\"position\":2,\"name\":\"Cat\u00e1logo de Productos\",\"item\":\"https:\/\/manrent.com.mx\/?page_id=3037\"},{\"@type\":\"ListItem\",\"position\":3,\"name\":\"Tractor sobre Orugas D8R\"}]},{\"@type\":\"WebSite\",\"@id\":\"https:\/\/manrent.com.mx\/#website\",\"url\":\"https:\/\/manrent.com.mx\/\",\"name\":\"MANRENT\",\"description\":\"Renta de Maquinaria Pesada y Equipo\",\"publisher\":{\"@id\":\"https:\/\/manrent.com.mx\/#organization\"},\"potentialAction\":[{\"@type\":\"SearchAction\",\"target\":{\"@type\":\"EntryPoint\",\"urlTemplate\":\"https:\/\/manrent.com.mx\/?s={search_term_string}\"},\"query-input\":\"required name=search_term_string\"}],\"inLanguage\":\"es-MX\"},{\"@type\":\"Organization\",\"@id\":\"https:\/\/manrent.com.mx\/#organization\",\"name\":\"Manrent\",\"url\":\"https:\/\/manrent.com.mx\/\",\"logo\":{\"@type\":\"ImageObject\",\"inLanguage\":\"es-MX\",\"@id\":\"https:\/\/manrent.com.mx\/#\/schema\/logo\/image\/\",\"url\":\"https:\/\/manrent.com.mx\/wp-content\/uploads\/2020\/12\/LOGO-SIN-FONDO-NUEVO-2.png\",\"contentUrl\":\"https:\/\/manrent.com.mx\/wp-content\/uploads\/2020\/12\/LOGO-SIN-FONDO-NUEVO-2.png\",\"width\":262,\"height\":168,\"caption\":\"Manrent\"},\"image\":{\"@id\":\"https:\/\/manrent.com.mx\/#\/schema\/logo\/image\/\"}}]}<\/script>\n<!-- \/ Yoast SEO plugin. -->","yoast_head_json":{"title":"Tractor sobre Orugas D8R - MANRENT","robots":{"index":"index","follow":"follow","max-snippet":"max-snippet:-1","max-image-preview":"max-image-preview:large","max-video-preview":"max-video-preview:-1"},"canonical":"https:\/\/manrent.com.mx\/?product=tractor-sobre-orugas-d8r","og_locale":"es_MX","og_type":"article","og_title":"Tractor sobre Orugas D8R - MANRENT","og_description":"MARCA CATERPILLAR Modelo D8R &nbsp; Tren de rodaje Presi\u00f3n especifica sobre el suelo 90.3 kPa \u00c1rea de contacto con el suelo 3.6 m2 Tama\u00f1o de una zapata est\u00e1ndar 560 mm N\u00famero de zapatas de un lado 44 N\u00famero de cojinetes a cada lado 8 Paso de cadena de la oruga 216 mm Ancho de v\u00eda [&hellip;]","og_url":"https:\/\/manrent.com.mx\/?product=tractor-sobre-orugas-d8r","og_site_name":"MANRENT","article_modified_time":"2023-04-24T20:18:19+00:00","og_image":[{"width":1600,"height":1200,"url":"https:\/\/manrent.com.mx\/wp-content\/uploads\/2023\/04\/tractor-sobre-orugas-D8R.jpg","type":"image\/jpeg"}],"twitter_card":"summary_large_image","twitter_misc":{"Tiempo de lectura":"2 minutos"},"schema":{"@context":"https:\/\/schema.org","@graph":[{"@type":"WebPage","@id":"https:\/\/manrent.com.mx\/?product=tractor-sobre-orugas-d8r","url":"https:\/\/manrent.com.mx\/?product=tractor-sobre-orugas-d8r","name":"Tractor sobre Orugas D8R - MANRENT","isPartOf":{"@id":"https:\/\/manrent.com.mx\/#website"},"datePublished":"2023-04-24T20:12:12+00:00","dateModified":"2023-04-24T20:18:19+00:00","breadcrumb":{"@id":"https:\/\/manrent.com.mx\/?product=tractor-sobre-orugas-d8r#breadcrumb"},"inLanguage":"es-MX","potentialAction":[{"@type":"ReadAction","target":["https:\/\/manrent.com.mx\/?product=tractor-sobre-orugas-d8r"]}]},{"@type":"BreadcrumbList","@id":"https:\/\/manrent.com.mx\/?product=tractor-sobre-orugas-d8r#breadcrumb","itemListElement":[{"@type":"ListItem","position":1,"name":"Inicio","item":"https:\/\/manrent.com.mx\/"},{"@type":"ListItem","position":2,"name":"Cat\u00e1logo de Productos","item":"https:\/\/manrent.com.mx\/?page_id=3037"},{"@type":"ListItem","position":3,"name":"Tractor sobre Orugas D8R"}]},{"@type":"WebSite","@id":"https:\/\/manrent.com.mx\/#website","url":"https:\/\/manrent.com.mx\/","name":"MANRENT","description":"Renta de Maquinaria Pesada y Equipo","publisher":{"@id":"https:\/\/manrent.com.mx\/#organization"},"potentialAction":[{"@type":"SearchAction","target":{"@type":"EntryPoint","urlTemplate":"https:\/\/manrent.com.mx\/?s={search_term_string}"},"query-input":"required name=search_term_string"}],"inLanguage":"es-MX"},{"@type":"Organization","@id":"https:\/\/manrent.com.mx\/#organization","name":"Manrent","url":"https:\/\/manrent.com.mx\/","logo":{"@type":"ImageObject","inLanguage":"es-MX","@id":"https:\/\/manrent.com.mx\/#\/schema\/logo\/image\/","url":"https:\/\/manrent.com.mx\/wp-content\/uploads\/2020\/12\/LOGO-SIN-FONDO-NUEVO-2.png","contentUrl":"https:\/\/manrent.com.mx\/wp-content\/uploads\/2020\/12\/LOGO-SIN-FONDO-NUEVO-2.png","width":262,"height":168,"caption":"Manrent"},"image":{"@id":"https:\/\/manrent.com.mx\/#\/schema\/logo\/image\/"}}]}},"jetpack_sharing_enabled":true,"_links":{"self":[{"href":"https:\/\/manrent.com.mx\/index.php?rest_route=\/wp\/v2\/product\/3269"}],"collection":[{"href":"https:\/\/manrent.com.mx\/index.php?rest_route=\/wp\/v2\/product"}],"about":[{"href":"https:\/\/manrent.com.mx\/index.php?rest_route=\/wp\/v2\/types\/product"}],"replies":[{"embeddable":true,"href":"https:\/\/manrent.com.mx\/index.php?rest_route=%2Fwp%2Fv2%2Fcomments&post=3269"}],"version-history":[{"count":1,"href":"https:\/\/manrent.com.mx\/index.php?rest_route=\/wp\/v2\/product\/3269\/revisions"}],"predecessor-version":[{"id":3271,"href":"https:\/\/manrent.com.mx\/index.php?rest_route=\/wp\/v2\/product\/3269\/revisions\/3271"}],"wp:featuredmedia":[{"embeddable":true,"href":"https:\/\/manrent.com.mx\/index.php?rest_route=\/wp\/v2\/media\/3270"}],"wp:attachment":[{"href":"https:\/\/manrent.com.mx\/index.php?rest_route=%2Fwp%2Fv2%2Fmedia&parent=3269"}],"wp:term":[{"taxonomy":"product_cat","embeddable":true,"href":"https:\/\/manrent.com.mx\/index.php?rest_route=%2Fwp%2Fv2%2Fproduct_cat&post=3269"},{"taxonomy":"product_tag","embeddable":true,"href":"https:\/\/manrent.com.mx\/index.php?rest_route=%2Fwp%2Fv2%2Fproduct_tag&post=3269"}],"curies":[{"name":"wp","href":"https:\/\/api.w.org\/{rel}","templated":true}]}}