{"id":3216,"date":"2023-04-14T15:53:55","date_gmt":"2023-04-14T20:53:55","guid":{"rendered":"https:\/\/manrent.com.mx\/?post_type=product&#038;p=3216"},"modified":"2023-04-24T14:28:55","modified_gmt":"2023-04-24T19:28:55","slug":"torre-de-iluminacion","status":"publish","type":"product","link":"https:\/\/manrent.com.mx\/?product=torre-de-iluminacion","title":{"rendered":"Torre de Iluminaci\u00f3n"},"content":{"rendered":"<p>MARCA ALLMAND<\/p>\n<p>Modelo NL PRO y NL PRO-KDH<\/p>\n<div class=\"ewa-rteLine\">Motor<\/div>\n<div class=\"ewa-rteLine\">Diesel de refrigeraci\u00f3n l\u00edquida a<\/div>\n<div class=\"ewa-rteLine\">1800 rpm incluye:<\/div>\n<div class=\"ewa-rteLine\">Kohler KDW 1003 11.5 hp | 7.5 kW generador (es\u00e1ndar)<\/div>\n<div class=\"ewa-rteLine\">Kubota D-1005 BG 11.7 hp | 7.5 kW generador (opcional)<\/div>\n<div class=\"ewa-rteLine\">Kubota D-1105 BG 13.5 hp | 8 kW generador (opcional)<\/div>\n<div class=\"ewa-rteLine\">Caterpillar C1.1 13.3 hp | 8kW generador (opcional)<\/div>\n<div class=\"ewa-rteLine\">Arranque Sistema de arranque en fr\u00edo antes del calentamiento el\u00e9ctrico de 12 V<\/div>\n<div class=\"ewa-rteLine\">Capacidad de<\/div>\n<div class=\"ewa-rteLine\">combustible<\/div>\n<div class=\"ewa-rteLine\">30 galones (114 L)<\/div>\n<div class=\"ewa-rteLine\">Tiempo de<\/div>\n<div class=\"ewa-rteLine\">funcionamiento<\/div>\n<div class=\"ewa-rteLine\">Hasta 65 horas sin reponer combustible<\/div>\n<div class=\"ewa-rteLine\">Iluminaci\u00f3n 4 artefactos de halogenuro met\u00e1lico SHO-HD de 1250 W<\/div>\n<div class=\"ewa-rteLine\">Salida inicial de 150,000 l\u00famenes por l\u00e1mpara (600,000 en total)<\/div>\n<div class=\"ewa-rteLine\">Alternador el\u00e9ctrico (generador): 60 Hz, 1-fase, capacitor regulado<\/div>\n<div class=\"ewa-rteLine\">Balastos: acoples de componentes de f\u00e1cil mantenimiento<\/div>\n<div class=\"ewa-rteLine\">Tomacorrientes pr\u00e1ctico de 120 VAC d\u00faplex GFCI<\/div>\n<div class=\"ewa-rteLine\">Varilla de toma a tierra<\/div>\n<div class=\"ewa-rteLine\">Torre 30 ft. torre con manivela telesc\u00f3pica de 3 secciones (9.14 m)<\/div>\n<div class=\"ewa-rteLine\">Almohadillas de nil\u00f3n autolubricantes<\/div>\n<div class=\"ewa-rteLine\">Giro de 360\u00b0 desde el suelo<\/div>\n<div class=\"ewa-rteLine\">Remolque Estructura de acero soldado y amoldado<\/div>\n<div class=\"ewa-rteLine\">Bola con combinaci\u00f3n de altura ajustable de 2 in (50 mm), pasador de pivote de 3 in (75 mm)<\/div>\n<div class=\"ewa-rteLine\">Encierre duradero con paneles moldeados de pl\u00e1stico con cerraduras y levante para acceso<\/div>\n<div class=\"ewa-rteLine\">Luces de detener\/girar\/traseras<\/div>\n<div class=\"ewa-rteLine\">Montacargas y puntos de elevaci\u00f3n debajo de la estructura<\/div>\n<div class=\"ewa-rteLine\">Anillos de alineaci\u00f3n<\/div>\n<div class=\"ewa-rteLine\">Estabilizadores Dise\u00f1o de cuatro puntos<\/div>\n<div class=\"ewa-rteLine\">Torre montada en el centro entre dos estabilizadores laterales retr\u00e1ctiles y gato de p\u00e9rtiga posterior y en la lengua<\/div>\n<div class=\"ewa-rteLine\">Funciona en condiciones de r\u00e1fagas de viento de hasta 65 mph (105 km\/h)<\/div>\n<div class=\"ewa-rteLine\">Peso para env\u00edos nacionales<\/div>\n<div class=\"ewa-rteLine\">Cada artefacto de luz: 15 lbs (6.8 kg)<\/div>\n<div class=\"ewa-rteLine\">Remolque y m\u00e1stil: 1,610 lbs (732 kg)<\/div>\n<div class=\"ewa-rteLine\">Dimensiones Altura del m\u00e1stil plegado: 5 ft. 9 in. (1.75 m) Altura del m\u00e1stil desplegado: 30 ft. (9.14 m)<\/div>\n<div class=\"ewa-rteLine\">Longitud: 14 ft. 7 in. (4.45 m) Ancho: 4 ft. 3 in. (1.3 m)<\/div>\n<div class=\"ewa-rteLine\">Ancho de estabilizadores: 8 ft. 4 in. (2.54 m) Llantas y ruedas de 13 in.<\/div>\n<div class=\"ewa-rteLine\">Opciones Light Sequence Commander\u00ae autom\u00e1tico LSC100\u00ae 1 salida RV de 30 A<\/div>\n<div class=\"ewa-rteLine\">4 l\u00e1mparas de sodio de alta presi\u00f3n de 1000 W Bater\u00eda para trabajo pesado de 675 CCA<\/div>\n<div class=\"ewa-rteLine\">Saf-T-Visor (juego de 4) Paquete VIN<\/div>\n<div class=\"ewa-rteLine\">M\u00e1stil galvanizado esto es una prueba Conector de luces traseras de 7-polos<\/div>\n<div class=\"ewa-rteLine\">Accesorio de la l\u00e1mpara de desconexi\u00f3n r\u00e1pida Carrete de cuerda de torre<\/div>\n","protected":false},"excerpt":{"rendered":"<p>MARCA ALLMAND Modelo NL PRO y NL PRO-KDH Motor Diesel de refrigeraci\u00f3n l\u00edquida a 1800 rpm incluye: Kohler KDW 1003 11.5 hp | 7.5 kW generador (es\u00e1ndar) Kubota D-1005 BG 11.7 hp | 7.5 kW generador (opcional) Kubota D-1105 BG 13.5 hp | 8 kW generador (opcional) Caterpillar C1.1 13.3 hp | 8kW generador (opcional) [&hellip;]<\/p>\n","protected":false},"featured_media":3253,"comment_status":"open","ping_status":"closed","template":"","meta":{"_eb_attr":"","site-sidebar-layout":"right-sidebar","site-content-layout":"default","ast-site-content-layout":"","site-content-style":"default","site-sidebar-style":"default","ast-global-header-display":"","ast-banner-title-visibility":"","ast-main-header-display":"","ast-hfb-above-header-display":"","ast-hfb-below-header-display":"","ast-hfb-mobile-header-display":"","site-post-title":"","ast-breadcrumbs-content":"","ast-featured-img":"","footer-sml-layout":"","theme-transparent-header-meta":"default","adv-header-id-meta":"","stick-header-meta":"","header-above-stick-meta":"","header-main-stick-meta":"","header-below-stick-meta":"","astra-migrate-meta-layouts":"default","ast-page-background-enabled":"default","ast-page-background-meta":{"desktop":{"background-color":"","background-image":"","background-repeat":"repeat","background-position":"center center","background-size":"auto","background-attachment":"scroll","background-type":"","background-media":"","overlay-type":"","overlay-color":"","overlay-opacity":"","overlay-gradient":""},"tablet":{"background-color":"","background-image":"","background-repeat":"repeat","background-position":"center center","background-size":"auto","background-attachment":"scroll","background-type":"","background-media":"","overlay-type":"","overlay-color":"","overlay-opacity":"","overlay-gradient":""},"mobile":{"background-color":"","background-image":"","background-repeat":"repeat","background-position":"center center","background-size":"auto","background-attachment":"scroll","background-type":"","background-media":"","overlay-type":"","overlay-color":"","overlay-opacity":"","overlay-gradient":""}},"ast-content-background-meta":{"desktop":{"background-color":"var(--ast-global-color-5)","background-image":"","background-repeat":"repeat","background-position":"center center","background-size":"auto","background-attachment":"scroll","background-type":"","background-media":"","overlay-type":"","overlay-color":"","overlay-opacity":"","overlay-gradient":""},"tablet":{"background-color":"var(--ast-global-color-5)","background-image":"","background-repeat":"repeat","background-position":"center center","background-size":"auto","background-attachment":"scroll","background-type":"","background-media":"","overlay-type":"","overlay-color":"","overlay-opacity":"","overlay-gradient":""},"mobile":{"background-color":"var(--ast-global-color-5)","background-image":"","background-repeat":"repeat","background-position":"center center","background-size":"auto","background-attachment":"scroll","background-type":"","background-media":"","overlay-type":"","overlay-color":"","overlay-opacity":"","overlay-gradient":""}},"_joinchat":[]},"product_cat":[102],"product_tag":[105,104,106,107,103],"yoast_head":"<!-- This site is optimized with the Yoast SEO plugin v21.8.1 - https:\/\/yoast.com\/wordpress\/plugins\/seo\/ -->\n<title>Torre de Iluminaci\u00f3n - MANRENT<\/title>\n<meta name=\"robots\" content=\"index, follow, max-snippet:-1, max-image-preview:large, max-video-preview:-1\" \/>\n<link rel=\"canonical\" href=\"https:\/\/manrent.com.mx\/?product=torre-de-iluminacion\" \/>\n<meta property=\"og:locale\" content=\"es_MX\" \/>\n<meta property=\"og:type\" content=\"article\" \/>\n<meta property=\"og:title\" content=\"Torre de Iluminaci\u00f3n - MANRENT\" \/>\n<meta property=\"og:description\" content=\"MARCA ALLMAND Modelo NL PRO y NL PRO-KDH Motor Diesel de refrigeraci\u00f3n l\u00edquida a 1800 rpm incluye: Kohler KDW 1003 11.5 hp | 7.5 kW generador (es\u00e1ndar) Kubota D-1005 BG 11.7 hp | 7.5 kW generador (opcional) Kubota D-1105 BG 13.5 hp | 8 kW generador (opcional) Caterpillar C1.1 13.3 hp | 8kW generador (opcional) [&hellip;]\" \/>\n<meta property=\"og:url\" content=\"https:\/\/manrent.com.mx\/?product=torre-de-iluminacion\" \/>\n<meta property=\"og:site_name\" content=\"MANRENT\" \/>\n<meta property=\"article:modified_time\" content=\"2023-04-24T19:28:55+00:00\" \/>\n<meta property=\"og:image\" content=\"https:\/\/manrent.com.mx\/wp-content\/uploads\/2023\/04\/Torre-de-iluminacion.jpg\" \/>\n\t<meta property=\"og:image:width\" content=\"1200\" \/>\n\t<meta property=\"og:image:height\" content=\"1600\" \/>\n\t<meta property=\"og:image:type\" content=\"image\/jpeg\" \/>\n<meta name=\"twitter:card\" content=\"summary_large_image\" \/>\n<meta name=\"twitter:label1\" content=\"Tiempo de lectura\" \/>\n\t<meta name=\"twitter:data1\" content=\"2 minutos\" \/>\n<script type=\"application\/ld+json\" class=\"yoast-schema-graph\">{\"@context\":\"https:\/\/schema.org\",\"@graph\":[{\"@type\":\"WebPage\",\"@id\":\"https:\/\/manrent.com.mx\/?product=torre-de-iluminacion\",\"url\":\"https:\/\/manrent.com.mx\/?product=torre-de-iluminacion\",\"name\":\"Torre de Iluminaci\u00f3n - MANRENT\",\"isPartOf\":{\"@id\":\"https:\/\/manrent.com.mx\/#website\"},\"datePublished\":\"2023-04-14T20:53:55+00:00\",\"dateModified\":\"2023-04-24T19:28:55+00:00\",\"breadcrumb\":{\"@id\":\"https:\/\/manrent.com.mx\/?product=torre-de-iluminacion#breadcrumb\"},\"inLanguage\":\"es-MX\",\"potentialAction\":[{\"@type\":\"ReadAction\",\"target\":[\"https:\/\/manrent.com.mx\/?product=torre-de-iluminacion\"]}]},{\"@type\":\"BreadcrumbList\",\"@id\":\"https:\/\/manrent.com.mx\/?product=torre-de-iluminacion#breadcrumb\",\"itemListElement\":[{\"@type\":\"ListItem\",\"position\":1,\"name\":\"Inicio\",\"item\":\"https:\/\/manrent.com.mx\/\"},{\"@type\":\"ListItem\",\"position\":2,\"name\":\"Cat\u00e1logo de Productos\",\"item\":\"https:\/\/manrent.com.mx\/?page_id=3037\"},{\"@type\":\"ListItem\",\"position\":3,\"name\":\"Torre de Iluminaci\u00f3n\"}]},{\"@type\":\"WebSite\",\"@id\":\"https:\/\/manrent.com.mx\/#website\",\"url\":\"https:\/\/manrent.com.mx\/\",\"name\":\"MANRENT\",\"description\":\"Renta de Maquinaria Pesada y Equipo\",\"publisher\":{\"@id\":\"https:\/\/manrent.com.mx\/#organization\"},\"potentialAction\":[{\"@type\":\"SearchAction\",\"target\":{\"@type\":\"EntryPoint\",\"urlTemplate\":\"https:\/\/manrent.com.mx\/?s={search_term_string}\"},\"query-input\":\"required name=search_term_string\"}],\"inLanguage\":\"es-MX\"},{\"@type\":\"Organization\",\"@id\":\"https:\/\/manrent.com.mx\/#organization\",\"name\":\"Manrent\",\"url\":\"https:\/\/manrent.com.mx\/\",\"logo\":{\"@type\":\"ImageObject\",\"inLanguage\":\"es-MX\",\"@id\":\"https:\/\/manrent.com.mx\/#\/schema\/logo\/image\/\",\"url\":\"https:\/\/manrent.com.mx\/wp-content\/uploads\/2020\/12\/LOGO-SIN-FONDO-NUEVO-2.png\",\"contentUrl\":\"https:\/\/manrent.com.mx\/wp-content\/uploads\/2020\/12\/LOGO-SIN-FONDO-NUEVO-2.png\",\"width\":262,\"height\":168,\"caption\":\"Manrent\"},\"image\":{\"@id\":\"https:\/\/manrent.com.mx\/#\/schema\/logo\/image\/\"}}]}<\/script>\n<!-- \/ Yoast SEO plugin. -->","yoast_head_json":{"title":"Torre de Iluminaci\u00f3n - MANRENT","robots":{"index":"index","follow":"follow","max-snippet":"max-snippet:-1","max-image-preview":"max-image-preview:large","max-video-preview":"max-video-preview:-1"},"canonical":"https:\/\/manrent.com.mx\/?product=torre-de-iluminacion","og_locale":"es_MX","og_type":"article","og_title":"Torre de Iluminaci\u00f3n - MANRENT","og_description":"MARCA ALLMAND Modelo NL PRO y NL PRO-KDH Motor Diesel de refrigeraci\u00f3n l\u00edquida a 1800 rpm incluye: Kohler KDW 1003 11.5 hp | 7.5 kW generador (es\u00e1ndar) Kubota D-1005 BG 11.7 hp | 7.5 kW generador (opcional) Kubota D-1105 BG 13.5 hp | 8 kW generador (opcional) Caterpillar C1.1 13.3 hp | 8kW generador (opcional) [&hellip;]","og_url":"https:\/\/manrent.com.mx\/?product=torre-de-iluminacion","og_site_name":"MANRENT","article_modified_time":"2023-04-24T19:28:55+00:00","og_image":[{"width":1200,"height":1600,"url":"https:\/\/manrent.com.mx\/wp-content\/uploads\/2023\/04\/Torre-de-iluminacion.jpg","type":"image\/jpeg"}],"twitter_card":"summary_large_image","twitter_misc":{"Tiempo de lectura":"2 minutos"},"schema":{"@context":"https:\/\/schema.org","@graph":[{"@type":"WebPage","@id":"https:\/\/manrent.com.mx\/?product=torre-de-iluminacion","url":"https:\/\/manrent.com.mx\/?product=torre-de-iluminacion","name":"Torre de Iluminaci\u00f3n - MANRENT","isPartOf":{"@id":"https:\/\/manrent.com.mx\/#website"},"datePublished":"2023-04-14T20:53:55+00:00","dateModified":"2023-04-24T19:28:55+00:00","breadcrumb":{"@id":"https:\/\/manrent.com.mx\/?product=torre-de-iluminacion#breadcrumb"},"inLanguage":"es-MX","potentialAction":[{"@type":"ReadAction","target":["https:\/\/manrent.com.mx\/?product=torre-de-iluminacion"]}]},{"@type":"BreadcrumbList","@id":"https:\/\/manrent.com.mx\/?product=torre-de-iluminacion#breadcrumb","itemListElement":[{"@type":"ListItem","position":1,"name":"Inicio","item":"https:\/\/manrent.com.mx\/"},{"@type":"ListItem","position":2,"name":"Cat\u00e1logo de Productos","item":"https:\/\/manrent.com.mx\/?page_id=3037"},{"@type":"ListItem","position":3,"name":"Torre de Iluminaci\u00f3n"}]},{"@type":"WebSite","@id":"https:\/\/manrent.com.mx\/#website","url":"https:\/\/manrent.com.mx\/","name":"MANRENT","description":"Renta de Maquinaria Pesada y Equipo","publisher":{"@id":"https:\/\/manrent.com.mx\/#organization"},"potentialAction":[{"@type":"SearchAction","target":{"@type":"EntryPoint","urlTemplate":"https:\/\/manrent.com.mx\/?s={search_term_string}"},"query-input":"required name=search_term_string"}],"inLanguage":"es-MX"},{"@type":"Organization","@id":"https:\/\/manrent.com.mx\/#organization","name":"Manrent","url":"https:\/\/manrent.com.mx\/","logo":{"@type":"ImageObject","inLanguage":"es-MX","@id":"https:\/\/manrent.com.mx\/#\/schema\/logo\/image\/","url":"https:\/\/manrent.com.mx\/wp-content\/uploads\/2020\/12\/LOGO-SIN-FONDO-NUEVO-2.png","contentUrl":"https:\/\/manrent.com.mx\/wp-content\/uploads\/2020\/12\/LOGO-SIN-FONDO-NUEVO-2.png","width":262,"height":168,"caption":"Manrent"},"image":{"@id":"https:\/\/manrent.com.mx\/#\/schema\/logo\/image\/"}}]}},"jetpack_sharing_enabled":true,"_links":{"self":[{"href":"https:\/\/manrent.com.mx\/index.php?rest_route=\/wp\/v2\/product\/3216"}],"collection":[{"href":"https:\/\/manrent.com.mx\/index.php?rest_route=\/wp\/v2\/product"}],"about":[{"href":"https:\/\/manrent.com.mx\/index.php?rest_route=\/wp\/v2\/types\/product"}],"replies":[{"embeddable":true,"href":"https:\/\/manrent.com.mx\/index.php?rest_route=%2Fwp%2Fv2%2Fcomments&post=3216"}],"version-history":[{"count":1,"href":"https:\/\/manrent.com.mx\/index.php?rest_route=\/wp\/v2\/product\/3216\/revisions"}],"predecessor-version":[{"id":3217,"href":"https:\/\/manrent.com.mx\/index.php?rest_route=\/wp\/v2\/product\/3216\/revisions\/3217"}],"wp:featuredmedia":[{"embeddable":true,"href":"https:\/\/manrent.com.mx\/index.php?rest_route=\/wp\/v2\/media\/3253"}],"wp:attachment":[{"href":"https:\/\/manrent.com.mx\/index.php?rest_route=%2Fwp%2Fv2%2Fmedia&parent=3216"}],"wp:term":[{"taxonomy":"product_cat","embeddable":true,"href":"https:\/\/manrent.com.mx\/index.php?rest_route=%2Fwp%2Fv2%2Fproduct_cat&post=3216"},{"taxonomy":"product_tag","embeddable":true,"href":"https:\/\/manrent.com.mx\/index.php?rest_route=%2Fwp%2Fv2%2Fproduct_tag&post=3216"}],"curies":[{"name":"wp","href":"https:\/\/api.w.org\/{rel}","templated":true}]}}