{"id":3202,"date":"2023-04-14T15:06:37","date_gmt":"2023-04-14T20:06:37","guid":{"rendered":"https:\/\/manrent.com.mx\/?post_type=product&#038;p=3202"},"modified":"2023-04-24T14:41:33","modified_gmt":"2023-04-24T19:41:33","slug":"cargador-sobre-neumaticos","status":"publish","type":"product","link":"https:\/\/manrent.com.mx\/?product=cargador-sobre-neumaticos","title":{"rendered":"Cargador sobre Neum\u00e1ticos"},"content":{"rendered":"<p>MARCA CASE<\/p>\n<p>Modelo 921F<\/p>\n<div class=\"ewa-rteLine\">Motor FPTNEF N67<\/div>\n<div class=\"ewa-rteLine\">Cilindros6<\/div>\n<div class=\"ewa-rteLine\">Cilindrada (l)6,7<\/div>\n<div class=\"ewa-rteLine\">Toma de aire Turbocompresor con refrigeraci\u00f3n aire-aire. Sin uso de v\u00e1lvulas EGR: Se toma solo aire fresco para la combusti\u00f3n y no se necesita ning\u00fan sistema de refrigeraci\u00f3n.<\/div>\n<div class=\"ewa-rteLine\">Inyecci\u00f3n M\u00faltiple Common Rail.<\/div>\n<div class=\"ewa-rteLine\">Sistema de postratamientoHI-eSCR (DOC + SCR)<\/div>\n<div class=\"ewa-rteLine\">Nivel de emisi\u00f3nCumple con la Fase IV de la UE y con la Fase Final IV de neum\u00e1ticos de los EE.UU.<\/div>\n<div class=\"ewa-rteLine\">Potencia m\u00e1x. (kW)190<\/div>\n<div class=\"ewa-rteLine\">Potencia m\u00e1x. (hp)255<\/div>\n<div class=\"ewa-rteLine\">(@rpm)1600 (SAE J1995\/ISO 14396)<\/div>\n<div class=\"ewa-rteLine\">Par m\u00e1x. (N.m)1300<\/div>\n<div class=\"ewa-rteLine\">(@rpm)1300 (SAE J1349) Tensi\u00f3n de funcionamiento 24 V<\/div>\n<div class=\"ewa-rteLine\">Amperaje del generador 65 amperios<\/div>\n<div class=\"ewa-rteLine\">Balanceo del eje trasero 24 grados<\/div>\n<div class=\"ewa-rteLine\">Tama\u00f1o del neum\u00e1tico 23.5 25 L3<\/div>\n<div class=\"ewa-rteLine\">Peso \u00fatil 19857.4 kg<\/div>\n<div class=\"ewa-rteLine\">Volumen de combustible 287.7 l.<\/div>\n<div class=\"ewa-rteLine\">Volumen del fluido del sistema hidr\u00e1ulico 200.6 l.<\/div>\n<div class=\"ewa-rteLine\">Volumen de aceite del motor 15.1 l.<\/div>\n<div class=\"ewa-rteLine\">Volumen del fluido del sistema refrigerante 30 l.<\/div>\n<div class=\"ewa-rteLine\">Volumen del fluido del sistema de transmisi\u00f3n 34.1 l.<\/div>\n<div class=\"ewa-rteLine\">Peso l\u00edmite de equilibrio est\u00e1tico 16579.3 kg Longitud con la pala a nivel del suelo 7976 mm<\/div>\n<div class=\"ewa-rteLine\">Anchura entre neum\u00e1ticos 2890 mm<\/div>\n<div class=\"ewa-rteLine\">Altura hasta la parte superior de la cabina 3450 mm<\/div>\n<div class=\"ewa-rteLine\">Despeje sobre el suelo 415 mm<\/div>\n<div class=\"ewa-rteLine\">Eje de ruedas 3340 mm<\/div>\n<div class=\"ewa-rteLine\">Altura m\u00e1xima hasta el codo del brazo 4118 mm<\/div>\n<div class=\"ewa-rteLine\">Alcance a m\u00e1xima elevaci\u00f3n y descarga 1194 mm<\/div>\n","protected":false},"excerpt":{"rendered":"<p>MARCA CASE Modelo 921F Motor FPTNEF N67 Cilindros6 Cilindrada (l)6,7 Toma de aire Turbocompresor con refrigeraci\u00f3n aire-aire. Sin uso de v\u00e1lvulas EGR: Se toma solo aire fresco para la combusti\u00f3n y no se necesita ning\u00fan sistema de refrigeraci\u00f3n. Inyecci\u00f3n M\u00faltiple Common Rail. Sistema de postratamientoHI-eSCR (DOC + SCR) Nivel de emisi\u00f3nCumple con la Fase IV [&hellip;]<\/p>\n","protected":false},"featured_media":3257,"comment_status":"open","ping_status":"closed","template":"","meta":{"_eb_attr":"","site-sidebar-layout":"right-sidebar","site-content-layout":"default","ast-site-content-layout":"","site-content-style":"default","site-sidebar-style":"default","ast-global-header-display":"","ast-banner-title-visibility":"","ast-main-header-display":"","ast-hfb-above-header-display":"","ast-hfb-below-header-display":"","ast-hfb-mobile-header-display":"","site-post-title":"","ast-breadcrumbs-content":"","ast-featured-img":"","footer-sml-layout":"","theme-transparent-header-meta":"default","adv-header-id-meta":"","stick-header-meta":"","header-above-stick-meta":"","header-main-stick-meta":"","header-below-stick-meta":"","astra-migrate-meta-layouts":"default","ast-page-background-enabled":"default","ast-page-background-meta":{"desktop":{"background-color":"","background-image":"","background-repeat":"repeat","background-position":"center center","background-size":"auto","background-attachment":"scroll","background-type":"","background-media":"","overlay-type":"","overlay-color":"","overlay-opacity":"","overlay-gradient":""},"tablet":{"background-color":"","background-image":"","background-repeat":"repeat","background-position":"center center","background-size":"auto","background-attachment":"scroll","background-type":"","background-media":"","overlay-type":"","overlay-color":"","overlay-opacity":"","overlay-gradient":""},"mobile":{"background-color":"","background-image":"","background-repeat":"repeat","background-position":"center center","background-size":"auto","background-attachment":"scroll","background-type":"","background-media":"","overlay-type":"","overlay-color":"","overlay-opacity":"","overlay-gradient":""}},"ast-content-background-meta":{"desktop":{"background-color":"var(--ast-global-color-5)","background-image":"","background-repeat":"repeat","background-position":"center center","background-size":"auto","background-attachment":"scroll","background-type":"","background-media":"","overlay-type":"","overlay-color":"","overlay-opacity":"","overlay-gradient":""},"tablet":{"background-color":"var(--ast-global-color-5)","background-image":"","background-repeat":"repeat","background-position":"center center","background-size":"auto","background-attachment":"scroll","background-type":"","background-media":"","overlay-type":"","overlay-color":"","overlay-opacity":"","overlay-gradient":""},"mobile":{"background-color":"var(--ast-global-color-5)","background-image":"","background-repeat":"repeat","background-position":"center center","background-size":"auto","background-attachment":"scroll","background-type":"","background-media":"","overlay-type":"","overlay-color":"","overlay-opacity":"","overlay-gradient":""}},"_joinchat":[]},"product_cat":[24],"product_tag":[95,96,76,79],"yoast_head":"<!-- This site is optimized with the Yoast SEO plugin v21.8.1 - https:\/\/yoast.com\/wordpress\/plugins\/seo\/ -->\n<title>Cargador sobre Neum\u00e1ticos - MANRENT<\/title>\n<meta name=\"robots\" content=\"index, follow, max-snippet:-1, max-image-preview:large, max-video-preview:-1\" \/>\n<link rel=\"canonical\" href=\"https:\/\/manrent.com.mx\/?product=cargador-sobre-neumaticos\" \/>\n<meta property=\"og:locale\" content=\"es_MX\" \/>\n<meta property=\"og:type\" content=\"article\" \/>\n<meta property=\"og:title\" content=\"Cargador sobre Neum\u00e1ticos - MANRENT\" \/>\n<meta property=\"og:description\" content=\"MARCA CASE Modelo 921F Motor FPTNEF N67 Cilindros6 Cilindrada (l)6,7 Toma de aire Turbocompresor con refrigeraci\u00f3n aire-aire. Sin uso de v\u00e1lvulas EGR: Se toma solo aire fresco para la combusti\u00f3n y no se necesita ning\u00fan sistema de refrigeraci\u00f3n. Inyecci\u00f3n M\u00faltiple Common Rail. Sistema de postratamientoHI-eSCR (DOC + SCR) Nivel de emisi\u00f3nCumple con la Fase IV [&hellip;]\" \/>\n<meta property=\"og:url\" content=\"https:\/\/manrent.com.mx\/?product=cargador-sobre-neumaticos\" \/>\n<meta property=\"og:site_name\" content=\"MANRENT\" \/>\n<meta property=\"article:modified_time\" content=\"2023-04-24T19:41:33+00:00\" \/>\n<meta property=\"og:image\" content=\"https:\/\/manrent.com.mx\/wp-content\/uploads\/2023\/04\/Cargador-sobre-neumaticos.jpg\" \/>\n\t<meta property=\"og:image:width\" content=\"768\" \/>\n\t<meta property=\"og:image:height\" content=\"1024\" \/>\n\t<meta property=\"og:image:type\" content=\"image\/jpeg\" \/>\n<meta name=\"twitter:card\" content=\"summary_large_image\" \/>\n<meta name=\"twitter:label1\" content=\"Tiempo de lectura\" \/>\n\t<meta name=\"twitter:data1\" content=\"1 minuto\" \/>\n<script type=\"application\/ld+json\" class=\"yoast-schema-graph\">{\"@context\":\"https:\/\/schema.org\",\"@graph\":[{\"@type\":\"WebPage\",\"@id\":\"https:\/\/manrent.com.mx\/?product=cargador-sobre-neumaticos\",\"url\":\"https:\/\/manrent.com.mx\/?product=cargador-sobre-neumaticos\",\"name\":\"Cargador sobre Neum\u00e1ticos - MANRENT\",\"isPartOf\":{\"@id\":\"https:\/\/manrent.com.mx\/#website\"},\"datePublished\":\"2023-04-14T20:06:37+00:00\",\"dateModified\":\"2023-04-24T19:41:33+00:00\",\"breadcrumb\":{\"@id\":\"https:\/\/manrent.com.mx\/?product=cargador-sobre-neumaticos#breadcrumb\"},\"inLanguage\":\"es-MX\",\"potentialAction\":[{\"@type\":\"ReadAction\",\"target\":[\"https:\/\/manrent.com.mx\/?product=cargador-sobre-neumaticos\"]}]},{\"@type\":\"BreadcrumbList\",\"@id\":\"https:\/\/manrent.com.mx\/?product=cargador-sobre-neumaticos#breadcrumb\",\"itemListElement\":[{\"@type\":\"ListItem\",\"position\":1,\"name\":\"Inicio\",\"item\":\"https:\/\/manrent.com.mx\/\"},{\"@type\":\"ListItem\",\"position\":2,\"name\":\"Cat\u00e1logo de Productos\",\"item\":\"https:\/\/manrent.com.mx\/?page_id=3037\"},{\"@type\":\"ListItem\",\"position\":3,\"name\":\"Cargador sobre Neum\u00e1ticos\"}]},{\"@type\":\"WebSite\",\"@id\":\"https:\/\/manrent.com.mx\/#website\",\"url\":\"https:\/\/manrent.com.mx\/\",\"name\":\"MANRENT\",\"description\":\"Renta de Maquinaria Pesada y Equipo\",\"publisher\":{\"@id\":\"https:\/\/manrent.com.mx\/#organization\"},\"potentialAction\":[{\"@type\":\"SearchAction\",\"target\":{\"@type\":\"EntryPoint\",\"urlTemplate\":\"https:\/\/manrent.com.mx\/?s={search_term_string}\"},\"query-input\":\"required name=search_term_string\"}],\"inLanguage\":\"es-MX\"},{\"@type\":\"Organization\",\"@id\":\"https:\/\/manrent.com.mx\/#organization\",\"name\":\"Manrent\",\"url\":\"https:\/\/manrent.com.mx\/\",\"logo\":{\"@type\":\"ImageObject\",\"inLanguage\":\"es-MX\",\"@id\":\"https:\/\/manrent.com.mx\/#\/schema\/logo\/image\/\",\"url\":\"https:\/\/manrent.com.mx\/wp-content\/uploads\/2020\/12\/LOGO-SIN-FONDO-NUEVO-2.png\",\"contentUrl\":\"https:\/\/manrent.com.mx\/wp-content\/uploads\/2020\/12\/LOGO-SIN-FONDO-NUEVO-2.png\",\"width\":262,\"height\":168,\"caption\":\"Manrent\"},\"image\":{\"@id\":\"https:\/\/manrent.com.mx\/#\/schema\/logo\/image\/\"}}]}<\/script>\n<!-- \/ Yoast SEO plugin. -->","yoast_head_json":{"title":"Cargador sobre Neum\u00e1ticos - MANRENT","robots":{"index":"index","follow":"follow","max-snippet":"max-snippet:-1","max-image-preview":"max-image-preview:large","max-video-preview":"max-video-preview:-1"},"canonical":"https:\/\/manrent.com.mx\/?product=cargador-sobre-neumaticos","og_locale":"es_MX","og_type":"article","og_title":"Cargador sobre Neum\u00e1ticos - MANRENT","og_description":"MARCA CASE Modelo 921F Motor FPTNEF N67 Cilindros6 Cilindrada (l)6,7 Toma de aire Turbocompresor con refrigeraci\u00f3n aire-aire. Sin uso de v\u00e1lvulas EGR: Se toma solo aire fresco para la combusti\u00f3n y no se necesita ning\u00fan sistema de refrigeraci\u00f3n. Inyecci\u00f3n M\u00faltiple Common Rail. Sistema de postratamientoHI-eSCR (DOC + SCR) Nivel de emisi\u00f3nCumple con la Fase IV [&hellip;]","og_url":"https:\/\/manrent.com.mx\/?product=cargador-sobre-neumaticos","og_site_name":"MANRENT","article_modified_time":"2023-04-24T19:41:33+00:00","og_image":[{"width":768,"height":1024,"url":"https:\/\/manrent.com.mx\/wp-content\/uploads\/2023\/04\/Cargador-sobre-neumaticos.jpg","type":"image\/jpeg"}],"twitter_card":"summary_large_image","twitter_misc":{"Tiempo de lectura":"1 minuto"},"schema":{"@context":"https:\/\/schema.org","@graph":[{"@type":"WebPage","@id":"https:\/\/manrent.com.mx\/?product=cargador-sobre-neumaticos","url":"https:\/\/manrent.com.mx\/?product=cargador-sobre-neumaticos","name":"Cargador sobre Neum\u00e1ticos - MANRENT","isPartOf":{"@id":"https:\/\/manrent.com.mx\/#website"},"datePublished":"2023-04-14T20:06:37+00:00","dateModified":"2023-04-24T19:41:33+00:00","breadcrumb":{"@id":"https:\/\/manrent.com.mx\/?product=cargador-sobre-neumaticos#breadcrumb"},"inLanguage":"es-MX","potentialAction":[{"@type":"ReadAction","target":["https:\/\/manrent.com.mx\/?product=cargador-sobre-neumaticos"]}]},{"@type":"BreadcrumbList","@id":"https:\/\/manrent.com.mx\/?product=cargador-sobre-neumaticos#breadcrumb","itemListElement":[{"@type":"ListItem","position":1,"name":"Inicio","item":"https:\/\/manrent.com.mx\/"},{"@type":"ListItem","position":2,"name":"Cat\u00e1logo de Productos","item":"https:\/\/manrent.com.mx\/?page_id=3037"},{"@type":"ListItem","position":3,"name":"Cargador sobre Neum\u00e1ticos"}]},{"@type":"WebSite","@id":"https:\/\/manrent.com.mx\/#website","url":"https:\/\/manrent.com.mx\/","name":"MANRENT","description":"Renta de Maquinaria Pesada y Equipo","publisher":{"@id":"https:\/\/manrent.com.mx\/#organization"},"potentialAction":[{"@type":"SearchAction","target":{"@type":"EntryPoint","urlTemplate":"https:\/\/manrent.com.mx\/?s={search_term_string}"},"query-input":"required name=search_term_string"}],"inLanguage":"es-MX"},{"@type":"Organization","@id":"https:\/\/manrent.com.mx\/#organization","name":"Manrent","url":"https:\/\/manrent.com.mx\/","logo":{"@type":"ImageObject","inLanguage":"es-MX","@id":"https:\/\/manrent.com.mx\/#\/schema\/logo\/image\/","url":"https:\/\/manrent.com.mx\/wp-content\/uploads\/2020\/12\/LOGO-SIN-FONDO-NUEVO-2.png","contentUrl":"https:\/\/manrent.com.mx\/wp-content\/uploads\/2020\/12\/LOGO-SIN-FONDO-NUEVO-2.png","width":262,"height":168,"caption":"Manrent"},"image":{"@id":"https:\/\/manrent.com.mx\/#\/schema\/logo\/image\/"}}]}},"jetpack_sharing_enabled":true,"_links":{"self":[{"href":"https:\/\/manrent.com.mx\/index.php?rest_route=\/wp\/v2\/product\/3202"}],"collection":[{"href":"https:\/\/manrent.com.mx\/index.php?rest_route=\/wp\/v2\/product"}],"about":[{"href":"https:\/\/manrent.com.mx\/index.php?rest_route=\/wp\/v2\/types\/product"}],"replies":[{"embeddable":true,"href":"https:\/\/manrent.com.mx\/index.php?rest_route=%2Fwp%2Fv2%2Fcomments&post=3202"}],"version-history":[{"count":1,"href":"https:\/\/manrent.com.mx\/index.php?rest_route=\/wp\/v2\/product\/3202\/revisions"}],"predecessor-version":[{"id":3203,"href":"https:\/\/manrent.com.mx\/index.php?rest_route=\/wp\/v2\/product\/3202\/revisions\/3203"}],"wp:featuredmedia":[{"embeddable":true,"href":"https:\/\/manrent.com.mx\/index.php?rest_route=\/wp\/v2\/media\/3257"}],"wp:attachment":[{"href":"https:\/\/manrent.com.mx\/index.php?rest_route=%2Fwp%2Fv2%2Fmedia&parent=3202"}],"wp:term":[{"taxonomy":"product_cat","embeddable":true,"href":"https:\/\/manrent.com.mx\/index.php?rest_route=%2Fwp%2Fv2%2Fproduct_cat&post=3202"},{"taxonomy":"product_tag","embeddable":true,"href":"https:\/\/manrent.com.mx\/index.php?rest_route=%2Fwp%2Fv2%2Fproduct_tag&post=3202"}],"curies":[{"name":"wp","href":"https:\/\/api.w.org\/{rel}","templated":true}]}}