{"id":3190,"date":"2023-04-14T14:43:24","date_gmt":"2023-04-14T19:43:24","guid":{"rendered":"https:\/\/manrent.com.mx\/?post_type=product&#038;p=3190"},"modified":"2023-04-28T13:16:31","modified_gmt":"2023-04-28T18:16:31","slug":"perforadora-de-pilas-2","status":"publish","type":"product","link":"https:\/\/manrent.com.mx\/?product=perforadora-de-pilas-2","title":{"rendered":"Perforadora de Pilas BG20H"},"content":{"rendered":"<p>MARCA BAUER<\/p>\n<p>Modelo BG20H VL<\/p>\n<div class=\"ewa-rteLine\">Torque (nominal) para funcionamiento con carcasa a 350 bar 200 kNm<\/div>\n<div class=\"ewa-rteLine\">m\u00e1x. velocidad de rotaci\u00f3n 33 rpm<\/div>\n<div class=\"ewa-rteLine\">Cabrestante multitud<\/div>\n<div class=\"ewa-rteLine\">M\u00e1x. carrera de trineo 16.300 mm<\/div>\n<div class=\"ewa-rteLine\">Fuerza de empuje y tracci\u00f3n, efectiva\/nominal 260 \/ 333 kN<\/div>\n<div class=\"ewa-rteLine\">Cuerda di\u00e1metro 22 mm<\/div>\n<div class=\"ewa-rteLine\">Velocidad (abajo\/arriba) 10,5 m\/min<\/div>\n<div class=\"ewa-rteLine\">Velocidad r\u00e1pida (abajo\/arriba) 30,5 m\/min<\/div>\n<div class=\"ewa-rteLine\">Cabrestante principal<\/div>\n<div class=\"ewa-rteLine\">Clasificaci\u00f3n de cabrestante M6 \/ L3 \/ T5<\/div>\n<div class=\"ewa-rteLine\">Tracci\u00f3n de l\u00ednea (primera capa) efectiva\/nominal 170 \/ 210 kN<\/div>\n<div class=\"ewa-rteLine\">Cuerda di\u00e1metro 26 mm<\/div>\n<div class=\"ewa-rteLine\">M\u00e1x. velocidad de l\u00ednea 83 m\/min<\/div>\n<div class=\"ewa-rteLine\">Cabrestante auxiliar<\/div>\n<div class=\"ewa-rteLine\">Tracci\u00f3n de l\u00ednea (primera capa) efectiva\/nominal 35 \/ 45 kN<\/div>\n<div class=\"ewa-rteLine\">Cuerda di\u00e1metro 15 mm<\/div>\n<div class=\"ewa-rteLine\">M\u00e1x. velocidad de l\u00ednea 58 m\/min<\/div>\n","protected":false},"excerpt":{"rendered":"<p>MARCA BAUER Modelo BG20H VL Torque (nominal) para funcionamiento con carcasa a 350 bar 200 kNm m\u00e1x. velocidad de rotaci\u00f3n 33 rpm Cabrestante multitud M\u00e1x. carrera de trineo 16.300 mm Fuerza de empuje y tracci\u00f3n, efectiva\/nominal 260 \/ 333 kN Cuerda di\u00e1metro 22 mm Velocidad (abajo\/arriba) 10,5 m\/min Velocidad r\u00e1pida (abajo\/arriba) 30,5 m\/min Cabrestante principal [&hellip;]<\/p>\n","protected":false},"featured_media":3366,"comment_status":"open","ping_status":"closed","template":"","meta":{"_eb_attr":"","site-sidebar-layout":"right-sidebar","site-content-layout":"default","ast-site-content-layout":"","site-content-style":"default","site-sidebar-style":"default","ast-global-header-display":"","ast-banner-title-visibility":"","ast-main-header-display":"","ast-hfb-above-header-display":"","ast-hfb-below-header-display":"","ast-hfb-mobile-header-display":"","site-post-title":"","ast-breadcrumbs-content":"","ast-featured-img":"","footer-sml-layout":"","theme-transparent-header-meta":"default","adv-header-id-meta":"","stick-header-meta":"","header-above-stick-meta":"","header-main-stick-meta":"","header-below-stick-meta":"","astra-migrate-meta-layouts":"default","ast-page-background-enabled":"default","ast-page-background-meta":{"desktop":{"background-color":"","background-image":"","background-repeat":"repeat","background-position":"center center","background-size":"auto","background-attachment":"scroll","background-type":"","background-media":"","overlay-type":"","overlay-color":"","overlay-opacity":"","overlay-gradient":""},"tablet":{"background-color":"","background-image":"","background-repeat":"repeat","background-position":"center center","background-size":"auto","background-attachment":"scroll","background-type":"","background-media":"","overlay-type":"","overlay-color":"","overlay-opacity":"","overlay-gradient":""},"mobile":{"background-color":"","background-image":"","background-repeat":"repeat","background-position":"center center","background-size":"auto","background-attachment":"scroll","background-type":"","background-media":"","overlay-type":"","overlay-color":"","overlay-opacity":"","overlay-gradient":""}},"ast-content-background-meta":{"desktop":{"background-color":"var(--ast-global-color-5)","background-image":"","background-repeat":"repeat","background-position":"center center","background-size":"auto","background-attachment":"scroll","background-type":"","background-media":"","overlay-type":"","overlay-color":"","overlay-opacity":"","overlay-gradient":""},"tablet":{"background-color":"var(--ast-global-color-5)","background-image":"","background-repeat":"repeat","background-position":"center center","background-size":"auto","background-attachment":"scroll","background-type":"","background-media":"","overlay-type":"","overlay-color":"","overlay-opacity":"","overlay-gradient":""},"mobile":{"background-color":"var(--ast-global-color-5)","background-image":"","background-repeat":"repeat","background-position":"center center","background-size":"auto","background-attachment":"scroll","background-type":"","background-media":"","overlay-type":"","overlay-color":"","overlay-opacity":"","overlay-gradient":""}},"_joinchat":[]},"product_cat":[20],"product_tag":[86,88,72,85],"yoast_head":"<!-- This site is optimized with the Yoast SEO plugin v21.8.1 - https:\/\/yoast.com\/wordpress\/plugins\/seo\/ -->\n<title>Perforadora de Pilas BG20H - MANRENT<\/title>\n<meta name=\"robots\" content=\"index, follow, max-snippet:-1, max-image-preview:large, max-video-preview:-1\" \/>\n<link rel=\"canonical\" href=\"https:\/\/manrent.com.mx\/?product=perforadora-de-pilas-2\" \/>\n<meta property=\"og:locale\" content=\"es_MX\" \/>\n<meta property=\"og:type\" content=\"article\" \/>\n<meta property=\"og:title\" content=\"Perforadora de Pilas BG20H - MANRENT\" \/>\n<meta property=\"og:description\" content=\"MARCA BAUER Modelo BG20H VL Torque (nominal) para funcionamiento con carcasa a 350 bar 200 kNm m\u00e1x. velocidad de rotaci\u00f3n 33 rpm Cabrestante multitud M\u00e1x. carrera de trineo 16.300 mm Fuerza de empuje y tracci\u00f3n, efectiva\/nominal 260 \/ 333 kN Cuerda di\u00e1metro 22 mm Velocidad (abajo\/arriba) 10,5 m\/min Velocidad r\u00e1pida (abajo\/arriba) 30,5 m\/min Cabrestante principal [&hellip;]\" \/>\n<meta property=\"og:url\" content=\"https:\/\/manrent.com.mx\/?product=perforadora-de-pilas-2\" \/>\n<meta property=\"og:site_name\" content=\"MANRENT\" \/>\n<meta property=\"article:modified_time\" content=\"2023-04-28T18:16:31+00:00\" \/>\n<meta property=\"og:image\" content=\"https:\/\/manrent.com.mx\/wp-content\/uploads\/2023\/04\/perforadora-bg20.jpeg\" \/>\n\t<meta property=\"og:image:width\" content=\"1152\" \/>\n\t<meta property=\"og:image:height\" content=\"568\" \/>\n\t<meta property=\"og:image:type\" content=\"image\/jpeg\" \/>\n<meta name=\"twitter:card\" content=\"summary_large_image\" \/>\n<meta name=\"twitter:label1\" content=\"Tiempo de lectura\" \/>\n\t<meta name=\"twitter:data1\" content=\"1 minuto\" \/>\n<script type=\"application\/ld+json\" class=\"yoast-schema-graph\">{\"@context\":\"https:\/\/schema.org\",\"@graph\":[{\"@type\":\"WebPage\",\"@id\":\"https:\/\/manrent.com.mx\/?product=perforadora-de-pilas-2\",\"url\":\"https:\/\/manrent.com.mx\/?product=perforadora-de-pilas-2\",\"name\":\"Perforadora de Pilas BG20H - MANRENT\",\"isPartOf\":{\"@id\":\"https:\/\/manrent.com.mx\/#website\"},\"datePublished\":\"2023-04-14T19:43:24+00:00\",\"dateModified\":\"2023-04-28T18:16:31+00:00\",\"breadcrumb\":{\"@id\":\"https:\/\/manrent.com.mx\/?product=perforadora-de-pilas-2#breadcrumb\"},\"inLanguage\":\"es-MX\",\"potentialAction\":[{\"@type\":\"ReadAction\",\"target\":[\"https:\/\/manrent.com.mx\/?product=perforadora-de-pilas-2\"]}]},{\"@type\":\"BreadcrumbList\",\"@id\":\"https:\/\/manrent.com.mx\/?product=perforadora-de-pilas-2#breadcrumb\",\"itemListElement\":[{\"@type\":\"ListItem\",\"position\":1,\"name\":\"Inicio\",\"item\":\"https:\/\/manrent.com.mx\/\"},{\"@type\":\"ListItem\",\"position\":2,\"name\":\"Cat\u00e1logo de Productos\",\"item\":\"https:\/\/manrent.com.mx\/?page_id=3037\"},{\"@type\":\"ListItem\",\"position\":3,\"name\":\"Perforadora de Pilas BG20H\"}]},{\"@type\":\"WebSite\",\"@id\":\"https:\/\/manrent.com.mx\/#website\",\"url\":\"https:\/\/manrent.com.mx\/\",\"name\":\"MANRENT\",\"description\":\"Renta de Maquinaria Pesada y Equipo\",\"publisher\":{\"@id\":\"https:\/\/manrent.com.mx\/#organization\"},\"potentialAction\":[{\"@type\":\"SearchAction\",\"target\":{\"@type\":\"EntryPoint\",\"urlTemplate\":\"https:\/\/manrent.com.mx\/?s={search_term_string}\"},\"query-input\":\"required name=search_term_string\"}],\"inLanguage\":\"es-MX\"},{\"@type\":\"Organization\",\"@id\":\"https:\/\/manrent.com.mx\/#organization\",\"name\":\"Manrent\",\"url\":\"https:\/\/manrent.com.mx\/\",\"logo\":{\"@type\":\"ImageObject\",\"inLanguage\":\"es-MX\",\"@id\":\"https:\/\/manrent.com.mx\/#\/schema\/logo\/image\/\",\"url\":\"https:\/\/manrent.com.mx\/wp-content\/uploads\/2020\/12\/LOGO-SIN-FONDO-NUEVO-2.png\",\"contentUrl\":\"https:\/\/manrent.com.mx\/wp-content\/uploads\/2020\/12\/LOGO-SIN-FONDO-NUEVO-2.png\",\"width\":262,\"height\":168,\"caption\":\"Manrent\"},\"image\":{\"@id\":\"https:\/\/manrent.com.mx\/#\/schema\/logo\/image\/\"}}]}<\/script>\n<!-- \/ Yoast SEO plugin. -->","yoast_head_json":{"title":"Perforadora de Pilas BG20H - MANRENT","robots":{"index":"index","follow":"follow","max-snippet":"max-snippet:-1","max-image-preview":"max-image-preview:large","max-video-preview":"max-video-preview:-1"},"canonical":"https:\/\/manrent.com.mx\/?product=perforadora-de-pilas-2","og_locale":"es_MX","og_type":"article","og_title":"Perforadora de Pilas BG20H - MANRENT","og_description":"MARCA BAUER Modelo BG20H VL Torque (nominal) para funcionamiento con carcasa a 350 bar 200 kNm m\u00e1x. velocidad de rotaci\u00f3n 33 rpm Cabrestante multitud M\u00e1x. carrera de trineo 16.300 mm Fuerza de empuje y tracci\u00f3n, efectiva\/nominal 260 \/ 333 kN Cuerda di\u00e1metro 22 mm Velocidad (abajo\/arriba) 10,5 m\/min Velocidad r\u00e1pida (abajo\/arriba) 30,5 m\/min Cabrestante principal [&hellip;]","og_url":"https:\/\/manrent.com.mx\/?product=perforadora-de-pilas-2","og_site_name":"MANRENT","article_modified_time":"2023-04-28T18:16:31+00:00","og_image":[{"width":1152,"height":568,"url":"https:\/\/manrent.com.mx\/wp-content\/uploads\/2023\/04\/perforadora-bg20.jpeg","type":"image\/jpeg"}],"twitter_card":"summary_large_image","twitter_misc":{"Tiempo de lectura":"1 minuto"},"schema":{"@context":"https:\/\/schema.org","@graph":[{"@type":"WebPage","@id":"https:\/\/manrent.com.mx\/?product=perforadora-de-pilas-2","url":"https:\/\/manrent.com.mx\/?product=perforadora-de-pilas-2","name":"Perforadora de Pilas BG20H - MANRENT","isPartOf":{"@id":"https:\/\/manrent.com.mx\/#website"},"datePublished":"2023-04-14T19:43:24+00:00","dateModified":"2023-04-28T18:16:31+00:00","breadcrumb":{"@id":"https:\/\/manrent.com.mx\/?product=perforadora-de-pilas-2#breadcrumb"},"inLanguage":"es-MX","potentialAction":[{"@type":"ReadAction","target":["https:\/\/manrent.com.mx\/?product=perforadora-de-pilas-2"]}]},{"@type":"BreadcrumbList","@id":"https:\/\/manrent.com.mx\/?product=perforadora-de-pilas-2#breadcrumb","itemListElement":[{"@type":"ListItem","position":1,"name":"Inicio","item":"https:\/\/manrent.com.mx\/"},{"@type":"ListItem","position":2,"name":"Cat\u00e1logo de Productos","item":"https:\/\/manrent.com.mx\/?page_id=3037"},{"@type":"ListItem","position":3,"name":"Perforadora de Pilas BG20H"}]},{"@type":"WebSite","@id":"https:\/\/manrent.com.mx\/#website","url":"https:\/\/manrent.com.mx\/","name":"MANRENT","description":"Renta de Maquinaria Pesada y Equipo","publisher":{"@id":"https:\/\/manrent.com.mx\/#organization"},"potentialAction":[{"@type":"SearchAction","target":{"@type":"EntryPoint","urlTemplate":"https:\/\/manrent.com.mx\/?s={search_term_string}"},"query-input":"required name=search_term_string"}],"inLanguage":"es-MX"},{"@type":"Organization","@id":"https:\/\/manrent.com.mx\/#organization","name":"Manrent","url":"https:\/\/manrent.com.mx\/","logo":{"@type":"ImageObject","inLanguage":"es-MX","@id":"https:\/\/manrent.com.mx\/#\/schema\/logo\/image\/","url":"https:\/\/manrent.com.mx\/wp-content\/uploads\/2020\/12\/LOGO-SIN-FONDO-NUEVO-2.png","contentUrl":"https:\/\/manrent.com.mx\/wp-content\/uploads\/2020\/12\/LOGO-SIN-FONDO-NUEVO-2.png","width":262,"height":168,"caption":"Manrent"},"image":{"@id":"https:\/\/manrent.com.mx\/#\/schema\/logo\/image\/"}}]}},"jetpack_sharing_enabled":true,"_links":{"self":[{"href":"https:\/\/manrent.com.mx\/index.php?rest_route=\/wp\/v2\/product\/3190"}],"collection":[{"href":"https:\/\/manrent.com.mx\/index.php?rest_route=\/wp\/v2\/product"}],"about":[{"href":"https:\/\/manrent.com.mx\/index.php?rest_route=\/wp\/v2\/types\/product"}],"replies":[{"embeddable":true,"href":"https:\/\/manrent.com.mx\/index.php?rest_route=%2Fwp%2Fv2%2Fcomments&post=3190"}],"version-history":[{"count":4,"href":"https:\/\/manrent.com.mx\/index.php?rest_route=\/wp\/v2\/product\/3190\/revisions"}],"predecessor-version":[{"id":3367,"href":"https:\/\/manrent.com.mx\/index.php?rest_route=\/wp\/v2\/product\/3190\/revisions\/3367"}],"wp:featuredmedia":[{"embeddable":true,"href":"https:\/\/manrent.com.mx\/index.php?rest_route=\/wp\/v2\/media\/3366"}],"wp:attachment":[{"href":"https:\/\/manrent.com.mx\/index.php?rest_route=%2Fwp%2Fv2%2Fmedia&parent=3190"}],"wp:term":[{"taxonomy":"product_cat","embeddable":true,"href":"https:\/\/manrent.com.mx\/index.php?rest_route=%2Fwp%2Fv2%2Fproduct_cat&post=3190"},{"taxonomy":"product_tag","embeddable":true,"href":"https:\/\/manrent.com.mx\/index.php?rest_route=%2Fwp%2Fv2%2Fproduct_tag&post=3190"}],"curies":[{"name":"wp","href":"https:\/\/api.w.org\/{rel}","templated":true}]}}