{"id":3177,"date":"2023-04-11T13:58:39","date_gmt":"2023-04-11T18:58:39","guid":{"rendered":"https:\/\/manrent.com.mx\/?post_type=product&#038;p=3177"},"modified":"2023-04-11T13:58:39","modified_gmt":"2023-04-11T18:58:39","slug":"excavadora-sobre-orugas-330-dl","status":"publish","type":"product","link":"https:\/\/manrent.com.mx\/?product=excavadora-sobre-orugas-330-dl","title":{"rendered":"Excavadora sobre Orugas 330 DL"},"content":{"rendered":"<p>MARCA CATERPILLAR<\/p>\n<p>Modelo 330 DL<\/p>\n<div class=\"ewa-rteLine\">Peso \u00fatil 36151 kg<\/div>\n<div class=\"ewa-rteLine\">Volumen de combustible 620 l.<\/div>\n<div class=\"ewa-rteLine\">Volumen del fluido del sistema refrigerante 40 l.<\/div>\n<div class=\"ewa-rteLine\">Volumen del fluido del sistema hidr\u00e1ulico 410 l.<\/div>\n<div class=\"ewa-rteLine\">Volumen de aceite del motor 40 l.<\/div>\n<div class=\"ewa-rteLine\">Volumen del fluido del mecanismo del cambio de longitud de la pluma 11.4 l.<\/div>\n<div class=\"ewa-rteLine\">Tensi\u00f3n de funcionamiento 24 V<\/div>\n<div class=\"ewa-rteLine\">Amperaje del generador 65 amperios<\/div>\n<div class=\"ewa-rteLine\">Presi\u00f3n de la v\u00e1lvula de regulaci\u00f3n del sistema hidr\u00e1ulico 36000 kPa<\/div>\n<div class=\"ewa-rteLine\">Capacidad de la bomba hidr\u00e1ulica 560 l\/minAncho hasta el lado exterior de la cadena de oruga 3390 mm<\/div>\n<div class=\"ewa-rteLine\">Altura hasta la parte superior de la cabina 3140 mm<\/div>\n<div class=\"ewa-rteLine\">Despeje sobre el suelo 450 mm<\/div>\n<div class=\"ewa-rteLine\">Despeje del contrapeso sobre el suelo 1220 mm<\/div>\n<div class=\"ewa-rteLine\">Radio de giro de la parte trasera de la plataforma 3500 mm<\/div>\n","protected":false},"excerpt":{"rendered":"<p>MARCA CATERPILLAR Modelo 330 DL Peso \u00fatil 36151 kg Volumen de combustible 620 l. Volumen del fluido del sistema refrigerante 40 l. Volumen del fluido del sistema hidr\u00e1ulico 410 l. Volumen de aceite del motor 40 l. Volumen del fluido del mecanismo del cambio de longitud de la pluma 11.4 l. Tensi\u00f3n de funcionamiento 24 [&hellip;]<\/p>\n","protected":false},"featured_media":3178,"comment_status":"open","ping_status":"closed","template":"","meta":{"_eb_attr":"","site-sidebar-layout":"right-sidebar","site-content-layout":"default","ast-site-content-layout":"","site-content-style":"default","site-sidebar-style":"default","ast-global-header-display":"","ast-banner-title-visibility":"","ast-main-header-display":"","ast-hfb-above-header-display":"","ast-hfb-below-header-display":"","ast-hfb-mobile-header-display":"","site-post-title":"","ast-breadcrumbs-content":"","ast-featured-img":"","footer-sml-layout":"","theme-transparent-header-meta":"default","adv-header-id-meta":"","stick-header-meta":"","header-above-stick-meta":"","header-main-stick-meta":"","header-below-stick-meta":"","astra-migrate-meta-layouts":"default","ast-page-background-enabled":"default","ast-page-background-meta":{"desktop":{"background-color":"","background-image":"","background-repeat":"repeat","background-position":"center center","background-size":"auto","background-attachment":"scroll","background-type":"","background-media":"","overlay-type":"","overlay-color":"","overlay-opacity":"","overlay-gradient":""},"tablet":{"background-color":"","background-image":"","background-repeat":"repeat","background-position":"center center","background-size":"auto","background-attachment":"scroll","background-type":"","background-media":"","overlay-type":"","overlay-color":"","overlay-opacity":"","overlay-gradient":""},"mobile":{"background-color":"","background-image":"","background-repeat":"repeat","background-position":"center center","background-size":"auto","background-attachment":"scroll","background-type":"","background-media":"","overlay-type":"","overlay-color":"","overlay-opacity":"","overlay-gradient":""}},"ast-content-background-meta":{"desktop":{"background-color":"var(--ast-global-color-5)","background-image":"","background-repeat":"repeat","background-position":"center center","background-size":"auto","background-attachment":"scroll","background-type":"","background-media":"","overlay-type":"","overlay-color":"","overlay-opacity":"","overlay-gradient":""},"tablet":{"background-color":"var(--ast-global-color-5)","background-image":"","background-repeat":"repeat","background-position":"center center","background-size":"auto","background-attachment":"scroll","background-type":"","background-media":"","overlay-type":"","overlay-color":"","overlay-opacity":"","overlay-gradient":""},"mobile":{"background-color":"var(--ast-global-color-5)","background-image":"","background-repeat":"repeat","background-position":"center center","background-size":"auto","background-attachment":"scroll","background-type":"","background-media":"","overlay-type":"","overlay-color":"","overlay-opacity":"","overlay-gradient":""}},"_joinchat":[]},"product_cat":[24],"product_tag":[78,77,76,79],"yoast_head":"<!-- This site is optimized with the Yoast SEO plugin v21.8.1 - https:\/\/yoast.com\/wordpress\/plugins\/seo\/ -->\n<title>Excavadora sobre Orugas 330 DL - MANRENT<\/title>\n<meta name=\"robots\" content=\"index, follow, max-snippet:-1, max-image-preview:large, max-video-preview:-1\" \/>\n<link rel=\"canonical\" href=\"https:\/\/manrent.com.mx\/?product=excavadora-sobre-orugas-330-dl\" \/>\n<meta property=\"og:locale\" content=\"es_MX\" \/>\n<meta property=\"og:type\" content=\"article\" \/>\n<meta property=\"og:title\" content=\"Excavadora sobre Orugas 330 DL - MANRENT\" \/>\n<meta property=\"og:description\" content=\"MARCA CATERPILLAR Modelo 330 DL Peso \u00fatil 36151 kg Volumen de combustible 620 l. Volumen del fluido del sistema refrigerante 40 l. Volumen del fluido del sistema hidr\u00e1ulico 410 l. Volumen de aceite del motor 40 l. Volumen del fluido del mecanismo del cambio de longitud de la pluma 11.4 l. Tensi\u00f3n de funcionamiento 24 [&hellip;]\" \/>\n<meta property=\"og:url\" content=\"https:\/\/manrent.com.mx\/?product=excavadora-sobre-orugas-330-dl\" \/>\n<meta property=\"og:site_name\" content=\"MANRENT\" \/>\n<meta property=\"og:image\" content=\"https:\/\/manrent.com.mx\/wp-content\/uploads\/2023\/04\/excavadora-sobre-orugas-330d.jpg\" \/>\n\t<meta property=\"og:image:width\" content=\"1280\" \/>\n\t<meta property=\"og:image:height\" content=\"960\" \/>\n\t<meta property=\"og:image:type\" content=\"image\/jpeg\" \/>\n<meta name=\"twitter:card\" content=\"summary_large_image\" \/>\n<meta name=\"twitter:label1\" content=\"Tiempo de lectura\" \/>\n\t<meta name=\"twitter:data1\" content=\"1 minuto\" \/>\n<script type=\"application\/ld+json\" class=\"yoast-schema-graph\">{\"@context\":\"https:\/\/schema.org\",\"@graph\":[{\"@type\":\"WebPage\",\"@id\":\"https:\/\/manrent.com.mx\/?product=excavadora-sobre-orugas-330-dl\",\"url\":\"https:\/\/manrent.com.mx\/?product=excavadora-sobre-orugas-330-dl\",\"name\":\"Excavadora sobre Orugas 330 DL - MANRENT\",\"isPartOf\":{\"@id\":\"https:\/\/manrent.com.mx\/#website\"},\"datePublished\":\"2023-04-11T18:58:39+00:00\",\"dateModified\":\"2023-04-11T18:58:39+00:00\",\"breadcrumb\":{\"@id\":\"https:\/\/manrent.com.mx\/?product=excavadora-sobre-orugas-330-dl#breadcrumb\"},\"inLanguage\":\"es-MX\",\"potentialAction\":[{\"@type\":\"ReadAction\",\"target\":[\"https:\/\/manrent.com.mx\/?product=excavadora-sobre-orugas-330-dl\"]}]},{\"@type\":\"BreadcrumbList\",\"@id\":\"https:\/\/manrent.com.mx\/?product=excavadora-sobre-orugas-330-dl#breadcrumb\",\"itemListElement\":[{\"@type\":\"ListItem\",\"position\":1,\"name\":\"Inicio\",\"item\":\"https:\/\/manrent.com.mx\/\"},{\"@type\":\"ListItem\",\"position\":2,\"name\":\"Cat\u00e1logo de Productos\",\"item\":\"https:\/\/manrent.com.mx\/?page_id=3037\"},{\"@type\":\"ListItem\",\"position\":3,\"name\":\"Excavadora sobre Orugas 330 DL\"}]},{\"@type\":\"WebSite\",\"@id\":\"https:\/\/manrent.com.mx\/#website\",\"url\":\"https:\/\/manrent.com.mx\/\",\"name\":\"MANRENT\",\"description\":\"Renta de Maquinaria Pesada y Equipo\",\"publisher\":{\"@id\":\"https:\/\/manrent.com.mx\/#organization\"},\"potentialAction\":[{\"@type\":\"SearchAction\",\"target\":{\"@type\":\"EntryPoint\",\"urlTemplate\":\"https:\/\/manrent.com.mx\/?s={search_term_string}\"},\"query-input\":\"required name=search_term_string\"}],\"inLanguage\":\"es-MX\"},{\"@type\":\"Organization\",\"@id\":\"https:\/\/manrent.com.mx\/#organization\",\"name\":\"Manrent\",\"url\":\"https:\/\/manrent.com.mx\/\",\"logo\":{\"@type\":\"ImageObject\",\"inLanguage\":\"es-MX\",\"@id\":\"https:\/\/manrent.com.mx\/#\/schema\/logo\/image\/\",\"url\":\"https:\/\/manrent.com.mx\/wp-content\/uploads\/2020\/12\/LOGO-SIN-FONDO-NUEVO-2.png\",\"contentUrl\":\"https:\/\/manrent.com.mx\/wp-content\/uploads\/2020\/12\/LOGO-SIN-FONDO-NUEVO-2.png\",\"width\":262,\"height\":168,\"caption\":\"Manrent\"},\"image\":{\"@id\":\"https:\/\/manrent.com.mx\/#\/schema\/logo\/image\/\"}}]}<\/script>\n<!-- \/ Yoast SEO plugin. -->","yoast_head_json":{"title":"Excavadora sobre Orugas 330 DL - MANRENT","robots":{"index":"index","follow":"follow","max-snippet":"max-snippet:-1","max-image-preview":"max-image-preview:large","max-video-preview":"max-video-preview:-1"},"canonical":"https:\/\/manrent.com.mx\/?product=excavadora-sobre-orugas-330-dl","og_locale":"es_MX","og_type":"article","og_title":"Excavadora sobre Orugas 330 DL - MANRENT","og_description":"MARCA CATERPILLAR Modelo 330 DL Peso \u00fatil 36151 kg Volumen de combustible 620 l. Volumen del fluido del sistema refrigerante 40 l. Volumen del fluido del sistema hidr\u00e1ulico 410 l. Volumen de aceite del motor 40 l. Volumen del fluido del mecanismo del cambio de longitud de la pluma 11.4 l. Tensi\u00f3n de funcionamiento 24 [&hellip;]","og_url":"https:\/\/manrent.com.mx\/?product=excavadora-sobre-orugas-330-dl","og_site_name":"MANRENT","og_image":[{"width":1280,"height":960,"url":"https:\/\/manrent.com.mx\/wp-content\/uploads\/2023\/04\/excavadora-sobre-orugas-330d.jpg","type":"image\/jpeg"}],"twitter_card":"summary_large_image","twitter_misc":{"Tiempo de lectura":"1 minuto"},"schema":{"@context":"https:\/\/schema.org","@graph":[{"@type":"WebPage","@id":"https:\/\/manrent.com.mx\/?product=excavadora-sobre-orugas-330-dl","url":"https:\/\/manrent.com.mx\/?product=excavadora-sobre-orugas-330-dl","name":"Excavadora sobre Orugas 330 DL - MANRENT","isPartOf":{"@id":"https:\/\/manrent.com.mx\/#website"},"datePublished":"2023-04-11T18:58:39+00:00","dateModified":"2023-04-11T18:58:39+00:00","breadcrumb":{"@id":"https:\/\/manrent.com.mx\/?product=excavadora-sobre-orugas-330-dl#breadcrumb"},"inLanguage":"es-MX","potentialAction":[{"@type":"ReadAction","target":["https:\/\/manrent.com.mx\/?product=excavadora-sobre-orugas-330-dl"]}]},{"@type":"BreadcrumbList","@id":"https:\/\/manrent.com.mx\/?product=excavadora-sobre-orugas-330-dl#breadcrumb","itemListElement":[{"@type":"ListItem","position":1,"name":"Inicio","item":"https:\/\/manrent.com.mx\/"},{"@type":"ListItem","position":2,"name":"Cat\u00e1logo de Productos","item":"https:\/\/manrent.com.mx\/?page_id=3037"},{"@type":"ListItem","position":3,"name":"Excavadora sobre Orugas 330 DL"}]},{"@type":"WebSite","@id":"https:\/\/manrent.com.mx\/#website","url":"https:\/\/manrent.com.mx\/","name":"MANRENT","description":"Renta de Maquinaria Pesada y Equipo","publisher":{"@id":"https:\/\/manrent.com.mx\/#organization"},"potentialAction":[{"@type":"SearchAction","target":{"@type":"EntryPoint","urlTemplate":"https:\/\/manrent.com.mx\/?s={search_term_string}"},"query-input":"required name=search_term_string"}],"inLanguage":"es-MX"},{"@type":"Organization","@id":"https:\/\/manrent.com.mx\/#organization","name":"Manrent","url":"https:\/\/manrent.com.mx\/","logo":{"@type":"ImageObject","inLanguage":"es-MX","@id":"https:\/\/manrent.com.mx\/#\/schema\/logo\/image\/","url":"https:\/\/manrent.com.mx\/wp-content\/uploads\/2020\/12\/LOGO-SIN-FONDO-NUEVO-2.png","contentUrl":"https:\/\/manrent.com.mx\/wp-content\/uploads\/2020\/12\/LOGO-SIN-FONDO-NUEVO-2.png","width":262,"height":168,"caption":"Manrent"},"image":{"@id":"https:\/\/manrent.com.mx\/#\/schema\/logo\/image\/"}}]}},"jetpack_sharing_enabled":true,"_links":{"self":[{"href":"https:\/\/manrent.com.mx\/index.php?rest_route=\/wp\/v2\/product\/3177"}],"collection":[{"href":"https:\/\/manrent.com.mx\/index.php?rest_route=\/wp\/v2\/product"}],"about":[{"href":"https:\/\/manrent.com.mx\/index.php?rest_route=\/wp\/v2\/types\/product"}],"replies":[{"embeddable":true,"href":"https:\/\/manrent.com.mx\/index.php?rest_route=%2Fwp%2Fv2%2Fcomments&post=3177"}],"version-history":[{"count":1,"href":"https:\/\/manrent.com.mx\/index.php?rest_route=\/wp\/v2\/product\/3177\/revisions"}],"predecessor-version":[{"id":3179,"href":"https:\/\/manrent.com.mx\/index.php?rest_route=\/wp\/v2\/product\/3177\/revisions\/3179"}],"wp:featuredmedia":[{"embeddable":true,"href":"https:\/\/manrent.com.mx\/index.php?rest_route=\/wp\/v2\/media\/3178"}],"wp:attachment":[{"href":"https:\/\/manrent.com.mx\/index.php?rest_route=%2Fwp%2Fv2%2Fmedia&parent=3177"}],"wp:term":[{"taxonomy":"product_cat","embeddable":true,"href":"https:\/\/manrent.com.mx\/index.php?rest_route=%2Fwp%2Fv2%2Fproduct_cat&post=3177"},{"taxonomy":"product_tag","embeddable":true,"href":"https:\/\/manrent.com.mx\/index.php?rest_route=%2Fwp%2Fv2%2Fproduct_tag&post=3177"}],"curies":[{"name":"wp","href":"https:\/\/api.w.org\/{rel}","templated":true}]}}