{"id":3136,"date":"2023-03-16T21:06:19","date_gmt":"2023-03-17T03:06:19","guid":{"rendered":"https:\/\/manrent.com.mx\/?post_type=product&#038;p=3136"},"modified":"2023-04-24T15:39:32","modified_gmt":"2023-04-24T20:39:32","slug":"recuperadora-de-asfalto-pr600","status":"publish","type":"product","link":"https:\/\/manrent.com.mx\/?product=recuperadora-de-asfalto-pr600","title":{"rendered":"Recuperadora de Asfalto PR600"},"content":{"rendered":"<p>Marca TEREX<\/p>\n<p>Modelo PR600<\/p>\n<div class=\"ewa-rteLine\">Sistema de transportador<\/div>\n<div class=\"ewa-rteLine\">Ancho de la cinta transportadora: 1067 mm<\/div>\n<div class=\"ewa-rteLine\">Ancho del transportador de descargas: 1067 mm<\/div>\n<div class=\"ewa-rteLine\">Giro derecho e izquierdo de la cinta transportadora de descargas 55 grados<\/div>\n<div class=\"ewa-rteLine\">Motor<\/div>\n<div class=\"ewa-rteLine\">Potencia total: 447.4 kW<\/div>\n<div class=\"ewa-rteLine\">Potencia medida en 2100 RPM.<\/div>\n<div class=\"ewa-rteLine\">Cilindrada: 15 l.<\/div>\n<div class=\"ewa-rteLine\">N\u00famero de cilindros 6Explotaci\u00f3n<\/div>\n<div class=\"ewa-rteLine\">Peso \u00fatil con carga completa: 41095.5 kg<\/div>\n<div class=\"ewa-rteLine\">Peso de env\u00edo en estado descargado: 36877.1 kg<\/div>\n<div class=\"ewa-rteLine\">Volumen de combustible: 1325 l.<\/div>\n<div class=\"ewa-rteLine\">Volumen del fluido del sistema hidr\u00e1ulico: 341 l.<\/div>\n<div class=\"ewa-rteLine\">Volumen del liquido del sistema de rociado de agua: 3410 l.<\/div>\n<div class=\"ewa-rteLine\">Tensi\u00f3n de funcionamiento: 24 V<\/div>\n<div class=\"ewa-rteLine\">Amperaje del generador: 100 amperios<\/div>\n<div class=\"ewa-rteLine\">Velocidad de trabajo: 48 m\/min<\/div>\n<div class=\"ewa-rteLine\">Velocidad de desplazamiento: 5 km\/hDimensiones<\/div>\n<div class=\"ewa-rteLine\">Longitud \u00fatil: 15718 mm<\/div>\n<div class=\"ewa-rteLine\">Ancho de env\u00edo: 2590 mm<\/div>\n<div class=\"ewa-rteLine\">Altura para el transporte: 3256 mm<\/div>\n<div class=\"ewa-rteLine\">Despeje m\u00e1ximo sobre el suelo: 4862 mm<\/div>\n<div class=\"ewa-rteLine\">Cortadora rotativa<\/div>\n<div class=\"ewa-rteLine\">Ancho de corte: 2185 mm<\/div>\n<div class=\"ewa-rteLine\">Profundidad de corte: 356 mm<\/div>\n<div class=\"ewa-rteLine\">Di\u00e1metro de la herramienta de corte: 1220 mm<\/div>\n<div class=\"ewa-rteLine\">N\u00famero de herramientas: 185<\/div>\n<div class=\"ewa-rteLine\">Posici\u00f3n de la herramienta: 19 mm<\/div>\n<div class=\"ewa-rteLine\">Cintas de oruga<\/div>\n<div class=\"ewa-rteLine\">N\u00famero de orugas: 4<\/div>\n<div class=\"ewa-rteLine\">Longitud de la cadena de la oruga delantera: 2074 mm<\/div>\n<div class=\"ewa-rteLine\">Ancho de la cadena de la oruga delantera: 350 mm<\/div>\n<div class=\"ewa-rteLine\">Longitud de la cadena de la oruga trasera: 2074 mm<\/div>\n<div class=\"ewa-rteLine\">Ancho de la cadena de la oruga trasera: 350 mm<\/div>\n","protected":false},"excerpt":{"rendered":"<p>Marca TEREX Modelo PR600 Sistema de transportador Ancho de la cinta transportadora: 1067 mm Ancho del transportador de descargas: 1067 mm Giro derecho e izquierdo de la cinta transportadora de descargas 55 grados Motor Potencia total: 447.4 kW Potencia medida en 2100 RPM. Cilindrada: 15 l. N\u00famero de cilindros 6Explotaci\u00f3n Peso \u00fatil con carga completa: [&hellip;]<\/p>\n","protected":false},"featured_media":3137,"comment_status":"open","ping_status":"closed","template":"","meta":{"_eb_attr":"","site-sidebar-layout":"right-sidebar","site-content-layout":"default","ast-site-content-layout":"","site-content-style":"default","site-sidebar-style":"default","ast-global-header-display":"","ast-banner-title-visibility":"","ast-main-header-display":"","ast-hfb-above-header-display":"","ast-hfb-below-header-display":"","ast-hfb-mobile-header-display":"","site-post-title":"","ast-breadcrumbs-content":"","ast-featured-img":"","footer-sml-layout":"","theme-transparent-header-meta":"default","adv-header-id-meta":"","stick-header-meta":"","header-above-stick-meta":"","header-main-stick-meta":"","header-below-stick-meta":"","astra-migrate-meta-layouts":"default","ast-page-background-enabled":"default","ast-page-background-meta":{"desktop":{"background-color":"","background-image":"","background-repeat":"repeat","background-position":"center center","background-size":"auto","background-attachment":"scroll","background-type":"","background-media":"","overlay-type":"","overlay-color":"","overlay-opacity":"","overlay-gradient":""},"tablet":{"background-color":"","background-image":"","background-repeat":"repeat","background-position":"center center","background-size":"auto","background-attachment":"scroll","background-type":"","background-media":"","overlay-type":"","overlay-color":"","overlay-opacity":"","overlay-gradient":""},"mobile":{"background-color":"","background-image":"","background-repeat":"repeat","background-position":"center center","background-size":"auto","background-attachment":"scroll","background-type":"","background-media":"","overlay-type":"","overlay-color":"","overlay-opacity":"","overlay-gradient":""}},"ast-content-background-meta":{"desktop":{"background-color":"var(--ast-global-color-5)","background-image":"","background-repeat":"repeat","background-position":"center center","background-size":"auto","background-attachment":"scroll","background-type":"","background-media":"","overlay-type":"","overlay-color":"","overlay-opacity":"","overlay-gradient":""},"tablet":{"background-color":"var(--ast-global-color-5)","background-image":"","background-repeat":"repeat","background-position":"center center","background-size":"auto","background-attachment":"scroll","background-type":"","background-media":"","overlay-type":"","overlay-color":"","overlay-opacity":"","overlay-gradient":""},"mobile":{"background-color":"var(--ast-global-color-5)","background-image":"","background-repeat":"repeat","background-position":"center center","background-size":"auto","background-attachment":"scroll","background-type":"","background-media":"","overlay-type":"","overlay-color":"","overlay-opacity":"","overlay-gradient":""}},"_joinchat":[]},"product_cat":[49],"product_tag":[22,67,66,68],"yoast_head":"<!-- This site is optimized with the Yoast SEO plugin v21.8.1 - https:\/\/yoast.com\/wordpress\/plugins\/seo\/ -->\n<title>Recuperadora de Asfalto PR600 - MANRENT<\/title>\n<meta name=\"robots\" content=\"index, follow, max-snippet:-1, max-image-preview:large, max-video-preview:-1\" \/>\n<link rel=\"canonical\" href=\"https:\/\/manrent.com.mx\/?product=recuperadora-de-asfalto-pr600\" \/>\n<meta property=\"og:locale\" content=\"es_MX\" \/>\n<meta property=\"og:type\" content=\"article\" \/>\n<meta property=\"og:title\" content=\"Recuperadora de Asfalto PR600 - MANRENT\" \/>\n<meta property=\"og:description\" content=\"Marca TEREX Modelo PR600 Sistema de transportador Ancho de la cinta transportadora: 1067 mm Ancho del transportador de descargas: 1067 mm Giro derecho e izquierdo de la cinta transportadora de descargas 55 grados Motor Potencia total: 447.4 kW Potencia medida en 2100 RPM. Cilindrada: 15 l. N\u00famero de cilindros 6Explotaci\u00f3n Peso \u00fatil con carga completa: [&hellip;]\" \/>\n<meta property=\"og:url\" content=\"https:\/\/manrent.com.mx\/?product=recuperadora-de-asfalto-pr600\" \/>\n<meta property=\"og:site_name\" content=\"MANRENT\" \/>\n<meta property=\"article:modified_time\" content=\"2023-04-24T20:39:32+00:00\" \/>\n<meta property=\"og:image\" content=\"https:\/\/manrent.com.mx\/wp-content\/uploads\/2023\/03\/RECUPERADORA-DE-ASFALTO-TEREX-PR600.jpg\" \/>\n\t<meta property=\"og:image:width\" content=\"640\" \/>\n\t<meta property=\"og:image:height\" content=\"480\" \/>\n\t<meta property=\"og:image:type\" content=\"image\/jpeg\" \/>\n<meta name=\"twitter:card\" content=\"summary_large_image\" \/>\n<meta name=\"twitter:label1\" content=\"Tiempo de lectura\" \/>\n\t<meta name=\"twitter:data1\" content=\"1 minuto\" \/>\n<script type=\"application\/ld+json\" class=\"yoast-schema-graph\">{\"@context\":\"https:\/\/schema.org\",\"@graph\":[{\"@type\":\"WebPage\",\"@id\":\"https:\/\/manrent.com.mx\/?product=recuperadora-de-asfalto-pr600\",\"url\":\"https:\/\/manrent.com.mx\/?product=recuperadora-de-asfalto-pr600\",\"name\":\"Recuperadora de Asfalto PR600 - MANRENT\",\"isPartOf\":{\"@id\":\"https:\/\/manrent.com.mx\/#website\"},\"datePublished\":\"2023-03-17T03:06:19+00:00\",\"dateModified\":\"2023-04-24T20:39:32+00:00\",\"breadcrumb\":{\"@id\":\"https:\/\/manrent.com.mx\/?product=recuperadora-de-asfalto-pr600#breadcrumb\"},\"inLanguage\":\"es-MX\",\"potentialAction\":[{\"@type\":\"ReadAction\",\"target\":[\"https:\/\/manrent.com.mx\/?product=recuperadora-de-asfalto-pr600\"]}]},{\"@type\":\"BreadcrumbList\",\"@id\":\"https:\/\/manrent.com.mx\/?product=recuperadora-de-asfalto-pr600#breadcrumb\",\"itemListElement\":[{\"@type\":\"ListItem\",\"position\":1,\"name\":\"Inicio\",\"item\":\"https:\/\/manrent.com.mx\/\"},{\"@type\":\"ListItem\",\"position\":2,\"name\":\"Cat\u00e1logo de Productos\",\"item\":\"https:\/\/manrent.com.mx\/?page_id=3037\"},{\"@type\":\"ListItem\",\"position\":3,\"name\":\"Recuperadora de Asfalto PR600\"}]},{\"@type\":\"WebSite\",\"@id\":\"https:\/\/manrent.com.mx\/#website\",\"url\":\"https:\/\/manrent.com.mx\/\",\"name\":\"MANRENT\",\"description\":\"Renta de Maquinaria Pesada y Equipo\",\"publisher\":{\"@id\":\"https:\/\/manrent.com.mx\/#organization\"},\"potentialAction\":[{\"@type\":\"SearchAction\",\"target\":{\"@type\":\"EntryPoint\",\"urlTemplate\":\"https:\/\/manrent.com.mx\/?s={search_term_string}\"},\"query-input\":\"required name=search_term_string\"}],\"inLanguage\":\"es-MX\"},{\"@type\":\"Organization\",\"@id\":\"https:\/\/manrent.com.mx\/#organization\",\"name\":\"Manrent\",\"url\":\"https:\/\/manrent.com.mx\/\",\"logo\":{\"@type\":\"ImageObject\",\"inLanguage\":\"es-MX\",\"@id\":\"https:\/\/manrent.com.mx\/#\/schema\/logo\/image\/\",\"url\":\"https:\/\/manrent.com.mx\/wp-content\/uploads\/2020\/12\/LOGO-SIN-FONDO-NUEVO-2.png\",\"contentUrl\":\"https:\/\/manrent.com.mx\/wp-content\/uploads\/2020\/12\/LOGO-SIN-FONDO-NUEVO-2.png\",\"width\":262,\"height\":168,\"caption\":\"Manrent\"},\"image\":{\"@id\":\"https:\/\/manrent.com.mx\/#\/schema\/logo\/image\/\"}}]}<\/script>\n<!-- \/ Yoast SEO plugin. -->","yoast_head_json":{"title":"Recuperadora de Asfalto PR600 - MANRENT","robots":{"index":"index","follow":"follow","max-snippet":"max-snippet:-1","max-image-preview":"max-image-preview:large","max-video-preview":"max-video-preview:-1"},"canonical":"https:\/\/manrent.com.mx\/?product=recuperadora-de-asfalto-pr600","og_locale":"es_MX","og_type":"article","og_title":"Recuperadora de Asfalto PR600 - MANRENT","og_description":"Marca TEREX Modelo PR600 Sistema de transportador Ancho de la cinta transportadora: 1067 mm Ancho del transportador de descargas: 1067 mm Giro derecho e izquierdo de la cinta transportadora de descargas 55 grados Motor Potencia total: 447.4 kW Potencia medida en 2100 RPM. Cilindrada: 15 l. N\u00famero de cilindros 6Explotaci\u00f3n Peso \u00fatil con carga completa: [&hellip;]","og_url":"https:\/\/manrent.com.mx\/?product=recuperadora-de-asfalto-pr600","og_site_name":"MANRENT","article_modified_time":"2023-04-24T20:39:32+00:00","og_image":[{"width":640,"height":480,"url":"https:\/\/manrent.com.mx\/wp-content\/uploads\/2023\/03\/RECUPERADORA-DE-ASFALTO-TEREX-PR600.jpg","type":"image\/jpeg"}],"twitter_card":"summary_large_image","twitter_misc":{"Tiempo de lectura":"1 minuto"},"schema":{"@context":"https:\/\/schema.org","@graph":[{"@type":"WebPage","@id":"https:\/\/manrent.com.mx\/?product=recuperadora-de-asfalto-pr600","url":"https:\/\/manrent.com.mx\/?product=recuperadora-de-asfalto-pr600","name":"Recuperadora de Asfalto PR600 - MANRENT","isPartOf":{"@id":"https:\/\/manrent.com.mx\/#website"},"datePublished":"2023-03-17T03:06:19+00:00","dateModified":"2023-04-24T20:39:32+00:00","breadcrumb":{"@id":"https:\/\/manrent.com.mx\/?product=recuperadora-de-asfalto-pr600#breadcrumb"},"inLanguage":"es-MX","potentialAction":[{"@type":"ReadAction","target":["https:\/\/manrent.com.mx\/?product=recuperadora-de-asfalto-pr600"]}]},{"@type":"BreadcrumbList","@id":"https:\/\/manrent.com.mx\/?product=recuperadora-de-asfalto-pr600#breadcrumb","itemListElement":[{"@type":"ListItem","position":1,"name":"Inicio","item":"https:\/\/manrent.com.mx\/"},{"@type":"ListItem","position":2,"name":"Cat\u00e1logo de Productos","item":"https:\/\/manrent.com.mx\/?page_id=3037"},{"@type":"ListItem","position":3,"name":"Recuperadora de Asfalto PR600"}]},{"@type":"WebSite","@id":"https:\/\/manrent.com.mx\/#website","url":"https:\/\/manrent.com.mx\/","name":"MANRENT","description":"Renta de Maquinaria Pesada y Equipo","publisher":{"@id":"https:\/\/manrent.com.mx\/#organization"},"potentialAction":[{"@type":"SearchAction","target":{"@type":"EntryPoint","urlTemplate":"https:\/\/manrent.com.mx\/?s={search_term_string}"},"query-input":"required name=search_term_string"}],"inLanguage":"es-MX"},{"@type":"Organization","@id":"https:\/\/manrent.com.mx\/#organization","name":"Manrent","url":"https:\/\/manrent.com.mx\/","logo":{"@type":"ImageObject","inLanguage":"es-MX","@id":"https:\/\/manrent.com.mx\/#\/schema\/logo\/image\/","url":"https:\/\/manrent.com.mx\/wp-content\/uploads\/2020\/12\/LOGO-SIN-FONDO-NUEVO-2.png","contentUrl":"https:\/\/manrent.com.mx\/wp-content\/uploads\/2020\/12\/LOGO-SIN-FONDO-NUEVO-2.png","width":262,"height":168,"caption":"Manrent"},"image":{"@id":"https:\/\/manrent.com.mx\/#\/schema\/logo\/image\/"}}]}},"jetpack_sharing_enabled":true,"_links":{"self":[{"href":"https:\/\/manrent.com.mx\/index.php?rest_route=\/wp\/v2\/product\/3136"}],"collection":[{"href":"https:\/\/manrent.com.mx\/index.php?rest_route=\/wp\/v2\/product"}],"about":[{"href":"https:\/\/manrent.com.mx\/index.php?rest_route=\/wp\/v2\/types\/product"}],"replies":[{"embeddable":true,"href":"https:\/\/manrent.com.mx\/index.php?rest_route=%2Fwp%2Fv2%2Fcomments&post=3136"}],"version-history":[{"count":1,"href":"https:\/\/manrent.com.mx\/index.php?rest_route=\/wp\/v2\/product\/3136\/revisions"}],"predecessor-version":[{"id":3138,"href":"https:\/\/manrent.com.mx\/index.php?rest_route=\/wp\/v2\/product\/3136\/revisions\/3138"}],"wp:featuredmedia":[{"embeddable":true,"href":"https:\/\/manrent.com.mx\/index.php?rest_route=\/wp\/v2\/media\/3137"}],"wp:attachment":[{"href":"https:\/\/manrent.com.mx\/index.php?rest_route=%2Fwp%2Fv2%2Fmedia&parent=3136"}],"wp:term":[{"taxonomy":"product_cat","embeddable":true,"href":"https:\/\/manrent.com.mx\/index.php?rest_route=%2Fwp%2Fv2%2Fproduct_cat&post=3136"},{"taxonomy":"product_tag","embeddable":true,"href":"https:\/\/manrent.com.mx\/index.php?rest_route=%2Fwp%2Fv2%2Fproduct_tag&post=3136"}],"curies":[{"name":"wp","href":"https:\/\/api.w.org\/{rel}","templated":true}]}}