{"id":3132,"date":"2023-03-16T20:55:15","date_gmt":"2023-03-17T02:55:15","guid":{"rendered":"https:\/\/manrent.com.mx\/?post_type=product&#038;p=3132"},"modified":"2023-03-16T20:55:15","modified_gmt":"2023-03-17T02:55:15","slug":"petrolizadora-maximizer-ii","status":"publish","type":"product","link":"https:\/\/manrent.com.mx\/?product=petrolizadora-maximizer-ii","title":{"rendered":"Petrolizadora MAXIMIZER II"},"content":{"rendered":"<p>Marca ROSCO &amp; LEEBOY<\/p>\n<p>Modelo MAXIMIZER II<\/p>\n<div class=\"ewa-rteLine\">Petrolizadora plegable completamente circular de 12 &#8216;(3,7 m)<\/div>\n<div class=\"ewa-rteLine\">Aplicaci\u00f3n sin extensiones<\/div>\n<div class=\"ewa-rteLine\">Controles autom\u00e1ticos en cabina<\/div>\n<div class=\"ewa-rteLine\">V\u00e1lvulas de Barras Spray Internas<\/div>\n<div class=\"ewa-rteLine\">400 galones por minuto (1.514 lpm) Viking Asphalt Pump<\/div>\n<div class=\"ewa-rteLine\">Sistema de limpieza Enviro-Flush<\/div>\n<div class=\"ewa-rteLine\">Aplicaci\u00f3n precisa independientemente de la barra de pulverizaci\u00f3n<\/div>\n<div class=\"ewa-rteLine\">Ancho o Velocidad<\/div>\n<div class=\"ewa-rteLine\">12 presets para la tasa de aplicaci\u00f3n<\/div>\n","protected":false},"excerpt":{"rendered":"<p>Marca ROSCO &amp; LEEBOY Modelo MAXIMIZER II Petrolizadora plegable completamente circular de 12 &#8216;(3,7 m) Aplicaci\u00f3n sin extensiones Controles autom\u00e1ticos en cabina V\u00e1lvulas de Barras Spray Internas 400 galones por minuto (1.514 lpm) Viking Asphalt Pump Sistema de limpieza Enviro-Flush Aplicaci\u00f3n precisa independientemente de la barra de pulverizaci\u00f3n Ancho o Velocidad 12 presets para la [&hellip;]<\/p>\n","protected":false},"featured_media":3133,"comment_status":"open","ping_status":"closed","template":"","meta":{"_eb_attr":"","site-sidebar-layout":"right-sidebar","site-content-layout":"default","ast-site-content-layout":"","site-content-style":"default","site-sidebar-style":"default","ast-global-header-display":"","ast-banner-title-visibility":"","ast-main-header-display":"","ast-hfb-above-header-display":"","ast-hfb-below-header-display":"","ast-hfb-mobile-header-display":"","site-post-title":"","ast-breadcrumbs-content":"","ast-featured-img":"","footer-sml-layout":"","theme-transparent-header-meta":"default","adv-header-id-meta":"","stick-header-meta":"","header-above-stick-meta":"","header-main-stick-meta":"","header-below-stick-meta":"","astra-migrate-meta-layouts":"default","ast-page-background-enabled":"default","ast-page-background-meta":{"desktop":{"background-color":"","background-image":"","background-repeat":"repeat","background-position":"center center","background-size":"auto","background-attachment":"scroll","background-type":"","background-media":"","overlay-type":"","overlay-color":"","overlay-opacity":"","overlay-gradient":""},"tablet":{"background-color":"","background-image":"","background-repeat":"repeat","background-position":"center center","background-size":"auto","background-attachment":"scroll","background-type":"","background-media":"","overlay-type":"","overlay-color":"","overlay-opacity":"","overlay-gradient":""},"mobile":{"background-color":"","background-image":"","background-repeat":"repeat","background-position":"center center","background-size":"auto","background-attachment":"scroll","background-type":"","background-media":"","overlay-type":"","overlay-color":"","overlay-opacity":"","overlay-gradient":""}},"ast-content-background-meta":{"desktop":{"background-color":"var(--ast-global-color-5)","background-image":"","background-repeat":"repeat","background-position":"center center","background-size":"auto","background-attachment":"scroll","background-type":"","background-media":"","overlay-type":"","overlay-color":"","overlay-opacity":"","overlay-gradient":""},"tablet":{"background-color":"var(--ast-global-color-5)","background-image":"","background-repeat":"repeat","background-position":"center center","background-size":"auto","background-attachment":"scroll","background-type":"","background-media":"","overlay-type":"","overlay-color":"","overlay-opacity":"","overlay-gradient":""},"mobile":{"background-color":"var(--ast-global-color-5)","background-image":"","background-repeat":"repeat","background-position":"center center","background-size":"auto","background-attachment":"scroll","background-type":"","background-media":"","overlay-type":"","overlay-color":"","overlay-opacity":"","overlay-gradient":""}},"_joinchat":[]},"product_cat":[24],"product_tag":[64,65],"yoast_head":"<!-- This site is optimized with the Yoast SEO plugin v21.8.1 - https:\/\/yoast.com\/wordpress\/plugins\/seo\/ -->\n<title>Petrolizadora MAXIMIZER II - MANRENT<\/title>\n<meta name=\"robots\" content=\"index, follow, max-snippet:-1, max-image-preview:large, max-video-preview:-1\" \/>\n<link rel=\"canonical\" href=\"https:\/\/manrent.com.mx\/?product=petrolizadora-maximizer-ii\" \/>\n<meta property=\"og:locale\" content=\"es_MX\" \/>\n<meta property=\"og:type\" content=\"article\" \/>\n<meta property=\"og:title\" content=\"Petrolizadora MAXIMIZER II - MANRENT\" \/>\n<meta property=\"og:description\" content=\"Marca ROSCO &amp; LEEBOY Modelo MAXIMIZER II Petrolizadora plegable completamente circular de 12 &#8216;(3,7 m) Aplicaci\u00f3n sin extensiones Controles autom\u00e1ticos en cabina V\u00e1lvulas de Barras Spray Internas 400 galones por minuto (1.514 lpm) Viking Asphalt Pump Sistema de limpieza Enviro-Flush Aplicaci\u00f3n precisa independientemente de la barra de pulverizaci\u00f3n Ancho o Velocidad 12 presets para la [&hellip;]\" \/>\n<meta property=\"og:url\" content=\"https:\/\/manrent.com.mx\/?product=petrolizadora-maximizer-ii\" \/>\n<meta property=\"og:site_name\" content=\"MANRENT\" \/>\n<meta property=\"og:image\" content=\"https:\/\/manrent.com.mx\/wp-content\/uploads\/2023\/03\/PETROLIZADORA-BIEN.jpg\" \/>\n\t<meta property=\"og:image:width\" content=\"564\" \/>\n\t<meta property=\"og:image:height\" content=\"398\" \/>\n\t<meta property=\"og:image:type\" content=\"image\/jpeg\" \/>\n<meta name=\"twitter:card\" content=\"summary_large_image\" \/>\n<meta name=\"twitter:label1\" content=\"Tiempo de lectura\" \/>\n\t<meta name=\"twitter:data1\" content=\"1 minuto\" \/>\n<script type=\"application\/ld+json\" class=\"yoast-schema-graph\">{\"@context\":\"https:\/\/schema.org\",\"@graph\":[{\"@type\":\"WebPage\",\"@id\":\"https:\/\/manrent.com.mx\/?product=petrolizadora-maximizer-ii\",\"url\":\"https:\/\/manrent.com.mx\/?product=petrolizadora-maximizer-ii\",\"name\":\"Petrolizadora MAXIMIZER II - MANRENT\",\"isPartOf\":{\"@id\":\"https:\/\/manrent.com.mx\/#website\"},\"datePublished\":\"2023-03-17T02:55:15+00:00\",\"dateModified\":\"2023-03-17T02:55:15+00:00\",\"breadcrumb\":{\"@id\":\"https:\/\/manrent.com.mx\/?product=petrolizadora-maximizer-ii#breadcrumb\"},\"inLanguage\":\"es-MX\",\"potentialAction\":[{\"@type\":\"ReadAction\",\"target\":[\"https:\/\/manrent.com.mx\/?product=petrolizadora-maximizer-ii\"]}]},{\"@type\":\"BreadcrumbList\",\"@id\":\"https:\/\/manrent.com.mx\/?product=petrolizadora-maximizer-ii#breadcrumb\",\"itemListElement\":[{\"@type\":\"ListItem\",\"position\":1,\"name\":\"Inicio\",\"item\":\"https:\/\/manrent.com.mx\/\"},{\"@type\":\"ListItem\",\"position\":2,\"name\":\"Cat\u00e1logo de Productos\",\"item\":\"https:\/\/manrent.com.mx\/?page_id=3037\"},{\"@type\":\"ListItem\",\"position\":3,\"name\":\"Petrolizadora MAXIMIZER II\"}]},{\"@type\":\"WebSite\",\"@id\":\"https:\/\/manrent.com.mx\/#website\",\"url\":\"https:\/\/manrent.com.mx\/\",\"name\":\"MANRENT\",\"description\":\"Renta de Maquinaria Pesada y Equipo\",\"publisher\":{\"@id\":\"https:\/\/manrent.com.mx\/#organization\"},\"potentialAction\":[{\"@type\":\"SearchAction\",\"target\":{\"@type\":\"EntryPoint\",\"urlTemplate\":\"https:\/\/manrent.com.mx\/?s={search_term_string}\"},\"query-input\":\"required name=search_term_string\"}],\"inLanguage\":\"es-MX\"},{\"@type\":\"Organization\",\"@id\":\"https:\/\/manrent.com.mx\/#organization\",\"name\":\"Manrent\",\"url\":\"https:\/\/manrent.com.mx\/\",\"logo\":{\"@type\":\"ImageObject\",\"inLanguage\":\"es-MX\",\"@id\":\"https:\/\/manrent.com.mx\/#\/schema\/logo\/image\/\",\"url\":\"https:\/\/manrent.com.mx\/wp-content\/uploads\/2020\/12\/LOGO-SIN-FONDO-NUEVO-2.png\",\"contentUrl\":\"https:\/\/manrent.com.mx\/wp-content\/uploads\/2020\/12\/LOGO-SIN-FONDO-NUEVO-2.png\",\"width\":262,\"height\":168,\"caption\":\"Manrent\"},\"image\":{\"@id\":\"https:\/\/manrent.com.mx\/#\/schema\/logo\/image\/\"}}]}<\/script>\n<!-- \/ Yoast SEO plugin. -->","yoast_head_json":{"title":"Petrolizadora MAXIMIZER II - MANRENT","robots":{"index":"index","follow":"follow","max-snippet":"max-snippet:-1","max-image-preview":"max-image-preview:large","max-video-preview":"max-video-preview:-1"},"canonical":"https:\/\/manrent.com.mx\/?product=petrolizadora-maximizer-ii","og_locale":"es_MX","og_type":"article","og_title":"Petrolizadora MAXIMIZER II - MANRENT","og_description":"Marca ROSCO &amp; LEEBOY Modelo MAXIMIZER II Petrolizadora plegable completamente circular de 12 &#8216;(3,7 m) Aplicaci\u00f3n sin extensiones Controles autom\u00e1ticos en cabina V\u00e1lvulas de Barras Spray Internas 400 galones por minuto (1.514 lpm) Viking Asphalt Pump Sistema de limpieza Enviro-Flush Aplicaci\u00f3n precisa independientemente de la barra de pulverizaci\u00f3n Ancho o Velocidad 12 presets para la [&hellip;]","og_url":"https:\/\/manrent.com.mx\/?product=petrolizadora-maximizer-ii","og_site_name":"MANRENT","og_image":[{"width":564,"height":398,"url":"https:\/\/manrent.com.mx\/wp-content\/uploads\/2023\/03\/PETROLIZADORA-BIEN.jpg","type":"image\/jpeg"}],"twitter_card":"summary_large_image","twitter_misc":{"Tiempo de lectura":"1 minuto"},"schema":{"@context":"https:\/\/schema.org","@graph":[{"@type":"WebPage","@id":"https:\/\/manrent.com.mx\/?product=petrolizadora-maximizer-ii","url":"https:\/\/manrent.com.mx\/?product=petrolizadora-maximizer-ii","name":"Petrolizadora MAXIMIZER II - MANRENT","isPartOf":{"@id":"https:\/\/manrent.com.mx\/#website"},"datePublished":"2023-03-17T02:55:15+00:00","dateModified":"2023-03-17T02:55:15+00:00","breadcrumb":{"@id":"https:\/\/manrent.com.mx\/?product=petrolizadora-maximizer-ii#breadcrumb"},"inLanguage":"es-MX","potentialAction":[{"@type":"ReadAction","target":["https:\/\/manrent.com.mx\/?product=petrolizadora-maximizer-ii"]}]},{"@type":"BreadcrumbList","@id":"https:\/\/manrent.com.mx\/?product=petrolizadora-maximizer-ii#breadcrumb","itemListElement":[{"@type":"ListItem","position":1,"name":"Inicio","item":"https:\/\/manrent.com.mx\/"},{"@type":"ListItem","position":2,"name":"Cat\u00e1logo de Productos","item":"https:\/\/manrent.com.mx\/?page_id=3037"},{"@type":"ListItem","position":3,"name":"Petrolizadora MAXIMIZER II"}]},{"@type":"WebSite","@id":"https:\/\/manrent.com.mx\/#website","url":"https:\/\/manrent.com.mx\/","name":"MANRENT","description":"Renta de Maquinaria Pesada y Equipo","publisher":{"@id":"https:\/\/manrent.com.mx\/#organization"},"potentialAction":[{"@type":"SearchAction","target":{"@type":"EntryPoint","urlTemplate":"https:\/\/manrent.com.mx\/?s={search_term_string}"},"query-input":"required name=search_term_string"}],"inLanguage":"es-MX"},{"@type":"Organization","@id":"https:\/\/manrent.com.mx\/#organization","name":"Manrent","url":"https:\/\/manrent.com.mx\/","logo":{"@type":"ImageObject","inLanguage":"es-MX","@id":"https:\/\/manrent.com.mx\/#\/schema\/logo\/image\/","url":"https:\/\/manrent.com.mx\/wp-content\/uploads\/2020\/12\/LOGO-SIN-FONDO-NUEVO-2.png","contentUrl":"https:\/\/manrent.com.mx\/wp-content\/uploads\/2020\/12\/LOGO-SIN-FONDO-NUEVO-2.png","width":262,"height":168,"caption":"Manrent"},"image":{"@id":"https:\/\/manrent.com.mx\/#\/schema\/logo\/image\/"}}]}},"jetpack_sharing_enabled":true,"_links":{"self":[{"href":"https:\/\/manrent.com.mx\/index.php?rest_route=\/wp\/v2\/product\/3132"}],"collection":[{"href":"https:\/\/manrent.com.mx\/index.php?rest_route=\/wp\/v2\/product"}],"about":[{"href":"https:\/\/manrent.com.mx\/index.php?rest_route=\/wp\/v2\/types\/product"}],"replies":[{"embeddable":true,"href":"https:\/\/manrent.com.mx\/index.php?rest_route=%2Fwp%2Fv2%2Fcomments&post=3132"}],"version-history":[{"count":1,"href":"https:\/\/manrent.com.mx\/index.php?rest_route=\/wp\/v2\/product\/3132\/revisions"}],"predecessor-version":[{"id":3134,"href":"https:\/\/manrent.com.mx\/index.php?rest_route=\/wp\/v2\/product\/3132\/revisions\/3134"}],"wp:featuredmedia":[{"embeddable":true,"href":"https:\/\/manrent.com.mx\/index.php?rest_route=\/wp\/v2\/media\/3133"}],"wp:attachment":[{"href":"https:\/\/manrent.com.mx\/index.php?rest_route=%2Fwp%2Fv2%2Fmedia&parent=3132"}],"wp:term":[{"taxonomy":"product_cat","embeddable":true,"href":"https:\/\/manrent.com.mx\/index.php?rest_route=%2Fwp%2Fv2%2Fproduct_cat&post=3132"},{"taxonomy":"product_tag","embeddable":true,"href":"https:\/\/manrent.com.mx\/index.php?rest_route=%2Fwp%2Fv2%2Fproduct_tag&post=3132"}],"curies":[{"name":"wp","href":"https:\/\/api.w.org\/{rel}","templated":true}]}}