{"id":3129,"date":"2023-03-16T20:44:51","date_gmt":"2023-03-17T02:44:51","guid":{"rendered":"https:\/\/manrent.com.mx\/?post_type=product&#038;p=3129"},"modified":"2023-04-26T18:29:36","modified_gmt":"2023-04-26T23:29:36","slug":"barredora-dt80ct","status":"publish","type":"product","link":"https:\/\/manrent.com.mx\/?product=barredora-dt80ct","title":{"rendered":"Barredora DT80CT"},"content":{"rendered":"<p>Marca SWEGA DE MEXICO<\/p>\n<p>Modelo DT80CT<\/p>\n<div class=\"ewa-rteLine\">Motor: Cummins 74 HP, 4 cilindros<\/div>\n<div class=\"ewa-rteLine\">Transmisi\u00f3n: Hidrost\u00e1tica de flujo variable, Caja de dos velocidades no sincronizadas, neutral y reversa<\/div>\n<div class=\"ewa-rteLine\">Tanque de Aceite Hidr\u00e1ulico 102 l.<\/div>\n<div class=\"ewa-rteLine\">Filtro de Aire para Motor<\/div>\n<div class=\"ewa-rteLine\">Para trabajo pesado con pre-filtro<\/div>\n<div class=\"ewa-rteLine\">Tanque para Combustible 140 l.<\/div>\n<div class=\"ewa-rteLine\">Chasis: Construcci\u00f3n de acero estructural reforzado<\/div>\n<div class=\"ewa-rteLine\">Ejes: Delantero para trabajo pesado y oscilante y Trasero para trabajo pesado muelles<\/div>\n<div class=\"ewa-rteLine\">Direcci\u00f3n: Completamente hidr\u00e1ulica, Radio de giro: 3.90 m<\/div>\n<div class=\"ewa-rteLine\">Frenos: De tambor en las cuatro ruedas con freno de estacionamiento<\/div>\n<div class=\"ewa-rteLine\">Llantas: ST225 \/ 75 R15<\/div>\n<div class=\"ewa-rteLine\">Cepillo: Polipropileno 10\u201d x 32\u201d, 32\u201d di\u00e1metro, 2.43m (96\u201d) ancho \u00fatil, Con cubierta met\u00e1lica de acero cal. 14<\/div>\n<div class=\"ewa-rteLine\">\u00c1ngulo de Barrido: Ajustable a 45\u00b0 hacia ambos lados<\/div>\n<div class=\"ewa-rteLine\">Accionamiento de Cepillo: Joystick para ajustar \u00e1ngulo, altura y velocidad de cepillo<\/div>\n<div class=\"ewa-rteLine\">Control de Polvo: 8 rociadores en el cepillo, Tanque de agua: 637 l, Bomba: 11.25 l\/min<\/div>\n<div class=\"ewa-rteLine\">Velocidad de Trabajo: Baja: 19.30 km\/h, Alta: 54.70 km\/h<\/div>\n<div class=\"ewa-rteLine\">Medidas de Embarque (alto x ancho x largo): 2.61 x 2.54 x 4.37 m, Peso: Peso: 2,616 kg<\/div>\n<div class=\"ewa-rteLine\">Seguridad: Alarma de reversa, Toldo, Espejo central, Freno de mano, Cintur\u00f3n de seguridad<\/div>\n<div class=\"ewa-rteLine\">Opciones: Cabina cerrada con aire acondicionado y calefacci\u00f3n, Espejos retrovisores, Kit de luces de circulaci\u00f3n, Cepillo lateral<\/div>\n","protected":false},"excerpt":{"rendered":"<p>Marca SWEGA DE MEXICO Modelo DT80CT Motor: Cummins 74 HP, 4 cilindros Transmisi\u00f3n: Hidrost\u00e1tica de flujo variable, Caja de dos velocidades no sincronizadas, neutral y reversa Tanque de Aceite Hidr\u00e1ulico 102 l. Filtro de Aire para Motor Para trabajo pesado con pre-filtro Tanque para Combustible 140 l. Chasis: Construcci\u00f3n de acero estructural reforzado Ejes: Delantero [&hellip;]<\/p>\n","protected":false},"featured_media":3285,"comment_status":"open","ping_status":"closed","template":"","meta":{"_eb_attr":"","site-sidebar-layout":"right-sidebar","site-content-layout":"default","ast-site-content-layout":"","site-content-style":"default","site-sidebar-style":"default","ast-global-header-display":"","ast-banner-title-visibility":"","ast-main-header-display":"","ast-hfb-above-header-display":"","ast-hfb-below-header-display":"","ast-hfb-mobile-header-display":"","site-post-title":"","ast-breadcrumbs-content":"","ast-featured-img":"","footer-sml-layout":"","theme-transparent-header-meta":"default","adv-header-id-meta":"","stick-header-meta":"","header-above-stick-meta":"","header-main-stick-meta":"","header-below-stick-meta":"","astra-migrate-meta-layouts":"default","ast-page-background-enabled":"default","ast-page-background-meta":{"desktop":{"background-color":"","background-image":"","background-repeat":"repeat","background-position":"center center","background-size":"auto","background-attachment":"scroll","background-type":"","background-media":"","overlay-type":"","overlay-color":"","overlay-opacity":"","overlay-gradient":""},"tablet":{"background-color":"","background-image":"","background-repeat":"repeat","background-position":"center center","background-size":"auto","background-attachment":"scroll","background-type":"","background-media":"","overlay-type":"","overlay-color":"","overlay-opacity":"","overlay-gradient":""},"mobile":{"background-color":"","background-image":"","background-repeat":"repeat","background-position":"center center","background-size":"auto","background-attachment":"scroll","background-type":"","background-media":"","overlay-type":"","overlay-color":"","overlay-opacity":"","overlay-gradient":""}},"ast-content-background-meta":{"desktop":{"background-color":"var(--ast-global-color-5)","background-image":"","background-repeat":"repeat","background-position":"center center","background-size":"auto","background-attachment":"scroll","background-type":"","background-media":"","overlay-type":"","overlay-color":"","overlay-opacity":"","overlay-gradient":""},"tablet":{"background-color":"var(--ast-global-color-5)","background-image":"","background-repeat":"repeat","background-position":"center center","background-size":"auto","background-attachment":"scroll","background-type":"","background-media":"","overlay-type":"","overlay-color":"","overlay-opacity":"","overlay-gradient":""},"mobile":{"background-color":"var(--ast-global-color-5)","background-image":"","background-repeat":"repeat","background-position":"center center","background-size":"auto","background-attachment":"scroll","background-type":"","background-media":"","overlay-type":"","overlay-color":"","overlay-opacity":"","overlay-gradient":""}},"_joinchat":[]},"product_cat":[49],"product_tag":[59,63,22,62],"yoast_head":"<!-- This site is optimized with the Yoast SEO plugin v21.8.1 - https:\/\/yoast.com\/wordpress\/plugins\/seo\/ -->\n<title>Barredora DT80CT - MANRENT<\/title>\n<meta name=\"robots\" content=\"index, follow, max-snippet:-1, max-image-preview:large, max-video-preview:-1\" \/>\n<link rel=\"canonical\" href=\"https:\/\/manrent.com.mx\/?product=barredora-dt80ct\" \/>\n<meta property=\"og:locale\" content=\"es_MX\" \/>\n<meta property=\"og:type\" content=\"article\" \/>\n<meta property=\"og:title\" content=\"Barredora DT80CT - MANRENT\" \/>\n<meta property=\"og:description\" content=\"Marca SWEGA DE MEXICO Modelo DT80CT Motor: Cummins 74 HP, 4 cilindros Transmisi\u00f3n: Hidrost\u00e1tica de flujo variable, Caja de dos velocidades no sincronizadas, neutral y reversa Tanque de Aceite Hidr\u00e1ulico 102 l. Filtro de Aire para Motor Para trabajo pesado con pre-filtro Tanque para Combustible 140 l. Chasis: Construcci\u00f3n de acero estructural reforzado Ejes: Delantero [&hellip;]\" \/>\n<meta property=\"og:url\" content=\"https:\/\/manrent.com.mx\/?product=barredora-dt80ct\" \/>\n<meta property=\"og:site_name\" content=\"MANRENT\" \/>\n<meta property=\"article:modified_time\" content=\"2023-04-26T23:29:36+00:00\" \/>\n<meta property=\"og:image\" content=\"https:\/\/manrent.com.mx\/wp-content\/uploads\/2023\/03\/barredora-DT80CT.jpg\" \/>\n\t<meta property=\"og:image:width\" content=\"1024\" \/>\n\t<meta property=\"og:image:height\" content=\"768\" \/>\n\t<meta property=\"og:image:type\" content=\"image\/jpeg\" \/>\n<meta name=\"twitter:card\" content=\"summary_large_image\" \/>\n<meta name=\"twitter:label1\" content=\"Tiempo de lectura\" \/>\n\t<meta name=\"twitter:data1\" content=\"1 minuto\" \/>\n<script type=\"application\/ld+json\" class=\"yoast-schema-graph\">{\"@context\":\"https:\/\/schema.org\",\"@graph\":[{\"@type\":\"WebPage\",\"@id\":\"https:\/\/manrent.com.mx\/?product=barredora-dt80ct\",\"url\":\"https:\/\/manrent.com.mx\/?product=barredora-dt80ct\",\"name\":\"Barredora DT80CT - MANRENT\",\"isPartOf\":{\"@id\":\"https:\/\/manrent.com.mx\/#website\"},\"datePublished\":\"2023-03-17T02:44:51+00:00\",\"dateModified\":\"2023-04-26T23:29:36+00:00\",\"breadcrumb\":{\"@id\":\"https:\/\/manrent.com.mx\/?product=barredora-dt80ct#breadcrumb\"},\"inLanguage\":\"es-MX\",\"potentialAction\":[{\"@type\":\"ReadAction\",\"target\":[\"https:\/\/manrent.com.mx\/?product=barredora-dt80ct\"]}]},{\"@type\":\"BreadcrumbList\",\"@id\":\"https:\/\/manrent.com.mx\/?product=barredora-dt80ct#breadcrumb\",\"itemListElement\":[{\"@type\":\"ListItem\",\"position\":1,\"name\":\"Inicio\",\"item\":\"https:\/\/manrent.com.mx\/\"},{\"@type\":\"ListItem\",\"position\":2,\"name\":\"Cat\u00e1logo de Productos\",\"item\":\"https:\/\/manrent.com.mx\/?page_id=3037\"},{\"@type\":\"ListItem\",\"position\":3,\"name\":\"Barredora DT80CT\"}]},{\"@type\":\"WebSite\",\"@id\":\"https:\/\/manrent.com.mx\/#website\",\"url\":\"https:\/\/manrent.com.mx\/\",\"name\":\"MANRENT\",\"description\":\"Renta de Maquinaria Pesada y Equipo\",\"publisher\":{\"@id\":\"https:\/\/manrent.com.mx\/#organization\"},\"potentialAction\":[{\"@type\":\"SearchAction\",\"target\":{\"@type\":\"EntryPoint\",\"urlTemplate\":\"https:\/\/manrent.com.mx\/?s={search_term_string}\"},\"query-input\":\"required name=search_term_string\"}],\"inLanguage\":\"es-MX\"},{\"@type\":\"Organization\",\"@id\":\"https:\/\/manrent.com.mx\/#organization\",\"name\":\"Manrent\",\"url\":\"https:\/\/manrent.com.mx\/\",\"logo\":{\"@type\":\"ImageObject\",\"inLanguage\":\"es-MX\",\"@id\":\"https:\/\/manrent.com.mx\/#\/schema\/logo\/image\/\",\"url\":\"https:\/\/manrent.com.mx\/wp-content\/uploads\/2020\/12\/LOGO-SIN-FONDO-NUEVO-2.png\",\"contentUrl\":\"https:\/\/manrent.com.mx\/wp-content\/uploads\/2020\/12\/LOGO-SIN-FONDO-NUEVO-2.png\",\"width\":262,\"height\":168,\"caption\":\"Manrent\"},\"image\":{\"@id\":\"https:\/\/manrent.com.mx\/#\/schema\/logo\/image\/\"}}]}<\/script>\n<!-- \/ Yoast SEO plugin. -->","yoast_head_json":{"title":"Barredora DT80CT - MANRENT","robots":{"index":"index","follow":"follow","max-snippet":"max-snippet:-1","max-image-preview":"max-image-preview:large","max-video-preview":"max-video-preview:-1"},"canonical":"https:\/\/manrent.com.mx\/?product=barredora-dt80ct","og_locale":"es_MX","og_type":"article","og_title":"Barredora DT80CT - MANRENT","og_description":"Marca SWEGA DE MEXICO Modelo DT80CT Motor: Cummins 74 HP, 4 cilindros Transmisi\u00f3n: Hidrost\u00e1tica de flujo variable, Caja de dos velocidades no sincronizadas, neutral y reversa Tanque de Aceite Hidr\u00e1ulico 102 l. Filtro de Aire para Motor Para trabajo pesado con pre-filtro Tanque para Combustible 140 l. Chasis: Construcci\u00f3n de acero estructural reforzado Ejes: Delantero [&hellip;]","og_url":"https:\/\/manrent.com.mx\/?product=barredora-dt80ct","og_site_name":"MANRENT","article_modified_time":"2023-04-26T23:29:36+00:00","og_image":[{"width":1024,"height":768,"url":"https:\/\/manrent.com.mx\/wp-content\/uploads\/2023\/03\/barredora-DT80CT.jpg","type":"image\/jpeg"}],"twitter_card":"summary_large_image","twitter_misc":{"Tiempo de lectura":"1 minuto"},"schema":{"@context":"https:\/\/schema.org","@graph":[{"@type":"WebPage","@id":"https:\/\/manrent.com.mx\/?product=barredora-dt80ct","url":"https:\/\/manrent.com.mx\/?product=barredora-dt80ct","name":"Barredora DT80CT - MANRENT","isPartOf":{"@id":"https:\/\/manrent.com.mx\/#website"},"datePublished":"2023-03-17T02:44:51+00:00","dateModified":"2023-04-26T23:29:36+00:00","breadcrumb":{"@id":"https:\/\/manrent.com.mx\/?product=barredora-dt80ct#breadcrumb"},"inLanguage":"es-MX","potentialAction":[{"@type":"ReadAction","target":["https:\/\/manrent.com.mx\/?product=barredora-dt80ct"]}]},{"@type":"BreadcrumbList","@id":"https:\/\/manrent.com.mx\/?product=barredora-dt80ct#breadcrumb","itemListElement":[{"@type":"ListItem","position":1,"name":"Inicio","item":"https:\/\/manrent.com.mx\/"},{"@type":"ListItem","position":2,"name":"Cat\u00e1logo de Productos","item":"https:\/\/manrent.com.mx\/?page_id=3037"},{"@type":"ListItem","position":3,"name":"Barredora DT80CT"}]},{"@type":"WebSite","@id":"https:\/\/manrent.com.mx\/#website","url":"https:\/\/manrent.com.mx\/","name":"MANRENT","description":"Renta de Maquinaria Pesada y Equipo","publisher":{"@id":"https:\/\/manrent.com.mx\/#organization"},"potentialAction":[{"@type":"SearchAction","target":{"@type":"EntryPoint","urlTemplate":"https:\/\/manrent.com.mx\/?s={search_term_string}"},"query-input":"required name=search_term_string"}],"inLanguage":"es-MX"},{"@type":"Organization","@id":"https:\/\/manrent.com.mx\/#organization","name":"Manrent","url":"https:\/\/manrent.com.mx\/","logo":{"@type":"ImageObject","inLanguage":"es-MX","@id":"https:\/\/manrent.com.mx\/#\/schema\/logo\/image\/","url":"https:\/\/manrent.com.mx\/wp-content\/uploads\/2020\/12\/LOGO-SIN-FONDO-NUEVO-2.png","contentUrl":"https:\/\/manrent.com.mx\/wp-content\/uploads\/2020\/12\/LOGO-SIN-FONDO-NUEVO-2.png","width":262,"height":168,"caption":"Manrent"},"image":{"@id":"https:\/\/manrent.com.mx\/#\/schema\/logo\/image\/"}}]}},"jetpack_sharing_enabled":true,"_links":{"self":[{"href":"https:\/\/manrent.com.mx\/index.php?rest_route=\/wp\/v2\/product\/3129"}],"collection":[{"href":"https:\/\/manrent.com.mx\/index.php?rest_route=\/wp\/v2\/product"}],"about":[{"href":"https:\/\/manrent.com.mx\/index.php?rest_route=\/wp\/v2\/types\/product"}],"replies":[{"embeddable":true,"href":"https:\/\/manrent.com.mx\/index.php?rest_route=%2Fwp%2Fv2%2Fcomments&post=3129"}],"version-history":[{"count":1,"href":"https:\/\/manrent.com.mx\/index.php?rest_route=\/wp\/v2\/product\/3129\/revisions"}],"predecessor-version":[{"id":3130,"href":"https:\/\/manrent.com.mx\/index.php?rest_route=\/wp\/v2\/product\/3129\/revisions\/3130"}],"wp:featuredmedia":[{"embeddable":true,"href":"https:\/\/manrent.com.mx\/index.php?rest_route=\/wp\/v2\/media\/3285"}],"wp:attachment":[{"href":"https:\/\/manrent.com.mx\/index.php?rest_route=%2Fwp%2Fv2%2Fmedia&parent=3129"}],"wp:term":[{"taxonomy":"product_cat","embeddable":true,"href":"https:\/\/manrent.com.mx\/index.php?rest_route=%2Fwp%2Fv2%2Fproduct_cat&post=3129"},{"taxonomy":"product_tag","embeddable":true,"href":"https:\/\/manrent.com.mx\/index.php?rest_route=%2Fwp%2Fv2%2Fproduct_tag&post=3129"}],"curies":[{"name":"wp","href":"https:\/\/api.w.org\/{rel}","templated":true}]}}