{"id":3117,"date":"2023-03-16T20:13:27","date_gmt":"2023-03-17T02:13:27","guid":{"rendered":"https:\/\/manrent.com.mx\/?post_type=product&#038;p=3117"},"modified":"2023-05-10T17:08:47","modified_gmt":"2023-05-10T22:08:47","slug":"retroexcavadora-310l-4x2","status":"publish","type":"product","link":"https:\/\/manrent.com.mx\/?product=retroexcavadora-310l-4x2","title":{"rendered":"Retroexcavadora 310L (4&#215;2)"},"content":{"rendered":"<p>Marca JOHN DEERE<\/p>\n<p>Modelo 310L (4&#215;2)<\/p>\n<div class=\"ewa-rteLine\">Fabricante y Modelo John Deere PowerTech\u2122<\/div>\n<div class=\"ewa-rteLine\">4045TBZ01 turbo alimentado<\/div>\n<div class=\"ewa-rteLine\">Cilindrada 4,5 l (276 in3) Potencia Bruta a Velocidad Nominal 63 kW (85 hp) a 2 200 rpm<\/div>\n<div class=\"ewa-rteLine\">Caja de la Transmisi\u00f3n 4 velocidades, engranajes de corte helicoidal, transmisi\u00f3n total PowerShift\u2122 con inversor hidr\u00e1ulico est\u00e1ndar; interruptor de desembrague el\u00e9ctrico en la palanca del cargador.<\/div>\n","protected":false},"excerpt":{"rendered":"<p>Marca JOHN DEERE Modelo 310L (4&#215;2) Fabricante y Modelo John Deere PowerTech\u2122 4045TBZ01 turbo alimentado Cilindrada 4,5 l (276 in3) Potencia Bruta a Velocidad Nominal 63 kW (85 hp) a 2 200 rpm Caja de la Transmisi\u00f3n 4 velocidades, engranajes de corte helicoidal, transmisi\u00f3n total PowerShift\u2122 con inversor hidr\u00e1ulico est\u00e1ndar; interruptor de desembrague el\u00e9ctrico en [&hellip;]<\/p>\n","protected":false},"featured_media":3373,"comment_status":"open","ping_status":"closed","template":"","meta":{"_eb_attr":"","site-sidebar-layout":"right-sidebar","site-content-layout":"default","ast-site-content-layout":"","site-content-style":"default","site-sidebar-style":"default","ast-global-header-display":"","ast-banner-title-visibility":"","ast-main-header-display":"","ast-hfb-above-header-display":"","ast-hfb-below-header-display":"","ast-hfb-mobile-header-display":"","site-post-title":"","ast-breadcrumbs-content":"","ast-featured-img":"","footer-sml-layout":"","theme-transparent-header-meta":"default","adv-header-id-meta":"","stick-header-meta":"","header-above-stick-meta":"","header-main-stick-meta":"","header-below-stick-meta":"","astra-migrate-meta-layouts":"default","ast-page-background-enabled":"default","ast-page-background-meta":{"desktop":{"background-color":"","background-image":"","background-repeat":"repeat","background-position":"center center","background-size":"auto","background-attachment":"scroll","background-type":"","background-media":"","overlay-type":"","overlay-color":"","overlay-opacity":"","overlay-gradient":""},"tablet":{"background-color":"","background-image":"","background-repeat":"repeat","background-position":"center center","background-size":"auto","background-attachment":"scroll","background-type":"","background-media":"","overlay-type":"","overlay-color":"","overlay-opacity":"","overlay-gradient":""},"mobile":{"background-color":"","background-image":"","background-repeat":"repeat","background-position":"center center","background-size":"auto","background-attachment":"scroll","background-type":"","background-media":"","overlay-type":"","overlay-color":"","overlay-opacity":"","overlay-gradient":""}},"ast-content-background-meta":{"desktop":{"background-color":"var(--ast-global-color-5)","background-image":"","background-repeat":"repeat","background-position":"center center","background-size":"auto","background-attachment":"scroll","background-type":"","background-media":"","overlay-type":"","overlay-color":"","overlay-opacity":"","overlay-gradient":""},"tablet":{"background-color":"var(--ast-global-color-5)","background-image":"","background-repeat":"repeat","background-position":"center center","background-size":"auto","background-attachment":"scroll","background-type":"","background-media":"","overlay-type":"","overlay-color":"","overlay-opacity":"","overlay-gradient":""},"mobile":{"background-color":"var(--ast-global-color-5)","background-image":"","background-repeat":"repeat","background-position":"center center","background-size":"auto","background-attachment":"scroll","background-type":"","background-media":"","overlay-type":"","overlay-color":"","overlay-opacity":"","overlay-gradient":""}},"_joinchat":[]},"product_cat":[24],"product_tag":[52,53],"yoast_head":"<!-- This site is optimized with the Yoast SEO plugin v21.8.1 - https:\/\/yoast.com\/wordpress\/plugins\/seo\/ -->\n<title>Retroexcavadora 310L (4x2) - MANRENT<\/title>\n<meta name=\"robots\" content=\"index, follow, max-snippet:-1, max-image-preview:large, max-video-preview:-1\" \/>\n<link rel=\"canonical\" href=\"https:\/\/manrent.com.mx\/?product=retroexcavadora-310l-4x2\" \/>\n<meta property=\"og:locale\" content=\"es_MX\" \/>\n<meta property=\"og:type\" content=\"article\" \/>\n<meta property=\"og:title\" content=\"Retroexcavadora 310L (4x2) - MANRENT\" \/>\n<meta property=\"og:description\" content=\"Marca JOHN DEERE Modelo 310L (4&#215;2) Fabricante y Modelo John Deere PowerTech\u2122 4045TBZ01 turbo alimentado Cilindrada 4,5 l (276 in3) Potencia Bruta a Velocidad Nominal 63 kW (85 hp) a 2 200 rpm Caja de la Transmisi\u00f3n 4 velocidades, engranajes de corte helicoidal, transmisi\u00f3n total PowerShift\u2122 con inversor hidr\u00e1ulico est\u00e1ndar; interruptor de desembrague el\u00e9ctrico en [&hellip;]\" \/>\n<meta property=\"og:url\" content=\"https:\/\/manrent.com.mx\/?product=retroexcavadora-310l-4x2\" \/>\n<meta property=\"og:site_name\" content=\"MANRENT\" \/>\n<meta property=\"article:modified_time\" content=\"2023-05-10T22:08:47+00:00\" \/>\n<meta property=\"og:image\" content=\"https:\/\/manrent.com.mx\/wp-content\/uploads\/2023\/03\/retroexcavadora-310L.jpg\" \/>\n\t<meta property=\"og:image:width\" content=\"1223\" \/>\n\t<meta property=\"og:image:height\" content=\"694\" \/>\n\t<meta property=\"og:image:type\" content=\"image\/jpeg\" \/>\n<meta name=\"twitter:card\" content=\"summary_large_image\" \/>\n<meta name=\"twitter:label1\" content=\"Tiempo de lectura\" \/>\n\t<meta name=\"twitter:data1\" content=\"1 minuto\" \/>\n<script type=\"application\/ld+json\" class=\"yoast-schema-graph\">{\"@context\":\"https:\/\/schema.org\",\"@graph\":[{\"@type\":\"WebPage\",\"@id\":\"https:\/\/manrent.com.mx\/?product=retroexcavadora-310l-4x2\",\"url\":\"https:\/\/manrent.com.mx\/?product=retroexcavadora-310l-4x2\",\"name\":\"Retroexcavadora 310L (4x2) - MANRENT\",\"isPartOf\":{\"@id\":\"https:\/\/manrent.com.mx\/#website\"},\"datePublished\":\"2023-03-17T02:13:27+00:00\",\"dateModified\":\"2023-05-10T22:08:47+00:00\",\"breadcrumb\":{\"@id\":\"https:\/\/manrent.com.mx\/?product=retroexcavadora-310l-4x2#breadcrumb\"},\"inLanguage\":\"es-MX\",\"potentialAction\":[{\"@type\":\"ReadAction\",\"target\":[\"https:\/\/manrent.com.mx\/?product=retroexcavadora-310l-4x2\"]}]},{\"@type\":\"BreadcrumbList\",\"@id\":\"https:\/\/manrent.com.mx\/?product=retroexcavadora-310l-4x2#breadcrumb\",\"itemListElement\":[{\"@type\":\"ListItem\",\"position\":1,\"name\":\"Inicio\",\"item\":\"https:\/\/manrent.com.mx\/\"},{\"@type\":\"ListItem\",\"position\":2,\"name\":\"Cat\u00e1logo de Productos\",\"item\":\"https:\/\/manrent.com.mx\/?page_id=3037\"},{\"@type\":\"ListItem\",\"position\":3,\"name\":\"Retroexcavadora 310L (4&#215;2)\"}]},{\"@type\":\"WebSite\",\"@id\":\"https:\/\/manrent.com.mx\/#website\",\"url\":\"https:\/\/manrent.com.mx\/\",\"name\":\"MANRENT\",\"description\":\"Renta de Maquinaria Pesada y Equipo\",\"publisher\":{\"@id\":\"https:\/\/manrent.com.mx\/#organization\"},\"potentialAction\":[{\"@type\":\"SearchAction\",\"target\":{\"@type\":\"EntryPoint\",\"urlTemplate\":\"https:\/\/manrent.com.mx\/?s={search_term_string}\"},\"query-input\":\"required name=search_term_string\"}],\"inLanguage\":\"es-MX\"},{\"@type\":\"Organization\",\"@id\":\"https:\/\/manrent.com.mx\/#organization\",\"name\":\"Manrent\",\"url\":\"https:\/\/manrent.com.mx\/\",\"logo\":{\"@type\":\"ImageObject\",\"inLanguage\":\"es-MX\",\"@id\":\"https:\/\/manrent.com.mx\/#\/schema\/logo\/image\/\",\"url\":\"https:\/\/manrent.com.mx\/wp-content\/uploads\/2020\/12\/LOGO-SIN-FONDO-NUEVO-2.png\",\"contentUrl\":\"https:\/\/manrent.com.mx\/wp-content\/uploads\/2020\/12\/LOGO-SIN-FONDO-NUEVO-2.png\",\"width\":262,\"height\":168,\"caption\":\"Manrent\"},\"image\":{\"@id\":\"https:\/\/manrent.com.mx\/#\/schema\/logo\/image\/\"}}]}<\/script>\n<!-- \/ Yoast SEO plugin. -->","yoast_head_json":{"title":"Retroexcavadora 310L (4x2) - MANRENT","robots":{"index":"index","follow":"follow","max-snippet":"max-snippet:-1","max-image-preview":"max-image-preview:large","max-video-preview":"max-video-preview:-1"},"canonical":"https:\/\/manrent.com.mx\/?product=retroexcavadora-310l-4x2","og_locale":"es_MX","og_type":"article","og_title":"Retroexcavadora 310L (4x2) - MANRENT","og_description":"Marca JOHN DEERE Modelo 310L (4&#215;2) Fabricante y Modelo John Deere PowerTech\u2122 4045TBZ01 turbo alimentado Cilindrada 4,5 l (276 in3) Potencia Bruta a Velocidad Nominal 63 kW (85 hp) a 2 200 rpm Caja de la Transmisi\u00f3n 4 velocidades, engranajes de corte helicoidal, transmisi\u00f3n total PowerShift\u2122 con inversor hidr\u00e1ulico est\u00e1ndar; interruptor de desembrague el\u00e9ctrico en [&hellip;]","og_url":"https:\/\/manrent.com.mx\/?product=retroexcavadora-310l-4x2","og_site_name":"MANRENT","article_modified_time":"2023-05-10T22:08:47+00:00","og_image":[{"width":1223,"height":694,"url":"https:\/\/manrent.com.mx\/wp-content\/uploads\/2023\/03\/retroexcavadora-310L.jpg","type":"image\/jpeg"}],"twitter_card":"summary_large_image","twitter_misc":{"Tiempo de lectura":"1 minuto"},"schema":{"@context":"https:\/\/schema.org","@graph":[{"@type":"WebPage","@id":"https:\/\/manrent.com.mx\/?product=retroexcavadora-310l-4x2","url":"https:\/\/manrent.com.mx\/?product=retroexcavadora-310l-4x2","name":"Retroexcavadora 310L (4x2) - MANRENT","isPartOf":{"@id":"https:\/\/manrent.com.mx\/#website"},"datePublished":"2023-03-17T02:13:27+00:00","dateModified":"2023-05-10T22:08:47+00:00","breadcrumb":{"@id":"https:\/\/manrent.com.mx\/?product=retroexcavadora-310l-4x2#breadcrumb"},"inLanguage":"es-MX","potentialAction":[{"@type":"ReadAction","target":["https:\/\/manrent.com.mx\/?product=retroexcavadora-310l-4x2"]}]},{"@type":"BreadcrumbList","@id":"https:\/\/manrent.com.mx\/?product=retroexcavadora-310l-4x2#breadcrumb","itemListElement":[{"@type":"ListItem","position":1,"name":"Inicio","item":"https:\/\/manrent.com.mx\/"},{"@type":"ListItem","position":2,"name":"Cat\u00e1logo de Productos","item":"https:\/\/manrent.com.mx\/?page_id=3037"},{"@type":"ListItem","position":3,"name":"Retroexcavadora 310L (4&#215;2)"}]},{"@type":"WebSite","@id":"https:\/\/manrent.com.mx\/#website","url":"https:\/\/manrent.com.mx\/","name":"MANRENT","description":"Renta de Maquinaria Pesada y Equipo","publisher":{"@id":"https:\/\/manrent.com.mx\/#organization"},"potentialAction":[{"@type":"SearchAction","target":{"@type":"EntryPoint","urlTemplate":"https:\/\/manrent.com.mx\/?s={search_term_string}"},"query-input":"required name=search_term_string"}],"inLanguage":"es-MX"},{"@type":"Organization","@id":"https:\/\/manrent.com.mx\/#organization","name":"Manrent","url":"https:\/\/manrent.com.mx\/","logo":{"@type":"ImageObject","inLanguage":"es-MX","@id":"https:\/\/manrent.com.mx\/#\/schema\/logo\/image\/","url":"https:\/\/manrent.com.mx\/wp-content\/uploads\/2020\/12\/LOGO-SIN-FONDO-NUEVO-2.png","contentUrl":"https:\/\/manrent.com.mx\/wp-content\/uploads\/2020\/12\/LOGO-SIN-FONDO-NUEVO-2.png","width":262,"height":168,"caption":"Manrent"},"image":{"@id":"https:\/\/manrent.com.mx\/#\/schema\/logo\/image\/"}}]}},"jetpack_sharing_enabled":true,"_links":{"self":[{"href":"https:\/\/manrent.com.mx\/index.php?rest_route=\/wp\/v2\/product\/3117"}],"collection":[{"href":"https:\/\/manrent.com.mx\/index.php?rest_route=\/wp\/v2\/product"}],"about":[{"href":"https:\/\/manrent.com.mx\/index.php?rest_route=\/wp\/v2\/types\/product"}],"replies":[{"embeddable":true,"href":"https:\/\/manrent.com.mx\/index.php?rest_route=%2Fwp%2Fv2%2Fcomments&post=3117"}],"version-history":[{"count":1,"href":"https:\/\/manrent.com.mx\/index.php?rest_route=\/wp\/v2\/product\/3117\/revisions"}],"predecessor-version":[{"id":3118,"href":"https:\/\/manrent.com.mx\/index.php?rest_route=\/wp\/v2\/product\/3117\/revisions\/3118"}],"wp:featuredmedia":[{"embeddable":true,"href":"https:\/\/manrent.com.mx\/index.php?rest_route=\/wp\/v2\/media\/3373"}],"wp:attachment":[{"href":"https:\/\/manrent.com.mx\/index.php?rest_route=%2Fwp%2Fv2%2Fmedia&parent=3117"}],"wp:term":[{"taxonomy":"product_cat","embeddable":true,"href":"https:\/\/manrent.com.mx\/index.php?rest_route=%2Fwp%2Fv2%2Fproduct_cat&post=3117"},{"taxonomy":"product_tag","embeddable":true,"href":"https:\/\/manrent.com.mx\/index.php?rest_route=%2Fwp%2Fv2%2Fproduct_tag&post=3117"}],"curies":[{"name":"wp","href":"https:\/\/api.w.org\/{rel}","templated":true}]}}