{"id":3115,"date":"2023-03-16T20:07:10","date_gmt":"2023-03-17T02:07:10","guid":{"rendered":"https:\/\/manrent.com.mx\/?post_type=product&#038;p=3115"},"modified":"2023-04-28T13:02:14","modified_gmt":"2023-04-28T18:02:14","slug":"martillo-hidraulico-ret-hp-1000-fs","status":"publish","type":"product","link":"https:\/\/manrent.com.mx\/?product=martillo-hidraulico-ret-hp-1000-fs","title":{"rendered":"Martillo Hidr\u00e1ulico RET HP 1000 FS"},"content":{"rendered":"<p>Marca INDECO<\/p>\n<p>Modelo HP 1000 FS<\/p>\n<div class=\"ewa-rteLine\">Peso maquina 3,5 \u00f7 10,5 ton<\/div>\n<div class=\"ewa-rteLine\">Peso Martillo 390 \u00f7 340 Kg<\/div>\n<div class=\"ewa-rteLine\">Diametro Herramienta 75 mm<\/div>\n<div class=\"ewa-rteLine\">Presion regulada 170 bar<\/div>\n<div class=\"ewa-rteLine\">Presion de retorno 11 bar<\/div>\n<div class=\"ewa-rteLine\">Clase energ\u00eda por golpe 720 joule<\/div>\n<div class=\"ewa-rteLine\">N\u00famero de golpes 600 \u00f71340 n\/min<\/div>\n","protected":false},"excerpt":{"rendered":"<p>Marca INDECO Modelo HP 1000 FS Peso maquina 3,5 \u00f7 10,5 ton Peso Martillo 390 \u00f7 340 Kg Diametro Herramienta 75 mm Presion regulada 170 bar Presion de retorno 11 bar Clase energ\u00eda por golpe 720 joule N\u00famero de golpes 600 \u00f71340 n\/min<\/p>\n","protected":false},"featured_media":3362,"comment_status":"open","ping_status":"closed","template":"","meta":{"_eb_attr":"","site-sidebar-layout":"right-sidebar","site-content-layout":"default","ast-site-content-layout":"","site-content-style":"default","site-sidebar-style":"default","ast-global-header-display":"","ast-banner-title-visibility":"","ast-main-header-display":"","ast-hfb-above-header-display":"","ast-hfb-below-header-display":"","ast-hfb-mobile-header-display":"","site-post-title":"","ast-breadcrumbs-content":"","ast-featured-img":"","footer-sml-layout":"","theme-transparent-header-meta":"default","adv-header-id-meta":"","stick-header-meta":"","header-above-stick-meta":"","header-main-stick-meta":"","header-below-stick-meta":"","astra-migrate-meta-layouts":"default","ast-page-background-enabled":"default","ast-page-background-meta":{"desktop":{"background-color":"","background-image":"","background-repeat":"repeat","background-position":"center center","background-size":"auto","background-attachment":"scroll","background-type":"","background-media":"","overlay-type":"","overlay-color":"","overlay-opacity":"","overlay-gradient":""},"tablet":{"background-color":"","background-image":"","background-repeat":"repeat","background-position":"center center","background-size":"auto","background-attachment":"scroll","background-type":"","background-media":"","overlay-type":"","overlay-color":"","overlay-opacity":"","overlay-gradient":""},"mobile":{"background-color":"","background-image":"","background-repeat":"repeat","background-position":"center center","background-size":"auto","background-attachment":"scroll","background-type":"","background-media":"","overlay-type":"","overlay-color":"","overlay-opacity":"","overlay-gradient":""}},"ast-content-background-meta":{"desktop":{"background-color":"var(--ast-global-color-5)","background-image":"","background-repeat":"repeat","background-position":"center center","background-size":"auto","background-attachment":"scroll","background-type":"","background-media":"","overlay-type":"","overlay-color":"","overlay-opacity":"","overlay-gradient":""},"tablet":{"background-color":"var(--ast-global-color-5)","background-image":"","background-repeat":"repeat","background-position":"center center","background-size":"auto","background-attachment":"scroll","background-type":"","background-media":"","overlay-type":"","overlay-color":"","overlay-opacity":"","overlay-gradient":""},"mobile":{"background-color":"var(--ast-global-color-5)","background-image":"","background-repeat":"repeat","background-position":"center center","background-size":"auto","background-attachment":"scroll","background-type":"","background-media":"","overlay-type":"","overlay-color":"","overlay-opacity":"","overlay-gradient":""}},"_joinchat":[]},"product_cat":[24],"product_tag":[51,46,50],"yoast_head":"<!-- This site is optimized with the Yoast SEO plugin v21.8.1 - https:\/\/yoast.com\/wordpress\/plugins\/seo\/ -->\n<title>Martillo Hidr\u00e1ulico RET HP 1000 FS - MANRENT<\/title>\n<meta name=\"robots\" content=\"index, follow, max-snippet:-1, max-image-preview:large, max-video-preview:-1\" \/>\n<link rel=\"canonical\" href=\"https:\/\/manrent.com.mx\/?product=martillo-hidraulico-ret-hp-1000-fs\" \/>\n<meta property=\"og:locale\" content=\"es_MX\" \/>\n<meta property=\"og:type\" content=\"article\" \/>\n<meta property=\"og:title\" content=\"Martillo Hidr\u00e1ulico RET HP 1000 FS - MANRENT\" \/>\n<meta property=\"og:description\" content=\"Marca INDECO Modelo HP 1000 FS Peso maquina 3,5 \u00f7 10,5 ton Peso Martillo 390 \u00f7 340 Kg Diametro Herramienta 75 mm Presion regulada 170 bar Presion de retorno 11 bar Clase energ\u00eda por golpe 720 joule N\u00famero de golpes 600 \u00f71340 n\/min\" \/>\n<meta property=\"og:url\" content=\"https:\/\/manrent.com.mx\/?product=martillo-hidraulico-ret-hp-1000-fs\" \/>\n<meta property=\"og:site_name\" content=\"MANRENT\" \/>\n<meta property=\"article:modified_time\" content=\"2023-04-28T18:02:14+00:00\" \/>\n<meta property=\"og:image\" content=\"https:\/\/manrent.com.mx\/wp-content\/uploads\/2023\/03\/martillo-hidraulico-HP-1000FS.jpg\" \/>\n\t<meta property=\"og:image:width\" content=\"768\" \/>\n\t<meta property=\"og:image:height\" content=\"1024\" \/>\n\t<meta property=\"og:image:type\" content=\"image\/jpeg\" \/>\n<meta name=\"twitter:card\" content=\"summary_large_image\" \/>\n<meta name=\"twitter:label1\" content=\"Tiempo de lectura\" \/>\n\t<meta name=\"twitter:data1\" content=\"1 minuto\" \/>\n<script type=\"application\/ld+json\" class=\"yoast-schema-graph\">{\"@context\":\"https:\/\/schema.org\",\"@graph\":[{\"@type\":\"WebPage\",\"@id\":\"https:\/\/manrent.com.mx\/?product=martillo-hidraulico-ret-hp-1000-fs\",\"url\":\"https:\/\/manrent.com.mx\/?product=martillo-hidraulico-ret-hp-1000-fs\",\"name\":\"Martillo Hidr\u00e1ulico RET HP 1000 FS - MANRENT\",\"isPartOf\":{\"@id\":\"https:\/\/manrent.com.mx\/#website\"},\"datePublished\":\"2023-03-17T02:07:10+00:00\",\"dateModified\":\"2023-04-28T18:02:14+00:00\",\"breadcrumb\":{\"@id\":\"https:\/\/manrent.com.mx\/?product=martillo-hidraulico-ret-hp-1000-fs#breadcrumb\"},\"inLanguage\":\"es-MX\",\"potentialAction\":[{\"@type\":\"ReadAction\",\"target\":[\"https:\/\/manrent.com.mx\/?product=martillo-hidraulico-ret-hp-1000-fs\"]}]},{\"@type\":\"BreadcrumbList\",\"@id\":\"https:\/\/manrent.com.mx\/?product=martillo-hidraulico-ret-hp-1000-fs#breadcrumb\",\"itemListElement\":[{\"@type\":\"ListItem\",\"position\":1,\"name\":\"Inicio\",\"item\":\"https:\/\/manrent.com.mx\/\"},{\"@type\":\"ListItem\",\"position\":2,\"name\":\"Cat\u00e1logo de Productos\",\"item\":\"https:\/\/manrent.com.mx\/?page_id=3037\"},{\"@type\":\"ListItem\",\"position\":3,\"name\":\"Martillo Hidr\u00e1ulico RET HP 1000 FS\"}]},{\"@type\":\"WebSite\",\"@id\":\"https:\/\/manrent.com.mx\/#website\",\"url\":\"https:\/\/manrent.com.mx\/\",\"name\":\"MANRENT\",\"description\":\"Renta de Maquinaria Pesada y Equipo\",\"publisher\":{\"@id\":\"https:\/\/manrent.com.mx\/#organization\"},\"potentialAction\":[{\"@type\":\"SearchAction\",\"target\":{\"@type\":\"EntryPoint\",\"urlTemplate\":\"https:\/\/manrent.com.mx\/?s={search_term_string}\"},\"query-input\":\"required name=search_term_string\"}],\"inLanguage\":\"es-MX\"},{\"@type\":\"Organization\",\"@id\":\"https:\/\/manrent.com.mx\/#organization\",\"name\":\"Manrent\",\"url\":\"https:\/\/manrent.com.mx\/\",\"logo\":{\"@type\":\"ImageObject\",\"inLanguage\":\"es-MX\",\"@id\":\"https:\/\/manrent.com.mx\/#\/schema\/logo\/image\/\",\"url\":\"https:\/\/manrent.com.mx\/wp-content\/uploads\/2020\/12\/LOGO-SIN-FONDO-NUEVO-2.png\",\"contentUrl\":\"https:\/\/manrent.com.mx\/wp-content\/uploads\/2020\/12\/LOGO-SIN-FONDO-NUEVO-2.png\",\"width\":262,\"height\":168,\"caption\":\"Manrent\"},\"image\":{\"@id\":\"https:\/\/manrent.com.mx\/#\/schema\/logo\/image\/\"}}]}<\/script>\n<!-- \/ Yoast SEO plugin. -->","yoast_head_json":{"title":"Martillo Hidr\u00e1ulico RET HP 1000 FS - MANRENT","robots":{"index":"index","follow":"follow","max-snippet":"max-snippet:-1","max-image-preview":"max-image-preview:large","max-video-preview":"max-video-preview:-1"},"canonical":"https:\/\/manrent.com.mx\/?product=martillo-hidraulico-ret-hp-1000-fs","og_locale":"es_MX","og_type":"article","og_title":"Martillo Hidr\u00e1ulico RET HP 1000 FS - MANRENT","og_description":"Marca INDECO Modelo HP 1000 FS Peso maquina 3,5 \u00f7 10,5 ton Peso Martillo 390 \u00f7 340 Kg Diametro Herramienta 75 mm Presion regulada 170 bar Presion de retorno 11 bar Clase energ\u00eda por golpe 720 joule N\u00famero de golpes 600 \u00f71340 n\/min","og_url":"https:\/\/manrent.com.mx\/?product=martillo-hidraulico-ret-hp-1000-fs","og_site_name":"MANRENT","article_modified_time":"2023-04-28T18:02:14+00:00","og_image":[{"width":768,"height":1024,"url":"https:\/\/manrent.com.mx\/wp-content\/uploads\/2023\/03\/martillo-hidraulico-HP-1000FS.jpg","type":"image\/jpeg"}],"twitter_card":"summary_large_image","twitter_misc":{"Tiempo de lectura":"1 minuto"},"schema":{"@context":"https:\/\/schema.org","@graph":[{"@type":"WebPage","@id":"https:\/\/manrent.com.mx\/?product=martillo-hidraulico-ret-hp-1000-fs","url":"https:\/\/manrent.com.mx\/?product=martillo-hidraulico-ret-hp-1000-fs","name":"Martillo Hidr\u00e1ulico RET HP 1000 FS - MANRENT","isPartOf":{"@id":"https:\/\/manrent.com.mx\/#website"},"datePublished":"2023-03-17T02:07:10+00:00","dateModified":"2023-04-28T18:02:14+00:00","breadcrumb":{"@id":"https:\/\/manrent.com.mx\/?product=martillo-hidraulico-ret-hp-1000-fs#breadcrumb"},"inLanguage":"es-MX","potentialAction":[{"@type":"ReadAction","target":["https:\/\/manrent.com.mx\/?product=martillo-hidraulico-ret-hp-1000-fs"]}]},{"@type":"BreadcrumbList","@id":"https:\/\/manrent.com.mx\/?product=martillo-hidraulico-ret-hp-1000-fs#breadcrumb","itemListElement":[{"@type":"ListItem","position":1,"name":"Inicio","item":"https:\/\/manrent.com.mx\/"},{"@type":"ListItem","position":2,"name":"Cat\u00e1logo de Productos","item":"https:\/\/manrent.com.mx\/?page_id=3037"},{"@type":"ListItem","position":3,"name":"Martillo Hidr\u00e1ulico RET HP 1000 FS"}]},{"@type":"WebSite","@id":"https:\/\/manrent.com.mx\/#website","url":"https:\/\/manrent.com.mx\/","name":"MANRENT","description":"Renta de Maquinaria Pesada y Equipo","publisher":{"@id":"https:\/\/manrent.com.mx\/#organization"},"potentialAction":[{"@type":"SearchAction","target":{"@type":"EntryPoint","urlTemplate":"https:\/\/manrent.com.mx\/?s={search_term_string}"},"query-input":"required name=search_term_string"}],"inLanguage":"es-MX"},{"@type":"Organization","@id":"https:\/\/manrent.com.mx\/#organization","name":"Manrent","url":"https:\/\/manrent.com.mx\/","logo":{"@type":"ImageObject","inLanguage":"es-MX","@id":"https:\/\/manrent.com.mx\/#\/schema\/logo\/image\/","url":"https:\/\/manrent.com.mx\/wp-content\/uploads\/2020\/12\/LOGO-SIN-FONDO-NUEVO-2.png","contentUrl":"https:\/\/manrent.com.mx\/wp-content\/uploads\/2020\/12\/LOGO-SIN-FONDO-NUEVO-2.png","width":262,"height":168,"caption":"Manrent"},"image":{"@id":"https:\/\/manrent.com.mx\/#\/schema\/logo\/image\/"}}]}},"jetpack_sharing_enabled":true,"_links":{"self":[{"href":"https:\/\/manrent.com.mx\/index.php?rest_route=\/wp\/v2\/product\/3115"}],"collection":[{"href":"https:\/\/manrent.com.mx\/index.php?rest_route=\/wp\/v2\/product"}],"about":[{"href":"https:\/\/manrent.com.mx\/index.php?rest_route=\/wp\/v2\/types\/product"}],"replies":[{"embeddable":true,"href":"https:\/\/manrent.com.mx\/index.php?rest_route=%2Fwp%2Fv2%2Fcomments&post=3115"}],"version-history":[{"count":1,"href":"https:\/\/manrent.com.mx\/index.php?rest_route=\/wp\/v2\/product\/3115\/revisions"}],"predecessor-version":[{"id":3116,"href":"https:\/\/manrent.com.mx\/index.php?rest_route=\/wp\/v2\/product\/3115\/revisions\/3116"}],"wp:featuredmedia":[{"embeddable":true,"href":"https:\/\/manrent.com.mx\/index.php?rest_route=\/wp\/v2\/media\/3362"}],"wp:attachment":[{"href":"https:\/\/manrent.com.mx\/index.php?rest_route=%2Fwp%2Fv2%2Fmedia&parent=3115"}],"wp:term":[{"taxonomy":"product_cat","embeddable":true,"href":"https:\/\/manrent.com.mx\/index.php?rest_route=%2Fwp%2Fv2%2Fproduct_cat&post=3115"},{"taxonomy":"product_tag","embeddable":true,"href":"https:\/\/manrent.com.mx\/index.php?rest_route=%2Fwp%2Fv2%2Fproduct_tag&post=3115"}],"curies":[{"name":"wp","href":"https:\/\/api.w.org\/{rel}","templated":true}]}}